{"id":2983,"date":"2023-05-05T11:00:56","date_gmt":"2023-05-05T11:00:56","guid":{"rendered":"https:\/\/rpdetectives.com\/poblaciones\/"},"modified":"2024-01-10T14:01:51","modified_gmt":"2024-01-10T14:01:51","slug":"poblaciones","status":"publish","type":"page","link":"https:\/\/rpdetectives.com\/ca\/poblaciones\/","title":{"rendered":"Poblacions"},"content":{"rendered":"\n<style type=\"text\/css\" data-created_by=\"avia_inline_auto\" id=\"style-css-av-8m1dt-46f2461919a74481b21cea3faaad3c75\">\n.avia-section.av-8m1dt-46f2461919a74481b21cea3faaad3c75{\nbackground-repeat:no-repeat;\nbackground-image:url(https:\/\/rpdetectives.com\/wp-content\/uploads\/2023\/05\/t-ratio_default_0.jpg);\nbackground-position:50% 50%;\nbackground-attachment:fixed;\n}\n.avia-section.av-8m1dt-46f2461919a74481b21cea3faaad3c75 .av-section-color-overlay{\nopacity:0.4;\nbackground-color:#000000;\n}\n<\/style>\n<div id='av_section_1'  class='avia-section av-8m1dt-46f2461919a74481b21cea3faaad3c75 main_color avia-section-default avia-no-border-styling  avia-builder-el-0  el_before_av_one_half  avia-builder-el-first  avia-full-stretch avia-bg-style-fixed av-section-color-overlay-active av-minimum-height av-minimum-height-50 av-height-50  container_wrap fullsize'  data-section-bg-repeat='stretch' data-av_minimum_height_pc='50' data-av_min_height_opt='50'><div class=\"av-section-color-overlay-wrap\"><div class=\"av-section-color-overlay\"><\/div><div class='container av-section-cont-open' ><main  role=\"main\" itemprop=\"mainContentOfPage\"  class='template-page content  av-content-full alpha units'><div class='post-entry post-entry-type-page post-entry-2983'><div class='entry-content-wrapper clearfix'>\n<div  class='flex_column av-862m5-fe44a9c6ba68623fa34766b2846ca749 av_one_full  avia-builder-el-1  avia-builder-el-no-sibling  first flex_column_div  '     ><style type=\"text\/css\" data-created_by=\"avia_inline_auto\" id=\"style-css-av-liskne32-e6d5aabb9d9a1341adb5405215394d7a\">\n#top .av-special-heading.av-liskne32-e6d5aabb9d9a1341adb5405215394d7a{\npadding-bottom:10px;\ncolor:#ffffff;\n}\nbody .av-special-heading.av-liskne32-e6d5aabb9d9a1341adb5405215394d7a .av-special-heading-tag .heading-char{\nfont-size:25px;\n}\n.av-special-heading.av-liskne32-e6d5aabb9d9a1341adb5405215394d7a .special-heading-inner-border{\nborder-color:#ffffff;\n}\n.av-special-heading.av-liskne32-e6d5aabb9d9a1341adb5405215394d7a .av-subheading{\nfont-size:15px;\n}\n<\/style>\n<div  class='av-special-heading av-liskne32-e6d5aabb9d9a1341adb5405215394d7a av-special-heading-h1 custom-color-heading blockquote modern-quote modern-centered  avia-builder-el-2  avia-builder-el-no-sibling '><h1 class='av-special-heading-tag '  itemprop=\"headline\"  >Serveis de Recerca i Seguretat<\/h1><div class='av_custom_color av-subheading av-subheading_below'><p>a Espanya (excepte Ceuta i Melilla) | R&amp;P Detectius Associats S.L.<\/p>\n<\/div><div class=\"special-heading-border\"><div class=\"special-heading-inner-border\"><\/div><\/div><\/div><\/div><\/div><\/div><\/main><!-- close content main element --><\/div><\/div><\/div><div id='after_section_1'  class='main_color av_default_container_wrap container_wrap fullsize'  ><div class='container av-section-cont-open' ><div class='template-page content  av-content-full alpha units'><div class='post-entry post-entry-type-page post-entry-2983'><div class='entry-content-wrapper clearfix'><div  class='flex_column av-7gw21-3104f845e68df136c2fc98220b3d33be av_one_half  avia-builder-el-3  el_after_av_section  el_before_av_one_half  avia-builder-el-first  first flex_column_div  '     ><p>\n<style type=\"text\/css\" data-created_by=\"avia_inline_auto\" id=\"style-css-av-liskr9nh-a3e8e0d643dc73256e0de7bc4895b3f5\">\n#top .av-special-heading.av-liskr9nh-a3e8e0d643dc73256e0de7bc4895b3f5{\npadding-bottom:10px;\n}\nbody .av-special-heading.av-liskr9nh-a3e8e0d643dc73256e0de7bc4895b3f5 .av-special-heading-tag .heading-char{\nfont-size:25px;\n}\n.av-special-heading.av-liskr9nh-a3e8e0d643dc73256e0de7bc4895b3f5 .av-subheading{\nfont-size:15px;\n}\n<\/style>\n<div  class='av-special-heading av-liskr9nh-a3e8e0d643dc73256e0de7bc4895b3f5 av-special-heading-h2 blockquote modern-quote  avia-builder-el-4  el_before_av_hr  avia-builder-el-first '><h2 class='av-special-heading-tag '  itemprop=\"headline\"  >RP Detectives privats per tot el territori nacional<\/h2><div class=\"special-heading-border\"><div class=\"special-heading-inner-border\"><\/div><\/div><\/div><br \/>\n\n<style type=\"text\/css\" data-created_by=\"avia_inline_auto\" id=\"style-css-av-714rt-72874ea791d70dae6a1105f5e47a1df8\">\n#top .hr.av-714rt-72874ea791d70dae6a1105f5e47a1df8{\nmargin-top:30px;\nmargin-bottom:30px;\n}\n.hr.av-714rt-72874ea791d70dae6a1105f5e47a1df8 .hr-inner{\nwidth:70px;\nborder-color:#3b5f78;\n}\n<\/style>\n<div  class='hr av-714rt-72874ea791d70dae6a1105f5e47a1df8 hr-custom  avia-builder-el-5  el_after_av_heading  el_before_av_textblock  hr-left hr-icon-no'><span class='hr-inner inner-border-av-border-fat'><span class=\"hr-inner-style\"><\/span><\/span><\/div><br \/>\n<section  class='av_textblock_section av-liskqnqx-a3c2c4efc78244707115e9e7e4b71c9a '   itemscope=\"itemscope\" itemtype=\"https:\/\/schema.org\/CreativeWork\" ><div class='avia_textblock'  itemprop=\"text\" ><p>RP Detectives Associats S.L. \u00e9s una empresa de recerca i seguretat amb cobertura <strong>a tot Espanya i ofereix serveis de protecci\u00f3 i obtenci\u00f3 d&#8217;informaci\u00f3 fiable i precisa.<\/strong><\/p>\n<p>El nostre equip d&#8217;experts est\u00e0 comprom\u00e8s a oferir solucions professionals als nostres clients, ajudant-los a protegir els seus interessos i obtenir la veritat que necessiten. Treballem incansablement per garantir la confidencialitat i la discreci\u00f3 en cada cas, utilitzant t\u00e8cniques avan\u00e7ades i tecnologia d&#8217;avantguarda.<\/p>\n<p>Si busques serveis de recerca fiables a Espanya, excepte a Ceuta i Melilla, RP Detectives Associats S.L. \u00e9s la teva elecci\u00f3 de confian\u00e7a.<\/p>\n<\/div><\/section><\/p><\/div><div  class='flex_column av-640px-3360d7bd37161944babf240360868da5 av_one_half  avia-builder-el-7  el_after_av_one_half  el_before_av_section  avia-builder-el-last  flex_column_div  '     ><style type=\"text\/css\" data-created_by=\"avia_inline_auto\" id=\"style-css-av-liskwwec-34bbd48eb0bf158cd0ce419d15a27317\">\n.avia-image-container.av-liskwwec-34bbd48eb0bf158cd0ce419d15a27317 img.avia_image{\nbox-shadow:none;\n}\n.avia-image-container.av-liskwwec-34bbd48eb0bf158cd0ce419d15a27317 .av-image-caption-overlay-center{\ncolor:#ffffff;\n}\n<\/style>\n<div  class='avia-image-container av-liskwwec-34bbd48eb0bf158cd0ce419d15a27317 av-styling- avia-align-center  avia-builder-el-8  avia-builder-el-no-sibling '   itemprop=\"image\" itemscope=\"itemscope\" itemtype=\"https:\/\/schema.org\/ImageObject\" ><div class=\"avia-image-container-inner\"><div class=\"avia-image-overlay-wrap\"><img decoding=\"async\" fetchpriority=\"high\" class='wp-image-682 avia-img-lazy-loading-not-682 avia_image ' src=\"https:\/\/rpdetectives.com\/wp-content\/uploads\/2023\/06\/mapa-espana.jpg\" alt='' title='mapa-espa\u00f1a'  height=\"887\" width=\"1183\"  itemprop=\"thumbnailUrl\" srcset=\"https:\/\/rpdetectives.com\/wp-content\/uploads\/2023\/06\/mapa-espana.jpg 1183w, https:\/\/rpdetectives.com\/wp-content\/uploads\/2023\/06\/mapa-espana-300x225.jpg 300w, https:\/\/rpdetectives.com\/wp-content\/uploads\/2023\/06\/mapa-espana-1030x772.jpg 1030w, https:\/\/rpdetectives.com\/wp-content\/uploads\/2023\/06\/mapa-espana-768x576.jpg 768w, https:\/\/rpdetectives.com\/wp-content\/uploads\/2023\/06\/mapa-espana-705x529.jpg 705w\" sizes=\"(max-width: 1183px) 100vw, 1183px\" \/><\/div><\/div><\/div><\/div><\/p>\n<\/div><\/div><\/div><!-- close content main div --><\/div><\/div>\n<style type=\"text\/css\" data-created_by=\"avia_inline_auto\" id=\"style-css-av-av_section-1e8167fc20caecefab6c192b9c3b723b\">\n.avia-section.av-av_section-1e8167fc20caecefab6c192b9c3b723b{\nbackground-color:#f7f7f7;\nbackground-image:unset;\n}\n<\/style>\n<div id='av_section_2'  class='avia-section av-av_section-1e8167fc20caecefab6c192b9c3b723b main_color avia-section-default avia-no-border-styling  avia-builder-el-9  el_after_av_one_half  avia-builder-el-last  avia-bg-style-scroll container_wrap fullsize'  ><div class='container av-section-cont-open' ><div class='template-page content  av-content-full alpha units'><div class='post-entry post-entry-type-page post-entry-2983'><div class='entry-content-wrapper clearfix'>\n<div  class='flex_column av-av_one_fifth-06adc6b067c8e5744d1f7a17411ee0d0 av_one_fifth  avia-builder-el-10  el_before_av_three_fifth  avia-builder-el-first  first flex_column_div av-hide-on-mobile  '     ><\/div><div  class='flex_column av-av_three_fifth-f1c518e9ff58e869f80c8f093487abc9 av_three_fifth  avia-builder-el-11  el_after_av_one_fifth  el_before_av_one_fifth  flex_column_div  '     ><p>\n<style type=\"text\/css\" data-created_by=\"avia_inline_auto\" id=\"style-css-av-av_heading-50f650c7e6b065b6cddf1c1e7d7ac372\">\n#top .av-special-heading.av-av_heading-50f650c7e6b065b6cddf1c1e7d7ac372{\npadding-bottom:10px;\n}\nbody .av-special-heading.av-av_heading-50f650c7e6b065b6cddf1c1e7d7ac372 .av-special-heading-tag .heading-char{\nfont-size:25px;\n}\n.av-special-heading.av-av_heading-50f650c7e6b065b6cddf1c1e7d7ac372 .av-subheading{\nfont-size:15px;\n}\n<\/style>\n<div  class='av-special-heading av-av_heading-50f650c7e6b065b6cddf1c1e7d7ac372 av-special-heading-h2 blockquote modern-quote modern-centered  avia-builder-el-12  el_before_av_testimonials  avia-builder-el-first '><h2 class='av-special-heading-tag '  itemprop=\"headline\"  >Qu\u00e8 diuen els nostres clients<\/h2><div class=\"special-heading-border\"><div class=\"special-heading-inner-border\"><\/div><\/div><\/div><br \/>\n<div  class='avia-testimonial-wrapper av-av_testimonials-f20eae8da6dc8b16f0d902c3d01c2aa4 avia-slider-testimonials avia-slider-3-testimonials avia_animate_when_almost_visible av-slideshow-ui av-control-default av-no-slider-navigation av-slider-hover-pause av-slideshow-autoplay av-loop-endless av-loop-manual-endless' data-slideshow-options=\"{&quot;animation&quot;:&quot;fade&quot;,&quot;autoplay&quot;:true,&quot;loop_autoplay&quot;:&quot;endless&quot;,&quot;interval&quot;:5,&quot;loop_manual&quot;:&quot;manual-endless&quot;,&quot;autoplay_stopper&quot;:false,&quot;noNavigation&quot;:false,&quot;bg_slider&quot;:false,&quot;keep_padding&quot;:&quot;&quot;,&quot;hoverpause&quot;:true,&quot;show_slide_delay&quot;:0}\">\n<section class=\"avia-testimonial-row\"><div class='avia-testimonial av-av_testimonial_single-2d5ebe82f33bd5845a960e0ad59c78b8 avia-testimonial-row-1 avia-first-testimonial flex_column no_margin av_one_third'><div class='avia-testimonial_inner'  itemscope=\"itemscope\" itemtype=\"https:\/\/schema.org\/CreativeWork\" ><div class='avia-testimonial-content '><div class='avia-testimonial-markup-entry-content'  itemprop=\"text\" ><p>Amb R&amp;P ha estat la primera vegada que contractem els serveis de detectius privats. Veritablement, van complir amb la seva professionalitat i discreci\u00f3 davant el cas que necessit\u00e0vem a la nostra empresa.<\/p>\n<\/div><\/div><div class=\"avia-testimonial-meta\"><div class=\"avia-testimonial-arrow-wrap\"><div class=\"avia-arrow\"><\/div><\/div><div class='avia-testimonial-image'  itemprop=\"image\" ><img loading=\"lazy\" decoding=\"async\" width=\"180\" height=\"180\" src=\"https:\/\/rpdetectives.com\/wp-content\/uploads\/2023\/06\/pilar-180x180.jpg\" class=\"attachment-square size-square\" alt=\"\" srcset=\"https:\/\/rpdetectives.com\/wp-content\/uploads\/2023\/06\/pilar-180x180.jpg 180w, https:\/\/rpdetectives.com\/wp-content\/uploads\/2023\/06\/pilar-80x80.jpg 80w, https:\/\/rpdetectives.com\/wp-content\/uploads\/2023\/06\/pilar-36x36.jpg 36w, https:\/\/rpdetectives.com\/wp-content\/uploads\/2023\/06\/pilar.jpg 256w\" sizes=\"auto, (max-width: 180px) 100vw, 180px\" \/><\/div><div class='avia-testimonial-meta-mini'  itemprop=\"author\" itemscope=\"itemscope\" itemtype=\"https:\/\/schema.org\/Person\" ><strong  class='avia-testimonial-name'  itemprop=\"name\" >Pilar Sell\u00e9s<\/strong><span  class='avia-testimonial-subtitle '  itemprop=\"jobTitle\" >Directora de RRHH<\/span><\/div><\/div><\/div><\/div>\n<div class='avia-testimonial av-av_testimonial_single-ed6e418beb8df6572372ec6b6a6ed85a avia-testimonial-row-1 flex_column no_margin av_one_third'><div class='avia-testimonial_inner'  itemscope=\"itemscope\" itemtype=\"https:\/\/schema.org\/CreativeWork\" ><div class='avia-testimonial-content '><div class='avia-testimonial-markup-entry-content'  itemprop=\"text\" ><p>Vull agrair tota l&#8217;atenci\u00f3 mostrada i rebuda per part de tot l&#8217;equip de R&amp;P DETECTIUS ASSOCIATS, i per descomptat si surt l&#8217;ocasi\u00f3 us recomanar\u00e9.<\/p>\n<\/div><\/div><div class=\"avia-testimonial-meta\"><div class=\"avia-testimonial-arrow-wrap\"><div class=\"avia-arrow\"><\/div><\/div><div class='avia-testimonial-image'  itemprop=\"image\" ><img loading=\"lazy\" decoding=\"async\" width=\"180\" height=\"180\" src=\"https:\/\/rpdetectives.com\/wp-content\/uploads\/2023\/06\/jasanchez-180x180.jpg\" class=\"attachment-square size-square\" alt=\"\" srcset=\"https:\/\/rpdetectives.com\/wp-content\/uploads\/2023\/06\/jasanchez-180x180.jpg 180w, https:\/\/rpdetectives.com\/wp-content\/uploads\/2023\/06\/jasanchez-80x80.jpg 80w, https:\/\/rpdetectives.com\/wp-content\/uploads\/2023\/06\/jasanchez-36x36.jpg 36w, https:\/\/rpdetectives.com\/wp-content\/uploads\/2023\/06\/jasanchez.jpg 256w\" sizes=\"auto, (max-width: 180px) 100vw, 180px\" \/><\/div><div class='avia-testimonial-meta-mini'  itemprop=\"author\" itemscope=\"itemscope\" itemtype=\"https:\/\/schema.org\/Person\" ><strong  class='avia-testimonial-name'  itemprop=\"name\" >J.A. Sanchez<\/strong><span  class='avia-testimonial-subtitle '  itemprop=\"jobTitle\" >Abogado <\/span><\/div><\/div><\/div><\/div>\n<div class='avia-testimonial av-av_testimonial_single-d352e680c9c132b7286ddf8acc9be5c6 avia-testimonial-row-1 flex_column no_margin av_one_third'><div class='avia-testimonial_inner'  itemscope=\"itemscope\" itemtype=\"https:\/\/schema.org\/CreativeWork\" ><div class='avia-testimonial-content '><div class='avia-testimonial-markup-entry-content'  itemprop=\"text\" ><p>Grans detectius, molt professionals i molt bona relaci\u00f3 qualitat-preu. Han resolt el meu problema amb absoluta discreci\u00f3 i oferint-me un tracte excel\u00b7lent. Gr\u00e0cies a ells i la seva feina guanyem el judici. 100% recomanable.<br \/>\nNom\u00e9s els puc donar les gr\u00e0cies<\/p>\n<\/div><\/div><div class=\"avia-testimonial-meta\"><div class=\"avia-testimonial-arrow-wrap\"><div class=\"avia-arrow\"><\/div><\/div><div class='avia-testimonial-meta-mini'  itemprop=\"author\" itemscope=\"itemscope\" itemtype=\"https:\/\/schema.org\/Person\" ><strong  class='avia-testimonial-name'  itemprop=\"name\" >Pilar \u00c1lvarez<\/strong><\/div><\/div><\/div><\/div>\n<div class='avia-testimonial av-av_testimonial_single-c853df52011601f97d9ab56430dc701a avia-testimonial-row-1 flex_column no_margin av_one_third'><div class='avia-testimonial_inner'  itemscope=\"itemscope\" itemtype=\"https:\/\/schema.org\/CreativeWork\" ><div class='avia-testimonial-content '><div class='avia-testimonial-markup-entry-content'  itemprop=\"text\" ><p>Molt bona experi\u00e8ncia. Conflicte laboral resolt amb rapidesa i solv\u00e8ncia. Espero no haver de repetir per\u00f2 si ho he de fer, ser\u00e0 amb RP.<\/p>\n<\/div><\/div><div class=\"avia-testimonial-meta\"><div class=\"avia-testimonial-arrow-wrap\"><div class=\"avia-arrow\"><\/div><\/div><div class='avia-testimonial-meta-mini'  itemprop=\"author\" itemscope=\"itemscope\" itemtype=\"https:\/\/schema.org\/Person\" ><strong  class='avia-testimonial-name'  itemprop=\"name\" >Ignasi Prats<\/strong><\/div><\/div><\/div><\/div>\n<div class='avia-testimonial av-av_testimonial_single-f16711a1391689c851df44c5c580d288 avia-testimonial-row-1 flex_column no_margin av_one_third'><div class='avia-testimonial_inner'  itemscope=\"itemscope\" itemtype=\"https:\/\/schema.org\/CreativeWork\" ><div class='avia-testimonial-content '><div class='avia-testimonial-markup-entry-content'  itemprop=\"text\" ><p>Dedicaci\u00f3 a la feina que se&#8217;ls sol\u00b7licita, realitzen les tasques amb gran professionalitat i demostren tenir experi\u00e8ncia al sector. Han solucionat un cas de gran dificultat de manera molt \u00e0gil i discreta. Recomano completament els seus serveis, destaquen sobre altres empreses de detectius amb qu\u00e8 he treballat.<\/p>\n<\/div><\/div><div class=\"avia-testimonial-meta\"><div class=\"avia-testimonial-arrow-wrap\"><div class=\"avia-arrow\"><\/div><\/div><div class='avia-testimonial-meta-mini'  itemprop=\"author\" itemscope=\"itemscope\" itemtype=\"https:\/\/schema.org\/Person\" ><strong  class='avia-testimonial-name'  itemprop=\"name\" >Carlos Garc\u00eda<\/strong><\/div><\/div><\/div><\/div>\n<div class='avia-testimonial av-av_testimonial_single-b351cd6e79a6256cadd43cb5f1cc3cfc avia-testimonial-row-1 flex_column no_margin av_one_third'><div class='avia-testimonial_inner'  itemscope=\"itemscope\" itemtype=\"https:\/\/schema.org\/CreativeWork\" ><div class='avia-testimonial-content '><div class='avia-testimonial-markup-entry-content'  itemprop=\"text\" ><p>Van recollir totes les proves necess\u00e0ries per a judici r\u00e0pidament, captant fins i tot m\u00e9s informaci\u00f3 del que hav\u00edem planejat inicialment. Gr\u00e0cies a la feina de RP Detectius aconseguim guanyar el judici.<\/p>\n<\/div><\/div><div class=\"avia-testimonial-meta\"><div class=\"avia-testimonial-arrow-wrap\"><div class=\"avia-arrow\"><\/div><\/div><div class='avia-testimonial-meta-mini'  itemprop=\"author\" itemscope=\"itemscope\" itemtype=\"https:\/\/schema.org\/Person\" ><strong  class='avia-testimonial-name'  itemprop=\"name\" >Martina Sanchez<\/strong><\/div><\/div><\/div><\/div>\n<div class='avia-testimonial av-av_testimonial_single-c8b4ae2596737565b408683973ecd835 avia-testimonial-row-1 flex_column no_margin av_one_third'><div class='avia-testimonial_inner'  itemscope=\"itemscope\" itemtype=\"https:\/\/schema.org\/CreativeWork\" ><div class='avia-testimonial-content '><div class='avia-testimonial-markup-entry-content'  itemprop=\"text\" ><p>Despr\u00e9s de contactar amb diversos Detectius a Barcelona vaig decidir contractar RP Detectius, la millor decisi\u00f3 que podria haver pres, van ser molt atents, sempre preocupant-se de recollir tota la informaci\u00f3 que els vaig sol\u00b7licitar, fins i tot anant m\u00e9s enll\u00e0. Van obtenir un informe de 10 amb qu\u00e8 no puc estar m\u00e9s contenta.<\/p>\n<\/div><\/div><div class=\"avia-testimonial-meta\"><div class=\"avia-testimonial-arrow-wrap\"><div class=\"avia-arrow\"><\/div><\/div><div class='avia-testimonial-meta-mini'  itemprop=\"author\" itemscope=\"itemscope\" itemtype=\"https:\/\/schema.org\/Person\" ><strong  class='avia-testimonial-name'  itemprop=\"name\" >Martina Rold\u00e1n<\/strong><\/div><\/div><\/div><\/div>\n<\/section><div class='avia-slideshow-arrows avia-slideshow-controls' ><a href='#prev' class='prev-slide ' aria-hidden='true' data-av_icon='\ue87c' data-av_iconfont='entypo-fontello'  tabindex='-1'>Anterior<\/a><a href='#next' class='next-slide ' aria-hidden='true' data-av_icon='\ue87d' data-av_iconfont='entypo-fontello'  tabindex='-1'>Seg\u00fcent<\/a><\/div><\/div><\/p><\/div><div  class='flex_column av-av_one_fifth-f1c518e9ff58e869f80c8f093487abc9 av_one_fifth  avia-builder-el-14  el_after_av_three_fifth  avia-builder-el-last  flex_column_div  '     ><\/div>\n\n","protected":false},"excerpt":{"rendered":"","protected":false},"author":1,"featured_media":0,"parent":0,"menu_order":0,"comment_status":"closed","ping_status":"closed","template":"","meta":{"footnotes":""},"class_list":["post-2983","page","type-page","status-publish","hentry"],"yoast_head":"<!-- This site is optimized with the Yoast SEO plugin v27.6 - https:\/\/yoast.com\/product\/yoast-seo-wordpress\/ -->\n<title>Poblacions - RP Detectives Privados<\/title>\n<meta name=\"description\" content=\"RP Detectives Associats S.L. ofereix serveis de recerca i seguretat a tot Espanya, excepte a Ceuta i Melilla.\" \/>\n<meta name=\"robots\" content=\"index, follow, max-snippet:-1, max-image-preview:large, max-video-preview:-1\" \/>\n<link rel=\"canonical\" href=\"https:\/\/rpdetectives.com\/ca\/poblaciones\/\" \/>\n<meta property=\"og:locale\" content=\"ca_ES\" \/>\n<meta property=\"og:type\" content=\"article\" \/>\n<meta property=\"og:title\" content=\"Poblacions - RP Detectives Privados\" \/>\n<meta property=\"og:description\" content=\"RP Detectives Associats S.L. ofereix serveis de recerca i seguretat a tot Espanya, excepte a Ceuta i Melilla.\" \/>\n<meta property=\"og:url\" content=\"https:\/\/rpdetectives.com\/ca\/poblaciones\/\" \/>\n<meta property=\"og:site_name\" content=\"RP Detectives Privados\" \/>\n<meta property=\"article:modified_time\" content=\"2024-01-10T14:01:51+00:00\" \/>\n<meta name=\"twitter:card\" content=\"summary_large_image\" \/>\n<meta name=\"twitter:label1\" content=\"Temps estimat de lectura\" \/>\n\t<meta name=\"twitter:data1\" content=\"1 minut\" \/>\n<script type=\"application\/ld+json\" class=\"yoast-schema-graph\">{\"@context\":\"https:\\\/\\\/schema.org\",\"@graph\":[{\"@type\":\"WebPage\",\"@id\":\"https:\\\/\\\/rpdetectives.com\\\/ca\\\/poblaciones\\\/\",\"url\":\"https:\\\/\\\/rpdetectives.com\\\/ca\\\/poblaciones\\\/\",\"name\":\"Poblacions - RP Detectives Privados\",\"isPartOf\":{\"@id\":\"https:\\\/\\\/rpdetectives.com\\\/ca\\\/#website\"},\"datePublished\":\"2023-05-05T11:00:56+00:00\",\"dateModified\":\"2024-01-10T14:01:51+00:00\",\"description\":\"RP Detectives Associats S.L. ofereix serveis de recerca i seguretat a tot Espanya, excepte a Ceuta i Melilla.\",\"breadcrumb\":{\"@id\":\"https:\\\/\\\/rpdetectives.com\\\/ca\\\/poblaciones\\\/#breadcrumb\"},\"inLanguage\":\"ca\",\"potentialAction\":[{\"@type\":\"ReadAction\",\"target\":[\"https:\\\/\\\/rpdetectives.com\\\/ca\\\/poblaciones\\\/\"]}]},{\"@type\":\"BreadcrumbList\",\"@id\":\"https:\\\/\\\/rpdetectives.com\\\/ca\\\/poblaciones\\\/#breadcrumb\",\"itemListElement\":[{\"@type\":\"ListItem\",\"position\":1,\"name\":\"Home\",\"item\":\"https:\\\/\\\/rpdetectives.com\\\/ca\\\/inici\\\/\"},{\"@type\":\"ListItem\",\"position\":2,\"name\":\"Poblacions\"}]},{\"@type\":\"WebSite\",\"@id\":\"https:\\\/\\\/rpdetectives.com\\\/ca\\\/#website\",\"url\":\"https:\\\/\\\/rpdetectives.com\\\/ca\\\/\",\"name\":\"RP Detectives Privados\",\"description\":\"Gabinete de investigaci\u00f3n privada, fue fundado en el a\u00f1o 1989, por los hermanos Roger y Pau FERRER CABRE.\",\"potentialAction\":[{\"@type\":\"SearchAction\",\"target\":{\"@type\":\"EntryPoint\",\"urlTemplate\":\"https:\\\/\\\/rpdetectives.com\\\/ca\\\/?s={search_term_string}\"},\"query-input\":{\"@type\":\"PropertyValueSpecification\",\"valueRequired\":true,\"valueName\":\"search_term_string\"}}],\"inLanguage\":\"ca\"}]}<\/script>\n<!-- \/ Yoast SEO plugin. -->","yoast_head_json":{"title":"Poblacions - RP Detectives Privados","description":"RP Detectives Associats S.L. ofereix serveis de recerca i seguretat a tot Espanya, excepte a Ceuta i Melilla.","robots":{"index":"index","follow":"follow","max-snippet":"max-snippet:-1","max-image-preview":"max-image-preview:large","max-video-preview":"max-video-preview:-1"},"canonical":"https:\/\/rpdetectives.com\/ca\/poblaciones\/","og_locale":"ca_ES","og_type":"article","og_title":"Poblacions - RP Detectives Privados","og_description":"RP Detectives Associats S.L. ofereix serveis de recerca i seguretat a tot Espanya, excepte a Ceuta i Melilla.","og_url":"https:\/\/rpdetectives.com\/ca\/poblaciones\/","og_site_name":"RP Detectives Privados","article_modified_time":"2024-01-10T14:01:51+00:00","twitter_card":"summary_large_image","twitter_misc":{"Temps estimat de lectura":"1 minut"},"schema":{"@context":"https:\/\/schema.org","@graph":[{"@type":"WebPage","@id":"https:\/\/rpdetectives.com\/ca\/poblaciones\/","url":"https:\/\/rpdetectives.com\/ca\/poblaciones\/","name":"Poblacions - RP Detectives Privados","isPartOf":{"@id":"https:\/\/rpdetectives.com\/ca\/#website"},"datePublished":"2023-05-05T11:00:56+00:00","dateModified":"2024-01-10T14:01:51+00:00","description":"RP Detectives Associats S.L. ofereix serveis de recerca i seguretat a tot Espanya, excepte a Ceuta i Melilla.","breadcrumb":{"@id":"https:\/\/rpdetectives.com\/ca\/poblaciones\/#breadcrumb"},"inLanguage":"ca","potentialAction":[{"@type":"ReadAction","target":["https:\/\/rpdetectives.com\/ca\/poblaciones\/"]}]},{"@type":"BreadcrumbList","@id":"https:\/\/rpdetectives.com\/ca\/poblaciones\/#breadcrumb","itemListElement":[{"@type":"ListItem","position":1,"name":"Home","item":"https:\/\/rpdetectives.com\/ca\/inici\/"},{"@type":"ListItem","position":2,"name":"Poblacions"}]},{"@type":"WebSite","@id":"https:\/\/rpdetectives.com\/ca\/#website","url":"https:\/\/rpdetectives.com\/ca\/","name":"RP Detectives Privados","description":"Gabinete de investigaci\u00f3n privada, fue fundado en el a\u00f1o 1989, por los hermanos Roger y Pau FERRER CABRE.","potentialAction":[{"@type":"SearchAction","target":{"@type":"EntryPoint","urlTemplate":"https:\/\/rpdetectives.com\/ca\/?s={search_term_string}"},"query-input":{"@type":"PropertyValueSpecification","valueRequired":true,"valueName":"search_term_string"}}],"inLanguage":"ca"}]}},"_links":{"self":[{"href":"https:\/\/rpdetectives.com\/ca\/wp-json\/wp\/v2\/pages\/2983","targetHints":{"allow":["GET"]}}],"collection":[{"href":"https:\/\/rpdetectives.com\/ca\/wp-json\/wp\/v2\/pages"}],"about":[{"href":"https:\/\/rpdetectives.com\/ca\/wp-json\/wp\/v2\/types\/page"}],"author":[{"embeddable":true,"href":"https:\/\/rpdetectives.com\/ca\/wp-json\/wp\/v2\/users\/1"}],"replies":[{"embeddable":true,"href":"https:\/\/rpdetectives.com\/ca\/wp-json\/wp\/v2\/comments?post=2983"}],"version-history":[{"count":4,"href":"https:\/\/rpdetectives.com\/ca\/wp-json\/wp\/v2\/pages\/2983\/revisions"}],"predecessor-version":[{"id":3020,"href":"https:\/\/rpdetectives.com\/ca\/wp-json\/wp\/v2\/pages\/2983\/revisions\/3020"}],"wp:attachment":[{"href":"https:\/\/rpdetectives.com\/ca\/wp-json\/wp\/v2\/media?parent=2983"}],"curies":[{"name":"wp","href":"https:\/\/api.w.org\/{rel}","templated":true}]}}