{"id":2988,"date":"2023-05-05T10:57:42","date_gmt":"2023-05-05T10:57:42","guid":{"rendered":"https:\/\/rpdetectives.com\/detetctive-privado-servicios\/detective-empresarial-laboral\/"},"modified":"2024-01-10T12:58:40","modified_gmt":"2024-01-10T12:58:40","slug":"detective-empresarial-laboral","status":"publish","type":"page","link":"https:\/\/rpdetectives.com\/ca\/detetctive-privado-servicios\/detective-empresarial-laboral\/","title":{"rendered":"Empresarial\/Laboral"},"content":{"rendered":"\n<style type=\"text\/css\" data-created_by=\"avia_inline_auto\" id=\"style-css-av-1azgs-2aa93ccecbcf183052b180dce07d35ff\">\n.avia-section.av-1azgs-2aa93ccecbcf183052b180dce07d35ff{\nbackground-repeat:no-repeat;\nbackground-image:url(https:\/\/rpdetectives.com\/wp-content\/uploads\/2023\/05\/Slider-1-RP.png);\nbackground-position:50% 50%;\nbackground-attachment:fixed;\n}\n.avia-section.av-1azgs-2aa93ccecbcf183052b180dce07d35ff .av-section-color-overlay{\nopacity:0.4;\nbackground-color:#000000;\n}\n<\/style>\n<div id='av_section_1'  class='avia-section av-1azgs-2aa93ccecbcf183052b180dce07d35ff main_color avia-section-default avia-no-border-styling  avia-builder-el-0  el_before_av_one_half  avia-builder-el-first  avia-full-stretch avia-bg-style-fixed av-section-color-overlay-active av-minimum-height av-minimum-height-50 av-height-50  container_wrap fullsize'  data-section-bg-repeat='stretch' data-av_minimum_height_pc='50' data-av_min_height_opt='50'><div class=\"av-section-color-overlay-wrap\"><div class=\"av-section-color-overlay\"><\/div><div class='container av-section-cont-open' ><main  role=\"main\" itemprop=\"mainContentOfPage\"  class='template-page content  av-content-full alpha units'><div class='post-entry post-entry-type-page post-entry-2988'><div class='entry-content-wrapper clearfix'>\n<div  class='flex_column av-100y0-41d6201ec5f73e719fc174b65474b048 av_one_full  avia-builder-el-1  avia-builder-el-no-sibling  first flex_column_div  '     ><style type=\"text\/css\" data-created_by=\"avia_inline_auto\" id=\"style-css-av-li8kl6h1-4b2f2a63dc45e4683d9de31446e906bd\">\n#top .av-special-heading.av-li8kl6h1-4b2f2a63dc45e4683d9de31446e906bd{\npadding-bottom:10px;\ncolor:#ffffff;\n}\nbody .av-special-heading.av-li8kl6h1-4b2f2a63dc45e4683d9de31446e906bd .av-special-heading-tag .heading-char{\nfont-size:25px;\n}\n.av-special-heading.av-li8kl6h1-4b2f2a63dc45e4683d9de31446e906bd .special-heading-inner-border{\nborder-color:#ffffff;\n}\n.av-special-heading.av-li8kl6h1-4b2f2a63dc45e4683d9de31446e906bd .av-subheading{\nfont-size:15px;\n}\n<\/style>\n<div  class='av-special-heading av-li8kl6h1-4b2f2a63dc45e4683d9de31446e906bd av-special-heading-h1 custom-color-heading blockquote modern-quote modern-centered  avia-builder-el-2  avia-builder-el-no-sibling '><h1 class='av-special-heading-tag '  itemprop=\"headline\"  >Detectiu privat, investigaci\u00f3 Empresarial\/Laboral<\/h1><div class='av_custom_color av-subheading av-subheading_below'><p>Els nostres serveis de recerca empresarial i laboral ofereixen solucions fiables i eficients per protegir el teu negoci, garantint la integritat, la seguretat i l&#8217;\u00e8xit en un entorn competitiu.<\/p>\n<\/div><div class=\"special-heading-border\"><div class=\"special-heading-inner-border\"><\/div><\/div><\/div><\/div><\/div><\/div><\/main><!-- close content main element --><\/div><\/div><\/div><div id='after_section_1'  class='main_color av_default_container_wrap container_wrap fullsize'  ><div class='container av-section-cont-open' ><div class='template-page content  av-content-full alpha units'><div class='post-entry post-entry-type-page post-entry-2988'><div class='entry-content-wrapper clearfix'><div  class='flex_column av-2d7jo-462be5eeda592bd55f48df10b91e83e9 av_one_half  avia-builder-el-3  el_after_av_section  el_before_av_one_half  avia-builder-el-first  first flex_column_div  '     ><p>\n<style type=\"text\/css\" data-created_by=\"avia_inline_auto\" id=\"style-css-av-li8qb3my-06770f0be1cdeccb2128a234fff5ad7d\">\n#top .av-special-heading.av-li8qb3my-06770f0be1cdeccb2128a234fff5ad7d{\npadding-bottom:10px;\n}\nbody .av-special-heading.av-li8qb3my-06770f0be1cdeccb2128a234fff5ad7d .av-special-heading-tag .heading-char{\nfont-size:25px;\n}\n.av-special-heading.av-li8qb3my-06770f0be1cdeccb2128a234fff5ad7d .av-subheading{\nfont-size:15px;\n}\n<\/style>\n<div  class='av-special-heading av-li8qb3my-06770f0be1cdeccb2128a234fff5ad7d av-special-heading-h2 blockquote modern-quote  avia-builder-el-4  el_before_av_hr  avia-builder-el-first '><h2 class='av-special-heading-tag '  itemprop=\"headline\"  >A RP Detectius brindem solucions efectives recolzant el creixement i l\u2019excel\u00b7l\u00e8ncia de la teva organitzaci\u00f3<\/h2><div class=\"special-heading-border\"><div class=\"special-heading-inner-border\"><\/div><\/div><\/div><br \/>\n\n<style type=\"text\/css\" data-created_by=\"avia_inline_auto\" id=\"style-css-av-1c520-0d243ee5ae15de52fdbd2c4135e5e5b0\">\n#top .hr.av-1c520-0d243ee5ae15de52fdbd2c4135e5e5b0{\nmargin-top:30px;\nmargin-bottom:30px;\n}\n.hr.av-1c520-0d243ee5ae15de52fdbd2c4135e5e5b0 .hr-inner{\nwidth:70px;\nborder-color:#3b5f78;\n}\n<\/style>\n<div  class='hr av-1c520-0d243ee5ae15de52fdbd2c4135e5e5b0 hr-custom  avia-builder-el-5  el_after_av_heading  el_before_av_textblock  hr-left hr-icon-no'><span class='hr-inner inner-border-av-border-fat'><span class=\"hr-inner-style\"><\/span><\/span><\/div><br \/>\n<section  class='av_textblock_section av-li8qeu0f-19702374b3fd1c996708775411ff2c27 '   itemscope=\"itemscope\" itemtype=\"https:\/\/schema.org\/CreativeWork\" ><div class='avia_textblock'  itemprop=\"text\" ><ul>\n<li><strong>Informes Prelaborals<\/strong><br \/>\nConfirmaci\u00f3 de l&#8217;historial laboral i acad\u00e8mic, seguiment del nivell de conflictivitat laboral, mitjana de baixes i rendiment, problem\u00e0tiques personals etc&#8230;<\/li>\n<li><strong>Absentisme laboral<\/strong>: Investigaci\u00f3 de baixes fingides per inter\u00e8s propi.<\/li>\n<li><strong>Baixa productivitat:<\/strong> Utilitzaci\u00f3 de lhorari laboral per a fins aliens a lempresa.<\/li>\n<li><strong>Control del departament comercial:<\/strong> Incompliment d&#8217;horaris laborals, duplicitat de representacions, frau en dietes i quilometratges&#8230;<\/li>\n<li><strong>Deslleialtat de directius:<\/strong> Revelaci\u00f3 de possibles interessos personals a les empreses competidores, fuites d&#8217;informaci\u00f3 confidencial sobre m\u00e8todes de treball, estrat\u00e8gies de mercat i fons de comer\u00e7.<\/li>\n<li><strong>Verificaci\u00f3 de l&#8217;horari laboral destinat a activitats sindicals:<\/strong> Confirmaci\u00f3 de l&#8217;\u00fas degut a aquest temps per a aquests fins i no per a altres de tipus personal.<\/li>\n<li><strong>Furts i robatoris:<\/strong> Control de qualsevol desaparici\u00f3 de diners o mercaderies.<\/li>\n<li><strong>Solv\u00e8ncies fingides:<\/strong> L&#8217;activitat empresarial \u00e9s massa seria per actuar sense un m\u00ednim de prevenci\u00f3. Sempre \u00e9s recomanable con\u00e8ixer per endavant l&#8217;empresa amb qu\u00e8 cal establir una possible relaci\u00f3 comercial.<\/li>\n<li><strong>Informes financers:<\/strong> Serveixen per con\u00e8ixer la situaci\u00f3 real del possible nou soci i de les altres empreses del sector. Adquisici\u00f3, fusi\u00f3, antecedents.<\/li>\n<li><strong>Localitzaci\u00f3 de deutors i b\u00e9ns:<\/strong> \u00c9s informaci\u00f3 v\u00e0lida per aconseguir un proc\u00e9s de litigis o per practicar executar un al\u00e7ament de b\u00e9ns.<\/li>\n<\/ul>\n<\/div><\/section><\/p><\/div><div  class='flex_column av-vz9k-390e2a852bae754634e97778b6c44002 av_one_half  avia-builder-el-7  el_after_av_one_half  avia-builder-el-last  flex_column_div  '     ><p>\n<style type=\"text\/css\" data-created_by=\"avia_inline_auto\" id=\"style-css-av-li8q8f5f-1e6732a6349b8fb2f552822e7bb40f8f\">\n.avia-image-container.av-li8q8f5f-1e6732a6349b8fb2f552822e7bb40f8f img.avia_image{\nbox-shadow:none;\n}\n.avia-image-container.av-li8q8f5f-1e6732a6349b8fb2f552822e7bb40f8f .av-image-caption-overlay-center{\ncolor:#ffffff;\n}\n<\/style>\n<div  class='avia-image-container av-li8q8f5f-1e6732a6349b8fb2f552822e7bb40f8f av-styling- avia-align-center  avia-builder-el-8  el_before_av_textblock  avia-builder-el-first '   itemprop=\"image\" itemscope=\"itemscope\" itemtype=\"https:\/\/schema.org\/ImageObject\" ><div class=\"avia-image-container-inner\"><div class=\"avia-image-overlay-wrap\"><img decoding=\"async\" fetchpriority=\"high\" class='wp-image-622 avia-img-lazy-loading-not-622 avia_image ' src=\"https:\/\/rpdetectives.com\/wp-content\/uploads\/2023\/05\/corporativa.jpg\" alt='' title='Investigaci\u00f3n Empresarial\/Laboral'  height=\"800\" width=\"800\"  itemprop=\"thumbnailUrl\" srcset=\"https:\/\/rpdetectives.com\/wp-content\/uploads\/2023\/05\/corporativa.jpg 800w, https:\/\/rpdetectives.com\/wp-content\/uploads\/2023\/05\/corporativa-300x300.jpg 300w, https:\/\/rpdetectives.com\/wp-content\/uploads\/2023\/05\/corporativa-80x80.jpg 80w, https:\/\/rpdetectives.com\/wp-content\/uploads\/2023\/05\/corporativa-768x768.jpg 768w, https:\/\/rpdetectives.com\/wp-content\/uploads\/2023\/05\/corporativa-36x36.jpg 36w, https:\/\/rpdetectives.com\/wp-content\/uploads\/2023\/05\/corporativa-180x180.jpg 180w, https:\/\/rpdetectives.com\/wp-content\/uploads\/2023\/05\/corporativa-705x705.jpg 705w\" sizes=\"(max-width: 800px) 100vw, 800px\" \/><\/div><\/div><\/div><br \/>\n<section  class='av_textblock_section av-li8qfnjf-46d366064624c9a0c395f3192ad1d291 '   itemscope=\"itemscope\" itemtype=\"https:\/\/schema.org\/CreativeWork\" ><div class='avia_textblock'  itemprop=\"text\" ><ul>\n<li><strong>Infraccions a la normativa de patents i marques:<\/strong> Publicitat enganyosa, falsificacions, notorietat de la marca.<\/li>\n<li><strong>Compet\u00e8ncia deslleial de terceres empreses.<\/strong><\/li>\n<li><strong>Intrusisme professional.<\/strong><\/li>\n<li><strong>Sabotatges, xantatges, amenaces i coaccions.<\/strong><\/li>\n<li><strong>Vigil\u00e0ncia a fires, hotels, exposicions i grans superf\u00edcies.<\/strong><\/li>\n<li><strong>Fuites d&#8217;informaci\u00f3 \/ Contraespionatge industrial<\/strong><\/li>\n<\/ul>\n<\/div><\/section><\/p><\/div><\/p>\n","protected":false},"excerpt":{"rendered":"","protected":false},"author":1,"featured_media":0,"parent":2985,"menu_order":0,"comment_status":"closed","ping_status":"closed","template":"","meta":{"footnotes":""},"class_list":["post-2988","page","type-page","status-publish","hentry"],"yoast_head":"<!-- This site is optimized with the Yoast SEO plugin v27.4 - https:\/\/yoast.com\/product\/yoast-seo-wordpress\/ -->\n<title>Empresarial\/Laboral - RP Detectives Privados<\/title>\n<meta name=\"description\" content=\"A RP Detectius brindem solucions efectives recolzant el creixement i l&#039;excel\u00b7l\u00e8ncia de la teva organitzaci\u00f3.\" \/>\n<meta name=\"robots\" content=\"index, follow, max-snippet:-1, max-image-preview:large, max-video-preview:-1\" \/>\n<link rel=\"canonical\" href=\"https:\/\/rpdetectives.com\/ca\/detetctive-privado-servicios\/detective-empresarial-laboral\/\" \/>\n<meta property=\"og:locale\" content=\"ca_ES\" \/>\n<meta property=\"og:type\" content=\"article\" \/>\n<meta property=\"og:title\" content=\"Empresarial\/Laboral - RP Detectives Privados\" \/>\n<meta property=\"og:description\" content=\"A RP Detectius brindem solucions efectives recolzant el creixement i l&#039;excel\u00b7l\u00e8ncia de la teva organitzaci\u00f3.\" \/>\n<meta property=\"og:url\" content=\"https:\/\/rpdetectives.com\/ca\/detetctive-privado-servicios\/detective-empresarial-laboral\/\" \/>\n<meta property=\"og:site_name\" content=\"RP Detectives Privados\" \/>\n<meta property=\"article:modified_time\" content=\"2024-01-10T12:58:40+00:00\" \/>\n<meta name=\"twitter:card\" content=\"summary_large_image\" \/>\n<meta name=\"twitter:label1\" content=\"Temps estimat de lectura\" \/>\n\t<meta name=\"twitter:data1\" content=\"2 minuts\" \/>\n<script type=\"application\/ld+json\" class=\"yoast-schema-graph\">{\"@context\":\"https:\\\/\\\/schema.org\",\"@graph\":[{\"@type\":\"WebPage\",\"@id\":\"https:\\\/\\\/rpdetectives.com\\\/ca\\\/detetctive-privado-servicios\\\/detective-empresarial-laboral\\\/\",\"url\":\"https:\\\/\\\/rpdetectives.com\\\/ca\\\/detetctive-privado-servicios\\\/detective-empresarial-laboral\\\/\",\"name\":\"Empresarial\\\/Laboral - RP Detectives Privados\",\"isPartOf\":{\"@id\":\"https:\\\/\\\/rpdetectives.com\\\/ca\\\/#website\"},\"datePublished\":\"2023-05-05T10:57:42+00:00\",\"dateModified\":\"2024-01-10T12:58:40+00:00\",\"description\":\"A RP Detectius brindem solucions efectives recolzant el creixement i l'excel\u00b7l\u00e8ncia de la teva organitzaci\u00f3.\",\"breadcrumb\":{\"@id\":\"https:\\\/\\\/rpdetectives.com\\\/ca\\\/detetctive-privado-servicios\\\/detective-empresarial-laboral\\\/#breadcrumb\"},\"inLanguage\":\"ca\",\"potentialAction\":[{\"@type\":\"ReadAction\",\"target\":[\"https:\\\/\\\/rpdetectives.com\\\/ca\\\/detetctive-privado-servicios\\\/detective-empresarial-laboral\\\/\"]}]},{\"@type\":\"BreadcrumbList\",\"@id\":\"https:\\\/\\\/rpdetectives.com\\\/ca\\\/detetctive-privado-servicios\\\/detective-empresarial-laboral\\\/#breadcrumb\",\"itemListElement\":[{\"@type\":\"ListItem\",\"position\":1,\"name\":\"Home\",\"item\":\"https:\\\/\\\/rpdetectives.com\\\/ca\\\/inici\\\/\"},{\"@type\":\"ListItem\",\"position\":2,\"name\":\"Serveis\",\"item\":\"https:\\\/\\\/rpdetectives.com\\\/ca\\\/detetctive-privado-servicios\\\/\"},{\"@type\":\"ListItem\",\"position\":3,\"name\":\"Empresarial\\\/Laboral\"}]},{\"@type\":\"WebSite\",\"@id\":\"https:\\\/\\\/rpdetectives.com\\\/ca\\\/#website\",\"url\":\"https:\\\/\\\/rpdetectives.com\\\/ca\\\/\",\"name\":\"RP Detectives Privados\",\"description\":\"Gabinete de investigaci\u00f3n privada, fue fundado en el a\u00f1o 1989, por los hermanos Roger y Pau FERRER CABRE.\",\"potentialAction\":[{\"@type\":\"SearchAction\",\"target\":{\"@type\":\"EntryPoint\",\"urlTemplate\":\"https:\\\/\\\/rpdetectives.com\\\/ca\\\/?s={search_term_string}\"},\"query-input\":{\"@type\":\"PropertyValueSpecification\",\"valueRequired\":true,\"valueName\":\"search_term_string\"}}],\"inLanguage\":\"ca\"}]}<\/script>\n<!-- \/ Yoast SEO plugin. -->","yoast_head_json":{"title":"Empresarial\/Laboral - RP Detectives Privados","description":"A RP Detectius brindem solucions efectives recolzant el creixement i l'excel\u00b7l\u00e8ncia de la teva organitzaci\u00f3.","robots":{"index":"index","follow":"follow","max-snippet":"max-snippet:-1","max-image-preview":"max-image-preview:large","max-video-preview":"max-video-preview:-1"},"canonical":"https:\/\/rpdetectives.com\/ca\/detetctive-privado-servicios\/detective-empresarial-laboral\/","og_locale":"ca_ES","og_type":"article","og_title":"Empresarial\/Laboral - RP Detectives Privados","og_description":"A RP Detectius brindem solucions efectives recolzant el creixement i l'excel\u00b7l\u00e8ncia de la teva organitzaci\u00f3.","og_url":"https:\/\/rpdetectives.com\/ca\/detetctive-privado-servicios\/detective-empresarial-laboral\/","og_site_name":"RP Detectives Privados","article_modified_time":"2024-01-10T12:58:40+00:00","twitter_card":"summary_large_image","twitter_misc":{"Temps estimat de lectura":"2 minuts"},"schema":{"@context":"https:\/\/schema.org","@graph":[{"@type":"WebPage","@id":"https:\/\/rpdetectives.com\/ca\/detetctive-privado-servicios\/detective-empresarial-laboral\/","url":"https:\/\/rpdetectives.com\/ca\/detetctive-privado-servicios\/detective-empresarial-laboral\/","name":"Empresarial\/Laboral - RP Detectives Privados","isPartOf":{"@id":"https:\/\/rpdetectives.com\/ca\/#website"},"datePublished":"2023-05-05T10:57:42+00:00","dateModified":"2024-01-10T12:58:40+00:00","description":"A RP Detectius brindem solucions efectives recolzant el creixement i l'excel\u00b7l\u00e8ncia de la teva organitzaci\u00f3.","breadcrumb":{"@id":"https:\/\/rpdetectives.com\/ca\/detetctive-privado-servicios\/detective-empresarial-laboral\/#breadcrumb"},"inLanguage":"ca","potentialAction":[{"@type":"ReadAction","target":["https:\/\/rpdetectives.com\/ca\/detetctive-privado-servicios\/detective-empresarial-laboral\/"]}]},{"@type":"BreadcrumbList","@id":"https:\/\/rpdetectives.com\/ca\/detetctive-privado-servicios\/detective-empresarial-laboral\/#breadcrumb","itemListElement":[{"@type":"ListItem","position":1,"name":"Home","item":"https:\/\/rpdetectives.com\/ca\/inici\/"},{"@type":"ListItem","position":2,"name":"Serveis","item":"https:\/\/rpdetectives.com\/ca\/detetctive-privado-servicios\/"},{"@type":"ListItem","position":3,"name":"Empresarial\/Laboral"}]},{"@type":"WebSite","@id":"https:\/\/rpdetectives.com\/ca\/#website","url":"https:\/\/rpdetectives.com\/ca\/","name":"RP Detectives Privados","description":"Gabinete de investigaci\u00f3n privada, fue fundado en el a\u00f1o 1989, por los hermanos Roger y Pau FERRER CABRE.","potentialAction":[{"@type":"SearchAction","target":{"@type":"EntryPoint","urlTemplate":"https:\/\/rpdetectives.com\/ca\/?s={search_term_string}"},"query-input":{"@type":"PropertyValueSpecification","valueRequired":true,"valueName":"search_term_string"}}],"inLanguage":"ca"}]}},"_links":{"self":[{"href":"https:\/\/rpdetectives.com\/ca\/wp-json\/wp\/v2\/pages\/2988","targetHints":{"allow":["GET"]}}],"collection":[{"href":"https:\/\/rpdetectives.com\/ca\/wp-json\/wp\/v2\/pages"}],"about":[{"href":"https:\/\/rpdetectives.com\/ca\/wp-json\/wp\/v2\/types\/page"}],"author":[{"embeddable":true,"href":"https:\/\/rpdetectives.com\/ca\/wp-json\/wp\/v2\/users\/1"}],"replies":[{"embeddable":true,"href":"https:\/\/rpdetectives.com\/ca\/wp-json\/wp\/v2\/comments?post=2988"}],"version-history":[{"count":2,"href":"https:\/\/rpdetectives.com\/ca\/wp-json\/wp\/v2\/pages\/2988\/revisions"}],"predecessor-version":[{"id":2992,"href":"https:\/\/rpdetectives.com\/ca\/wp-json\/wp\/v2\/pages\/2988\/revisions\/2992"}],"up":[{"embeddable":true,"href":"https:\/\/rpdetectives.com\/ca\/wp-json\/wp\/v2\/pages\/2985"}],"wp:attachment":[{"href":"https:\/\/rpdetectives.com\/ca\/wp-json\/wp\/v2\/media?parent=2988"}],"curies":[{"name":"wp","href":"https:\/\/api.w.org\/{rel}","templated":true}]}}