{"id":2993,"date":"2023-05-05T10:55:48","date_gmt":"2023-05-05T10:55:48","guid":{"rendered":"https:\/\/rpdetectives.com\/detetctive-privado-servicios\/detective-economico-financiero\/"},"modified":"2024-01-10T13:44:05","modified_gmt":"2024-01-10T13:44:05","slug":"detective-economico-financiero","status":"publish","type":"page","link":"https:\/\/rpdetectives.com\/ca\/detetctive-privado-servicios\/detective-economico-financiero\/","title":{"rendered":"Econ\u00f2mic\/Financer"},"content":{"rendered":"\n<style type=\"text\/css\" data-created_by=\"avia_inline_auto\" id=\"style-css-av-39fkj-1852c4a6ecdded04913364def315d2af\">\n.avia-section.av-39fkj-1852c4a6ecdded04913364def315d2af{\nbackground-repeat:no-repeat;\nbackground-image:url(https:\/\/rpdetectives.com\/wp-content\/uploads\/2023\/05\/pexels-anna-tarazevich-14751274-scaled.jpg);\nbackground-position:50% 50%;\nbackground-attachment:fixed;\n}\n.avia-section.av-39fkj-1852c4a6ecdded04913364def315d2af .av-section-color-overlay{\nopacity:0.4;\nbackground-color:#000000;\n}\n<\/style>\n<div id='av_section_1'  class='avia-section av-39fkj-1852c4a6ecdded04913364def315d2af main_color avia-section-default avia-no-border-styling  avia-builder-el-0  el_before_av_one_half  avia-builder-el-first  avia-full-stretch avia-bg-style-fixed av-section-color-overlay-active av-minimum-height av-minimum-height-50 av-height-50  container_wrap fullsize'  data-section-bg-repeat='stretch' data-av_minimum_height_pc='50' data-av_min_height_opt='50'><div class=\"av-section-color-overlay-wrap\"><div class=\"av-section-color-overlay\"><\/div><div class='container av-section-cont-open' ><main  role=\"main\" itemprop=\"mainContentOfPage\"  class='template-page content  av-content-full alpha units'><div class='post-entry post-entry-type-page post-entry-2993'><div class='entry-content-wrapper clearfix'>\n<div  class='flex_column av-2o6iv-6894a34e5eb63e4c2f24db7296904a59 av_one_full  avia-builder-el-1  avia-builder-el-no-sibling  first flex_column_div  '     ><style type=\"text\/css\" data-created_by=\"avia_inline_auto\" id=\"style-css-av-li8no97e-084ecdeba7906e8e99e918546d88f0a5\">\n#top .av-special-heading.av-li8no97e-084ecdeba7906e8e99e918546d88f0a5{\npadding-bottom:10px;\ncolor:#ffffff;\n}\nbody .av-special-heading.av-li8no97e-084ecdeba7906e8e99e918546d88f0a5 .av-special-heading-tag .heading-char{\nfont-size:25px;\n}\n.av-special-heading.av-li8no97e-084ecdeba7906e8e99e918546d88f0a5 .special-heading-inner-border{\nborder-color:#ffffff;\n}\n.av-special-heading.av-li8no97e-084ecdeba7906e8e99e918546d88f0a5 .av-subheading{\nfont-size:15px;\n}\n<\/style>\n<div  class='av-special-heading av-li8no97e-084ecdeba7906e8e99e918546d88f0a5 av-special-heading-h1 custom-color-heading blockquote modern-quote modern-centered  avia-builder-el-2  avia-builder-el-no-sibling '><h1 class='av-special-heading-tag '  itemprop=\"headline\"  >Detectiu privat, investigaci\u00f3 Econ\u00f2mic\/Financer<\/h1><div class='av_custom_color av-subheading av-subheading_below'><p>A RP Detectives oferim un enfocament estrat\u00e8gic i prec\u00eds per resoldre conflictes econ\u00f2mics i financers, detectar fraus i salvaguardar els actius de la teva empresa.<\/p>\n<\/div><div class=\"special-heading-border\"><div class=\"special-heading-inner-border\"><\/div><\/div><\/div><\/div>\n<\/div><\/div><\/main><!-- close content main element --><\/div><\/div><\/div><div id='after_section_1'  class='main_color av_default_container_wrap container_wrap fullsize'  ><div class='container av-section-cont-open' ><div class='template-page content  av-content-full alpha units'><div class='post-entry post-entry-type-page post-entry-2993'><div class='entry-content-wrapper clearfix'>\n<div  class='flex_column av-2a1yj-50d0f8ba2741bc0fb648a07e7acb801a av_one_half  avia-builder-el-3  el_after_av_section  el_before_av_one_half  avia-builder-el-first  first flex_column_div  '     ><p>\n<style type=\"text\/css\" data-created_by=\"avia_inline_auto\" id=\"style-css-av-li8noz6r-7dc60938b0a271e681d584cf181040fe\">\n#top .av-special-heading.av-li8noz6r-7dc60938b0a271e681d584cf181040fe{\npadding-bottom:10px;\n}\nbody .av-special-heading.av-li8noz6r-7dc60938b0a271e681d584cf181040fe .av-special-heading-tag .heading-char{\nfont-size:25px;\n}\n.av-special-heading.av-li8noz6r-7dc60938b0a271e681d584cf181040fe .av-subheading{\nfont-size:15px;\n}\n<\/style>\n<div  class='av-special-heading av-li8noz6r-7dc60938b0a271e681d584cf181040fe av-special-heading-h2 blockquote modern-quote  avia-builder-el-4  el_before_av_hr  avia-builder-el-first '><h2 class='av-special-heading-tag '  itemprop=\"headline\"  >Investigaci\u00f3 privada amb proves s\u00f2lides i estrat\u00e8giques<\/h2><div class=\"special-heading-border\"><div class=\"special-heading-inner-border\"><\/div><\/div><\/div><br \/>\n\n<style type=\"text\/css\" data-created_by=\"avia_inline_auto\" id=\"style-css-av-1aihf-76d019ba96891474d6a1a8d20986f62f\">\n#top .hr.av-1aihf-76d019ba96891474d6a1a8d20986f62f{\nmargin-top:30px;\nmargin-bottom:30px;\n}\n.hr.av-1aihf-76d019ba96891474d6a1a8d20986f62f .hr-inner{\nwidth:70px;\nborder-color:#3b5f78;\n}\n<\/style>\n<div  class='hr av-1aihf-76d019ba96891474d6a1a8d20986f62f hr-custom  avia-builder-el-5  el_after_av_heading  el_before_av_textblock  hr-left hr-icon-no'><span class='hr-inner inner-border-av-border-fat'><span class=\"hr-inner-style\"><\/span><\/span><\/div><br \/>\n<section  class='av_textblock_section av-li8npdpl-9ce9de0f7717e847c4127e07881ec5f6 '   itemscope=\"itemscope\" itemtype=\"https:\/\/schema.org\/CreativeWork\" ><div class='avia_textblock'  itemprop=\"text\" ><ul>\n<li><strong>Proves en litigis judicials:<\/strong> Obtenci\u00f3 dinformaci\u00f3 i proves en suport dels contenciosos judicials. Realitzar informes prejudicials per con\u00e8ixer la viabilitat d&#8217;un plet i judicials per tastar el contingut i arribar a un bon fi.<\/li>\n<\/ul>\n<\/div><\/section><\/p><\/div><div  class='flex_column av-13hbj-0d3e6ca9d827119f5e91bcbf1baa7334 av_one_half  avia-builder-el-7  el_after_av_one_half  avia-builder-el-last  flex_column_div  '     ><style type=\"text\/css\" data-created_by=\"avia_inline_auto\" id=\"style-css-av-li8noqky-f28fdee4175fa8faa79600902a175075\">\n.avia-image-container.av-li8noqky-f28fdee4175fa8faa79600902a175075 img.avia_image{\nbox-shadow:none;\n}\n.avia-image-container.av-li8noqky-f28fdee4175fa8faa79600902a175075 .av-image-caption-overlay-center{\ncolor:#ffffff;\n}\n<\/style>\n<div  class='avia-image-container av-li8noqky-f28fdee4175fa8faa79600902a175075 av-styling- avia-align-center  avia-builder-el-8  avia-builder-el-no-sibling '   itemprop=\"image\" itemscope=\"itemscope\" itemtype=\"https:\/\/schema.org\/ImageObject\" ><div class=\"avia-image-container-inner\"><div class=\"avia-image-overlay-wrap\"><img decoding=\"async\" fetchpriority=\"high\" class='wp-image-636 avia-img-lazy-loading-not-636 avia_image ' src=\"https:\/\/rpdetectives.com\/wp-content\/uploads\/2023\/05\/financiero-495x400.jpg\" alt='' title='Investigaci\u00f3n Econ\u00f3mico\/Financiero'  height=\"400\" width=\"495\"  itemprop=\"thumbnailUrl\"  \/><\/div><\/div><\/div><\/div><\/p>\n","protected":false},"excerpt":{"rendered":"","protected":false},"author":1,"featured_media":0,"parent":2985,"menu_order":0,"comment_status":"closed","ping_status":"closed","template":"","meta":{"footnotes":""},"class_list":["post-2993","page","type-page","status-publish","hentry"],"yoast_head":"<!-- This site is optimized with the Yoast SEO plugin v27.4 - https:\/\/yoast.com\/product\/yoast-seo-wordpress\/ -->\n<title>Econ\u00f2mic\/Financer - RP Detectives Privados<\/title>\n<meta name=\"description\" content=\"A RP Detectives oferim un enfocament estrat\u00e8gic i prec\u00eds per resoldre conflictes econ\u00f2mics i financers.\" \/>\n<meta name=\"robots\" content=\"index, follow, max-snippet:-1, max-image-preview:large, max-video-preview:-1\" \/>\n<link rel=\"canonical\" href=\"https:\/\/rpdetectives.com\/ca\/detetctive-privado-servicios\/detective-economico-financiero\/\" \/>\n<meta property=\"og:locale\" content=\"ca_ES\" \/>\n<meta property=\"og:type\" content=\"article\" \/>\n<meta property=\"og:title\" content=\"Econ\u00f2mic\/Financer - RP Detectives Privados\" \/>\n<meta property=\"og:description\" content=\"A RP Detectives oferim un enfocament estrat\u00e8gic i prec\u00eds per resoldre conflictes econ\u00f2mics i financers.\" \/>\n<meta property=\"og:url\" content=\"https:\/\/rpdetectives.com\/ca\/detetctive-privado-servicios\/detective-economico-financiero\/\" \/>\n<meta property=\"og:site_name\" content=\"RP Detectives Privados\" \/>\n<meta property=\"article:modified_time\" content=\"2024-01-10T13:44:05+00:00\" \/>\n<meta name=\"twitter:card\" content=\"summary_large_image\" \/>\n<meta name=\"twitter:label1\" content=\"Temps estimat de lectura\" \/>\n\t<meta name=\"twitter:data1\" content=\"1 minut\" \/>\n<script type=\"application\/ld+json\" class=\"yoast-schema-graph\">{\"@context\":\"https:\\\/\\\/schema.org\",\"@graph\":[{\"@type\":\"WebPage\",\"@id\":\"https:\\\/\\\/rpdetectives.com\\\/ca\\\/detetctive-privado-servicios\\\/detective-economico-financiero\\\/\",\"url\":\"https:\\\/\\\/rpdetectives.com\\\/ca\\\/detetctive-privado-servicios\\\/detective-economico-financiero\\\/\",\"name\":\"Econ\u00f2mic\\\/Financer - RP Detectives Privados\",\"isPartOf\":{\"@id\":\"https:\\\/\\\/rpdetectives.com\\\/ca\\\/#website\"},\"datePublished\":\"2023-05-05T10:55:48+00:00\",\"dateModified\":\"2024-01-10T13:44:05+00:00\",\"description\":\"A RP Detectives oferim un enfocament estrat\u00e8gic i prec\u00eds per resoldre conflictes econ\u00f2mics i financers.\",\"breadcrumb\":{\"@id\":\"https:\\\/\\\/rpdetectives.com\\\/ca\\\/detetctive-privado-servicios\\\/detective-economico-financiero\\\/#breadcrumb\"},\"inLanguage\":\"ca\",\"potentialAction\":[{\"@type\":\"ReadAction\",\"target\":[\"https:\\\/\\\/rpdetectives.com\\\/ca\\\/detetctive-privado-servicios\\\/detective-economico-financiero\\\/\"]}]},{\"@type\":\"BreadcrumbList\",\"@id\":\"https:\\\/\\\/rpdetectives.com\\\/ca\\\/detetctive-privado-servicios\\\/detective-economico-financiero\\\/#breadcrumb\",\"itemListElement\":[{\"@type\":\"ListItem\",\"position\":1,\"name\":\"Home\",\"item\":\"https:\\\/\\\/rpdetectives.com\\\/ca\\\/inici\\\/\"},{\"@type\":\"ListItem\",\"position\":2,\"name\":\"Serveis\",\"item\":\"https:\\\/\\\/rpdetectives.com\\\/ca\\\/detetctive-privado-servicios\\\/\"},{\"@type\":\"ListItem\",\"position\":3,\"name\":\"Econ\u00f2mic\\\/Financer\"}]},{\"@type\":\"WebSite\",\"@id\":\"https:\\\/\\\/rpdetectives.com\\\/ca\\\/#website\",\"url\":\"https:\\\/\\\/rpdetectives.com\\\/ca\\\/\",\"name\":\"RP Detectives Privados\",\"description\":\"Gabinete de investigaci\u00f3n privada, fue fundado en el a\u00f1o 1989, por los hermanos Roger y Pau FERRER CABRE.\",\"potentialAction\":[{\"@type\":\"SearchAction\",\"target\":{\"@type\":\"EntryPoint\",\"urlTemplate\":\"https:\\\/\\\/rpdetectives.com\\\/ca\\\/?s={search_term_string}\"},\"query-input\":{\"@type\":\"PropertyValueSpecification\",\"valueRequired\":true,\"valueName\":\"search_term_string\"}}],\"inLanguage\":\"ca\"}]}<\/script>\n<!-- \/ Yoast SEO plugin. -->","yoast_head_json":{"title":"Econ\u00f2mic\/Financer - RP Detectives Privados","description":"A RP Detectives oferim un enfocament estrat\u00e8gic i prec\u00eds per resoldre conflictes econ\u00f2mics i financers.","robots":{"index":"index","follow":"follow","max-snippet":"max-snippet:-1","max-image-preview":"max-image-preview:large","max-video-preview":"max-video-preview:-1"},"canonical":"https:\/\/rpdetectives.com\/ca\/detetctive-privado-servicios\/detective-economico-financiero\/","og_locale":"ca_ES","og_type":"article","og_title":"Econ\u00f2mic\/Financer - RP Detectives Privados","og_description":"A RP Detectives oferim un enfocament estrat\u00e8gic i prec\u00eds per resoldre conflictes econ\u00f2mics i financers.","og_url":"https:\/\/rpdetectives.com\/ca\/detetctive-privado-servicios\/detective-economico-financiero\/","og_site_name":"RP Detectives Privados","article_modified_time":"2024-01-10T13:44:05+00:00","twitter_card":"summary_large_image","twitter_misc":{"Temps estimat de lectura":"1 minut"},"schema":{"@context":"https:\/\/schema.org","@graph":[{"@type":"WebPage","@id":"https:\/\/rpdetectives.com\/ca\/detetctive-privado-servicios\/detective-economico-financiero\/","url":"https:\/\/rpdetectives.com\/ca\/detetctive-privado-servicios\/detective-economico-financiero\/","name":"Econ\u00f2mic\/Financer - RP Detectives Privados","isPartOf":{"@id":"https:\/\/rpdetectives.com\/ca\/#website"},"datePublished":"2023-05-05T10:55:48+00:00","dateModified":"2024-01-10T13:44:05+00:00","description":"A RP Detectives oferim un enfocament estrat\u00e8gic i prec\u00eds per resoldre conflictes econ\u00f2mics i financers.","breadcrumb":{"@id":"https:\/\/rpdetectives.com\/ca\/detetctive-privado-servicios\/detective-economico-financiero\/#breadcrumb"},"inLanguage":"ca","potentialAction":[{"@type":"ReadAction","target":["https:\/\/rpdetectives.com\/ca\/detetctive-privado-servicios\/detective-economico-financiero\/"]}]},{"@type":"BreadcrumbList","@id":"https:\/\/rpdetectives.com\/ca\/detetctive-privado-servicios\/detective-economico-financiero\/#breadcrumb","itemListElement":[{"@type":"ListItem","position":1,"name":"Home","item":"https:\/\/rpdetectives.com\/ca\/inici\/"},{"@type":"ListItem","position":2,"name":"Serveis","item":"https:\/\/rpdetectives.com\/ca\/detetctive-privado-servicios\/"},{"@type":"ListItem","position":3,"name":"Econ\u00f2mic\/Financer"}]},{"@type":"WebSite","@id":"https:\/\/rpdetectives.com\/ca\/#website","url":"https:\/\/rpdetectives.com\/ca\/","name":"RP Detectives Privados","description":"Gabinete de investigaci\u00f3n privada, fue fundado en el a\u00f1o 1989, por los hermanos Roger y Pau FERRER CABRE.","potentialAction":[{"@type":"SearchAction","target":{"@type":"EntryPoint","urlTemplate":"https:\/\/rpdetectives.com\/ca\/?s={search_term_string}"},"query-input":{"@type":"PropertyValueSpecification","valueRequired":true,"valueName":"search_term_string"}}],"inLanguage":"ca"}]}},"_links":{"self":[{"href":"https:\/\/rpdetectives.com\/ca\/wp-json\/wp\/v2\/pages\/2993","targetHints":{"allow":["GET"]}}],"collection":[{"href":"https:\/\/rpdetectives.com\/ca\/wp-json\/wp\/v2\/pages"}],"about":[{"href":"https:\/\/rpdetectives.com\/ca\/wp-json\/wp\/v2\/types\/page"}],"author":[{"embeddable":true,"href":"https:\/\/rpdetectives.com\/ca\/wp-json\/wp\/v2\/users\/1"}],"replies":[{"embeddable":true,"href":"https:\/\/rpdetectives.com\/ca\/wp-json\/wp\/v2\/comments?post=2993"}],"version-history":[{"count":2,"href":"https:\/\/rpdetectives.com\/ca\/wp-json\/wp\/v2\/pages\/2993\/revisions"}],"predecessor-version":[{"id":2997,"href":"https:\/\/rpdetectives.com\/ca\/wp-json\/wp\/v2\/pages\/2993\/revisions\/2997"}],"up":[{"embeddable":true,"href":"https:\/\/rpdetectives.com\/ca\/wp-json\/wp\/v2\/pages\/2985"}],"wp:attachment":[{"href":"https:\/\/rpdetectives.com\/ca\/wp-json\/wp\/v2\/media?parent=2993"}],"curies":[{"name":"wp","href":"https:\/\/api.w.org\/{rel}","templated":true}]}}