{"id":2999,"date":"2023-05-05T10:56:04","date_gmt":"2023-05-05T10:56:04","guid":{"rendered":"https:\/\/rpdetectives.com\/detetctive-privado-servicios\/detective-privado-familiar\/"},"modified":"2024-01-10T13:47:06","modified_gmt":"2024-01-10T13:47:06","slug":"detective-privado-familiar","status":"publish","type":"page","link":"https:\/\/rpdetectives.com\/ca\/detetctive-privado-servicios\/detective-privado-familiar\/","title":{"rendered":"Privat\/Familiar"},"content":{"rendered":"\n<style type=\"text\/css\" data-created_by=\"avia_inline_auto\" id=\"style-css-av-49nqm-fb254064c8fab61b1203610ab12c17ad\">\n.avia-section.av-49nqm-fb254064c8fab61b1203610ab12c17ad{\nbackground-repeat:no-repeat;\nbackground-image:url(https:\/\/rpdetectives.com\/wp-content\/uploads\/2023\/05\/AD-1-RP.png);\nbackground-position:50% 50%;\nbackground-attachment:fixed;\n}\n.avia-section.av-49nqm-fb254064c8fab61b1203610ab12c17ad .av-section-color-overlay{\nopacity:0.4;\nbackground-color:#000000;\n}\n<\/style>\n<div id='av_section_1'  class='avia-section av-49nqm-fb254064c8fab61b1203610ab12c17ad main_color avia-section-default avia-no-border-styling  avia-builder-el-0  el_before_av_one_half  avia-builder-el-first  avia-full-stretch avia-bg-style-fixed av-section-color-overlay-active av-minimum-height av-minimum-height-50 av-height-50  container_wrap fullsize'  data-section-bg-repeat='stretch' data-av_minimum_height_pc='50' data-av_min_height_opt='50'><div class=\"av-section-color-overlay-wrap\"><div class=\"av-section-color-overlay\"><\/div><div class='container av-section-cont-open' ><main  role=\"main\" itemprop=\"mainContentOfPage\"  class='template-page content  av-content-full alpha units'><div class='post-entry post-entry-type-page post-entry-2999'><div class='entry-content-wrapper clearfix'>\n<div  class='flex_column av-3vs1q-3c6370d864076f18c6a282906d3d67fb av_one_full  avia-builder-el-1  avia-builder-el-no-sibling  first flex_column_div  '     ><style type=\"text\/css\" data-created_by=\"avia_inline_auto\" id=\"style-css-av-by72-c7522830ac00906b7e08ddd9c2eaa51b\">\n#top .av-special-heading.av-by72-c7522830ac00906b7e08ddd9c2eaa51b{\npadding-bottom:10px;\ncolor:#ffffff;\n}\nbody .av-special-heading.av-by72-c7522830ac00906b7e08ddd9c2eaa51b .av-special-heading-tag .heading-char{\nfont-size:25px;\n}\n.av-special-heading.av-by72-c7522830ac00906b7e08ddd9c2eaa51b .special-heading-inner-border{\nborder-color:#ffffff;\n}\n.av-special-heading.av-by72-c7522830ac00906b7e08ddd9c2eaa51b .av-subheading{\nfont-size:15px;\n}\n<\/style>\n<div  class='av-special-heading av-by72-c7522830ac00906b7e08ddd9c2eaa51b av-special-heading-h1 custom-color-heading blockquote modern-quote modern-centered  avia-builder-el-2  avia-builder-el-no-sibling '><h1 class='av-special-heading-tag '  itemprop=\"headline\"  >Detectiu privat, investigaci\u00f3 Privat\/Familiar<\/h1><div class='av_custom_color av-subheading av-subheading_below'><p>Quan es produeix un conflicte dins una fam\u00edlia, els sentiments entren en joc i no permeten valorar la situaci\u00f3 amb la serenitat i la imparcialitat necess\u00e0ries. En aquestes situacions, l\u201faportaci\u00f3 d\u201funa empresa de Recerca privada pot arribar a ser fonamental.<\/p>\n<\/div><div class=\"special-heading-border\"><div class=\"special-heading-inner-border\"><\/div><\/div><\/div><\/div><\/div><\/div><\/main><!-- close content main element --><\/div><\/div><\/div><div id='after_section_1'  class='main_color av_default_container_wrap container_wrap fullsize'  ><div class='container av-section-cont-open' ><div class='template-page content  av-content-full alpha units'><div class='post-entry post-entry-type-page post-entry-2999'><div class='entry-content-wrapper clearfix'><div  class='flex_column av-2wjlu-a51b88242f2cc198cd9b7432ea60a7b7 av_one_half  avia-builder-el-3  el_after_av_section  el_before_av_one_half  avia-builder-el-first  first flex_column_div  '     ><p>\n<style type=\"text\/css\" data-created_by=\"avia_inline_auto\" id=\"style-css-av-1xt56-6f44771a7ade17096aed6722c4118376\">\n#top .av-special-heading.av-1xt56-6f44771a7ade17096aed6722c4118376{\npadding-bottom:10px;\n}\nbody .av-special-heading.av-1xt56-6f44771a7ade17096aed6722c4118376 .av-special-heading-tag .heading-char{\nfont-size:25px;\n}\n.av-special-heading.av-1xt56-6f44771a7ade17096aed6722c4118376 .av-subheading{\nfont-size:15px;\n}\n<\/style>\n<div  class='av-special-heading av-1xt56-6f44771a7ade17096aed6722c4118376 av-special-heading-h2 blockquote modern-quote  avia-builder-el-4  el_before_av_hr  avia-builder-el-first '><h2 class='av-special-heading-tag '  itemprop=\"headline\"  >A RP Detectius brindem serveis de recerca amb discreci\u00f3 i confidencialitat.<\/h2><div class=\"special-heading-border\"><div class=\"special-heading-inner-border\"><\/div><\/div><\/div><br \/>\n\n<style type=\"text\/css\" data-created_by=\"avia_inline_auto\" id=\"style-css-av-1iq8q-a46e2f6ceb7c9d103a8c53816565a560\">\n#top .hr.av-1iq8q-a46e2f6ceb7c9d103a8c53816565a560{\nmargin-top:30px;\nmargin-bottom:30px;\n}\n.hr.av-1iq8q-a46e2f6ceb7c9d103a8c53816565a560 .hr-inner{\nwidth:70px;\nborder-color:#3b5f78;\n}\n<\/style>\n<div  class='hr av-1iq8q-a46e2f6ceb7c9d103a8c53816565a560 hr-custom  avia-builder-el-5  el_after_av_heading  el_before_av_textblock  hr-left hr-icon-no'><span class='hr-inner inner-border-av-border-fat'><span class=\"hr-inner-style\"><\/span><\/span><\/div><br \/>\n<section  class='av_textblock_section av-li8py3dd-aff102feb17b98dec3e9dd270b9d5c47 '   itemscope=\"itemscope\" itemtype=\"https:\/\/schema.org\/CreativeWork\" ><div class='avia_textblock'  itemprop=\"text\" ><ul>\n<li><strong>Infidelitat conjugal:<\/strong> Informaci\u00f3 pr\u00e8via a la interposici\u00f3 de demandes de separaci\u00f3 divorci.<\/li>\n<li><strong>Cust\u00f2dia dels fills:<\/strong> Demostrar la dedicaci\u00f3 indeguda als fills, o la incapacitat del c\u00f2njuge amb aquesta finalitat.<\/li>\n<li><strong>Pensions:<\/strong> Determinaci\u00f3 d&#8217;ingressos, estatus social o nivell de vida, localitzaci\u00f3 de b\u00e9ns&#8230;<\/li>\n<li><strong>Informes prematrimonials:<\/strong> Dades sobre la traject\u00f2ria de vida i la situaci\u00f3 actual de l&#8217;altra persona.<\/li>\n<li><strong>Comportament dels fills, prevenci\u00f3 de la drogoaddicci\u00f3, relaci\u00f3 amb sectes:<\/strong> S&#8217;elabora un informe sobre la situaci\u00f3 real i, si escau, es dissenya un pla dactuaci\u00f3.<\/li>\n<li><strong>Cerca de persones:<\/strong> Localitzador de familiars a territori nacional ia l&#8217;estranger. Seguiment d&#8217;an\u00f2nims i amenaces.<\/li>\n<li><strong>Investigaci\u00f3 sobre robatoris, furts i fraus.<\/strong><\/li>\n<li><strong>Her\u00e8ncies:<\/strong> Localitzaci\u00f3 i quantificaci\u00f3 de b\u00e9ns.<\/li>\n<li><strong>Informes pre-laborals sobre el personal domestico:<\/strong> Confirmaci\u00f3 de l&#8217;historial laboral i acad\u00e8mic, conflictivitat laboral, rendiment i antecedents penals&#8230;<\/li>\n<\/ul>\n<\/div><\/section><\/p><\/div><div  class='flex_column av-pnsi-57582ebbe34a1242b00e84facdd4871d av_one_half  avia-builder-el-7  el_after_av_one_half  avia-builder-el-last  flex_column_div  '     ><style type=\"text\/css\" data-created_by=\"avia_inline_auto\" id=\"style-css-av-li8pyrwd-85d8147fdea3e9a0f4b0515c34687d43\">\n.avia-image-container.av-li8pyrwd-85d8147fdea3e9a0f4b0515c34687d43 img.avia_image{\nbox-shadow:none;\n}\n.avia-image-container.av-li8pyrwd-85d8147fdea3e9a0f4b0515c34687d43 .av-image-caption-overlay-center{\ncolor:#ffffff;\n}\n<\/style>\n<div  class='avia-image-container av-li8pyrwd-85d8147fdea3e9a0f4b0515c34687d43 av-styling- avia-align-center  avia-builder-el-8  avia-builder-el-no-sibling '   itemprop=\"image\" itemscope=\"itemscope\" itemtype=\"https:\/\/schema.org\/ImageObject\" ><div class=\"avia-image-container-inner\"><div class=\"avia-image-overlay-wrap\"><img decoding=\"async\" fetchpriority=\"high\" class='wp-image-598 avia-img-lazy-loading-not-598 avia_image ' src=\"https:\/\/rpdetectives.com\/wp-content\/uploads\/2023\/05\/AD-3-RP.png\" alt='' title='Investigaci\u00f3n Privada\/Familiar'  height=\"800\" width=\"800\"  itemprop=\"thumbnailUrl\" srcset=\"https:\/\/rpdetectives.com\/wp-content\/uploads\/2023\/05\/AD-3-RP.png 800w, https:\/\/rpdetectives.com\/wp-content\/uploads\/2023\/05\/AD-3-RP-300x300.png 300w, https:\/\/rpdetectives.com\/wp-content\/uploads\/2023\/05\/AD-3-RP-80x80.png 80w, https:\/\/rpdetectives.com\/wp-content\/uploads\/2023\/05\/AD-3-RP-768x768.png 768w, https:\/\/rpdetectives.com\/wp-content\/uploads\/2023\/05\/AD-3-RP-36x36.png 36w, https:\/\/rpdetectives.com\/wp-content\/uploads\/2023\/05\/AD-3-RP-180x180.png 180w, https:\/\/rpdetectives.com\/wp-content\/uploads\/2023\/05\/AD-3-RP-705x705.png 705w\" sizes=\"(max-width: 800px) 100vw, 800px\" \/><\/div><\/div><\/div><\/div><\/p>\n","protected":false},"excerpt":{"rendered":"","protected":false},"author":1,"featured_media":0,"parent":2985,"menu_order":0,"comment_status":"closed","ping_status":"closed","template":"","meta":{"footnotes":""},"class_list":["post-2999","page","type-page","status-publish","hentry"],"yoast_head":"<!-- This site is optimized with the Yoast SEO plugin v27.4 - https:\/\/yoast.com\/product\/yoast-seo-wordpress\/ -->\n<title>Privat\/Familiar - RP Detectives Privados<\/title>\n<meta name=\"description\" content=\"A RP Detectives brindem serveis de recerca amb discreci\u00f3 i confidencialitat per a fam\u00edlies i persones privades.\" \/>\n<meta name=\"robots\" content=\"index, follow, max-snippet:-1, max-image-preview:large, max-video-preview:-1\" \/>\n<link rel=\"canonical\" href=\"https:\/\/rpdetectives.com\/ca\/detetctive-privado-servicios\/detective-privado-familiar\/\" \/>\n<meta property=\"og:locale\" content=\"ca_ES\" \/>\n<meta property=\"og:type\" content=\"article\" \/>\n<meta property=\"og:title\" content=\"Privat\/Familiar - RP Detectives Privados\" \/>\n<meta property=\"og:description\" content=\"A RP Detectives brindem serveis de recerca amb discreci\u00f3 i confidencialitat per a fam\u00edlies i persones privades.\" \/>\n<meta property=\"og:url\" content=\"https:\/\/rpdetectives.com\/ca\/detetctive-privado-servicios\/detective-privado-familiar\/\" \/>\n<meta property=\"og:site_name\" content=\"RP Detectives Privados\" \/>\n<meta property=\"article:modified_time\" content=\"2024-01-10T13:47:06+00:00\" \/>\n<meta name=\"twitter:card\" content=\"summary_large_image\" \/>\n<meta name=\"twitter:label1\" content=\"Temps estimat de lectura\" \/>\n\t<meta name=\"twitter:data1\" content=\"2 minuts\" \/>\n<script type=\"application\/ld+json\" class=\"yoast-schema-graph\">{\"@context\":\"https:\\\/\\\/schema.org\",\"@graph\":[{\"@type\":\"WebPage\",\"@id\":\"https:\\\/\\\/rpdetectives.com\\\/ca\\\/detetctive-privado-servicios\\\/detective-privado-familiar\\\/\",\"url\":\"https:\\\/\\\/rpdetectives.com\\\/ca\\\/detetctive-privado-servicios\\\/detective-privado-familiar\\\/\",\"name\":\"Privat\\\/Familiar - RP Detectives Privados\",\"isPartOf\":{\"@id\":\"https:\\\/\\\/rpdetectives.com\\\/ca\\\/#website\"},\"datePublished\":\"2023-05-05T10:56:04+00:00\",\"dateModified\":\"2024-01-10T13:47:06+00:00\",\"description\":\"A RP Detectives brindem serveis de recerca amb discreci\u00f3 i confidencialitat per a fam\u00edlies i persones privades.\",\"breadcrumb\":{\"@id\":\"https:\\\/\\\/rpdetectives.com\\\/ca\\\/detetctive-privado-servicios\\\/detective-privado-familiar\\\/#breadcrumb\"},\"inLanguage\":\"ca\",\"potentialAction\":[{\"@type\":\"ReadAction\",\"target\":[\"https:\\\/\\\/rpdetectives.com\\\/ca\\\/detetctive-privado-servicios\\\/detective-privado-familiar\\\/\"]}]},{\"@type\":\"BreadcrumbList\",\"@id\":\"https:\\\/\\\/rpdetectives.com\\\/ca\\\/detetctive-privado-servicios\\\/detective-privado-familiar\\\/#breadcrumb\",\"itemListElement\":[{\"@type\":\"ListItem\",\"position\":1,\"name\":\"Home\",\"item\":\"https:\\\/\\\/rpdetectives.com\\\/ca\\\/inici\\\/\"},{\"@type\":\"ListItem\",\"position\":2,\"name\":\"Serveis\",\"item\":\"https:\\\/\\\/rpdetectives.com\\\/ca\\\/detetctive-privado-servicios\\\/\"},{\"@type\":\"ListItem\",\"position\":3,\"name\":\"Privat\\\/Familiar\"}]},{\"@type\":\"WebSite\",\"@id\":\"https:\\\/\\\/rpdetectives.com\\\/ca\\\/#website\",\"url\":\"https:\\\/\\\/rpdetectives.com\\\/ca\\\/\",\"name\":\"RP Detectives Privados\",\"description\":\"Gabinete de investigaci\u00f3n privada, fue fundado en el a\u00f1o 1989, por los hermanos Roger y Pau FERRER CABRE.\",\"potentialAction\":[{\"@type\":\"SearchAction\",\"target\":{\"@type\":\"EntryPoint\",\"urlTemplate\":\"https:\\\/\\\/rpdetectives.com\\\/ca\\\/?s={search_term_string}\"},\"query-input\":{\"@type\":\"PropertyValueSpecification\",\"valueRequired\":true,\"valueName\":\"search_term_string\"}}],\"inLanguage\":\"ca\"}]}<\/script>\n<!-- \/ Yoast SEO plugin. -->","yoast_head_json":{"title":"Privat\/Familiar - RP Detectives Privados","description":"A RP Detectives brindem serveis de recerca amb discreci\u00f3 i confidencialitat per a fam\u00edlies i persones privades.","robots":{"index":"index","follow":"follow","max-snippet":"max-snippet:-1","max-image-preview":"max-image-preview:large","max-video-preview":"max-video-preview:-1"},"canonical":"https:\/\/rpdetectives.com\/ca\/detetctive-privado-servicios\/detective-privado-familiar\/","og_locale":"ca_ES","og_type":"article","og_title":"Privat\/Familiar - RP Detectives Privados","og_description":"A RP Detectives brindem serveis de recerca amb discreci\u00f3 i confidencialitat per a fam\u00edlies i persones privades.","og_url":"https:\/\/rpdetectives.com\/ca\/detetctive-privado-servicios\/detective-privado-familiar\/","og_site_name":"RP Detectives Privados","article_modified_time":"2024-01-10T13:47:06+00:00","twitter_card":"summary_large_image","twitter_misc":{"Temps estimat de lectura":"2 minuts"},"schema":{"@context":"https:\/\/schema.org","@graph":[{"@type":"WebPage","@id":"https:\/\/rpdetectives.com\/ca\/detetctive-privado-servicios\/detective-privado-familiar\/","url":"https:\/\/rpdetectives.com\/ca\/detetctive-privado-servicios\/detective-privado-familiar\/","name":"Privat\/Familiar - RP Detectives Privados","isPartOf":{"@id":"https:\/\/rpdetectives.com\/ca\/#website"},"datePublished":"2023-05-05T10:56:04+00:00","dateModified":"2024-01-10T13:47:06+00:00","description":"A RP Detectives brindem serveis de recerca amb discreci\u00f3 i confidencialitat per a fam\u00edlies i persones privades.","breadcrumb":{"@id":"https:\/\/rpdetectives.com\/ca\/detetctive-privado-servicios\/detective-privado-familiar\/#breadcrumb"},"inLanguage":"ca","potentialAction":[{"@type":"ReadAction","target":["https:\/\/rpdetectives.com\/ca\/detetctive-privado-servicios\/detective-privado-familiar\/"]}]},{"@type":"BreadcrumbList","@id":"https:\/\/rpdetectives.com\/ca\/detetctive-privado-servicios\/detective-privado-familiar\/#breadcrumb","itemListElement":[{"@type":"ListItem","position":1,"name":"Home","item":"https:\/\/rpdetectives.com\/ca\/inici\/"},{"@type":"ListItem","position":2,"name":"Serveis","item":"https:\/\/rpdetectives.com\/ca\/detetctive-privado-servicios\/"},{"@type":"ListItem","position":3,"name":"Privat\/Familiar"}]},{"@type":"WebSite","@id":"https:\/\/rpdetectives.com\/ca\/#website","url":"https:\/\/rpdetectives.com\/ca\/","name":"RP Detectives Privados","description":"Gabinete de investigaci\u00f3n privada, fue fundado en el a\u00f1o 1989, por los hermanos Roger y Pau FERRER CABRE.","potentialAction":[{"@type":"SearchAction","target":{"@type":"EntryPoint","urlTemplate":"https:\/\/rpdetectives.com\/ca\/?s={search_term_string}"},"query-input":{"@type":"PropertyValueSpecification","valueRequired":true,"valueName":"search_term_string"}}],"inLanguage":"ca"}]}},"_links":{"self":[{"href":"https:\/\/rpdetectives.com\/ca\/wp-json\/wp\/v2\/pages\/2999","targetHints":{"allow":["GET"]}}],"collection":[{"href":"https:\/\/rpdetectives.com\/ca\/wp-json\/wp\/v2\/pages"}],"about":[{"href":"https:\/\/rpdetectives.com\/ca\/wp-json\/wp\/v2\/types\/page"}],"author":[{"embeddable":true,"href":"https:\/\/rpdetectives.com\/ca\/wp-json\/wp\/v2\/users\/1"}],"replies":[{"embeddable":true,"href":"https:\/\/rpdetectives.com\/ca\/wp-json\/wp\/v2\/comments?post=2999"}],"version-history":[{"count":1,"href":"https:\/\/rpdetectives.com\/ca\/wp-json\/wp\/v2\/pages\/2999\/revisions"}],"predecessor-version":[{"id":3002,"href":"https:\/\/rpdetectives.com\/ca\/wp-json\/wp\/v2\/pages\/2999\/revisions\/3002"}],"up":[{"embeddable":true,"href":"https:\/\/rpdetectives.com\/ca\/wp-json\/wp\/v2\/pages\/2985"}],"wp:attachment":[{"href":"https:\/\/rpdetectives.com\/ca\/wp-json\/wp\/v2\/media?parent=2999"}],"curies":[{"name":"wp","href":"https:\/\/api.w.org\/{rel}","templated":true}]}}