{"id":3003,"date":"2023-05-05T10:58:56","date_gmt":"2023-05-05T10:58:56","guid":{"rendered":"https:\/\/rpdetectives.com\/detetctive-privado-servicios\/detective-aseguradoras-mutuas\/"},"modified":"2024-01-10T13:49:38","modified_gmt":"2024-01-10T13:49:38","slug":"detective-aseguradoras-mutuas","status":"publish","type":"page","link":"https:\/\/rpdetectives.com\/ca\/detetctive-privado-servicios\/detective-aseguradoras-mutuas\/","title":{"rendered":"Asseguradores\/M\u00fatues"},"content":{"rendered":"\n<style type=\"text\/css\" data-created_by=\"avia_inline_auto\" id=\"style-css-av-3w1gw-5b7ee27c377a96b5033e2bab2fa93258\">\n.avia-section.av-3w1gw-5b7ee27c377a96b5033e2bab2fa93258{\nbackground-repeat:no-repeat;\nbackground-image:url(https:\/\/rpdetectives.com\/wp-content\/uploads\/2023\/05\/pexels-artyom-kulakov-2265634-1-1-300x200.jpg);\nbackground-position:50% 50%;\nbackground-attachment:fixed;\n}\n.avia-section.av-3w1gw-5b7ee27c377a96b5033e2bab2fa93258 .av-section-color-overlay{\nopacity:0.4;\nbackground-color:#000000;\n}\n<\/style>\n<div id='av_section_1'  class='avia-section av-3w1gw-5b7ee27c377a96b5033e2bab2fa93258 main_color avia-section-default avia-no-border-styling  avia-builder-el-0  el_before_av_one_half  avia-builder-el-first  avia-full-stretch avia-bg-style-fixed av-section-color-overlay-active av-minimum-height av-minimum-height-50 av-height-50  container_wrap fullsize'  data-section-bg-repeat='stretch' data-av_minimum_height_pc='50' data-av_min_height_opt='50'><div class=\"av-section-color-overlay-wrap\"><div class=\"av-section-color-overlay\"><\/div><div class='container av-section-cont-open' ><main  role=\"main\" itemprop=\"mainContentOfPage\"  class='template-page content  av-content-full alpha units'><div class='post-entry post-entry-type-page post-entry-3003'><div class='entry-content-wrapper clearfix'>\n<div  class='flex_column av-3gubo-26bb9aeb560b6ee2be45626e52aa58fa av_one_full  avia-builder-el-1  avia-builder-el-no-sibling  first flex_column_div  '     ><style type=\"text\/css\" data-created_by=\"avia_inline_auto\" id=\"style-css-av-li8ozzsy-2f50f72545ed581e14cd88b070e6090d\">\n#top .av-special-heading.av-li8ozzsy-2f50f72545ed581e14cd88b070e6090d{\npadding-bottom:10px;\ncolor:#ffffff;\n}\nbody .av-special-heading.av-li8ozzsy-2f50f72545ed581e14cd88b070e6090d .av-special-heading-tag .heading-char{\nfont-size:25px;\n}\n.av-special-heading.av-li8ozzsy-2f50f72545ed581e14cd88b070e6090d .special-heading-inner-border{\nborder-color:#ffffff;\n}\n.av-special-heading.av-li8ozzsy-2f50f72545ed581e14cd88b070e6090d .av-subheading{\nfont-size:15px;\n}\n<\/style>\n<div  class='av-special-heading av-li8ozzsy-2f50f72545ed581e14cd88b070e6090d av-special-heading-h1 custom-color-heading blockquote modern-quote modern-centered  avia-builder-el-2  avia-builder-el-no-sibling '><h1 class='av-special-heading-tag '  itemprop=\"headline\"  >Detectiu privat, investigaci\u00f3 per a Asseguradores\/M\u00fatues<\/h1><div class='av_custom_color av-subheading av-subheading_below'><p>Experts en investigaci\u00f3 de sinistres, oferim solucions precises i eficients per a asseguradores i m\u00fatues.<\/p>\n<\/div><div class=\"special-heading-border\"><div class=\"special-heading-inner-border\"><\/div><\/div><\/div><\/div><\/div><\/div><\/main><!-- close content main element --><\/div><\/div><\/div><div id='after_section_1'  class='main_color av_default_container_wrap container_wrap fullsize'  ><div class='container av-section-cont-open' ><div class='template-page content  av-content-full alpha units'><div class='post-entry post-entry-type-page post-entry-3003'><div class='entry-content-wrapper clearfix'><div  class='flex_column av-2o4ww-a89170dd462ae6bf6f82e57000b0dd21 av_one_half  avia-builder-el-3  el_after_av_section  el_before_av_one_half  avia-builder-el-first  first flex_column_div  '     ><p>\n<style type=\"text\/css\" data-created_by=\"avia_inline_auto\" id=\"style-css-av-1z24w-16cd30cdacfebcfbb970481e7e38fb01\">\n#top .av-special-heading.av-1z24w-16cd30cdacfebcfbb970481e7e38fb01{\npadding-bottom:10px;\n}\nbody .av-special-heading.av-1z24w-16cd30cdacfebcfbb970481e7e38fb01 .av-special-heading-tag .heading-char{\nfont-size:25px;\n}\n.av-special-heading.av-1z24w-16cd30cdacfebcfbb970481e7e38fb01 .av-subheading{\nfont-size:15px;\n}\n<\/style>\n<div  class='av-special-heading av-1z24w-16cd30cdacfebcfbb970481e7e38fb01 av-special-heading-h2 blockquote modern-quote  avia-builder-el-4  el_before_av_hr  avia-builder-el-first '><h2 class='av-special-heading-tag '  itemprop=\"headline\"  >A RP Detectives brindem un enfocament integral i rigor\u00f3s desvetllant la veritat darrere de:<\/h2><div class=\"special-heading-border\"><div class=\"special-heading-inner-border\"><\/div><\/div><\/div><br \/>\n\n<style type=\"text\/css\" data-created_by=\"avia_inline_auto\" id=\"style-css-av-1hlqo-50f05b93cdb500142013c534a3b92e4d\">\n#top .hr.av-1hlqo-50f05b93cdb500142013c534a3b92e4d{\nmargin-top:30px;\nmargin-bottom:30px;\n}\n.hr.av-1hlqo-50f05b93cdb500142013c534a3b92e4d .hr-inner{\nwidth:70px;\nborder-color:#3b5f78;\n}\n<\/style>\n<div  class='hr av-1hlqo-50f05b93cdb500142013c534a3b92e4d hr-custom  avia-builder-el-5  el_after_av_heading  el_before_av_textblock  hr-left hr-icon-no'><span class='hr-inner inner-border-av-border-fat'><span class=\"hr-inner-style\"><\/span><\/span><\/div><br \/>\n<section  class='av_textblock_section av-li8p6n8l-6a56d183aa982c1e02f8f6b4ece774ee '   itemscope=\"itemscope\" itemtype=\"https:\/\/schema.org\/CreativeWork\" ><div class='avia_textblock'  itemprop=\"text\" ><ul>\n<li><strong>Investigaci\u00f3 de sinistres C.I.C.O.S:<\/strong> Investigaci\u00f3 sobre Declaraci\u00f3 d&#8217;Accident, demostraci\u00f3 de falsedat del mateix o verificaci\u00f3 de l&#8217;autenticitat del sinistre. S&#8217;analitzen vincles entre parts, l\u00f2gica del sinistre, situaci\u00f3 legal del vehicle, data i lloc del mateix, etc\u2026<\/li>\n<li><strong>Verificaci\u00f3 de robatoris &#8211; furts &#8211; R.C-.DIVERSOS:<\/strong> Aportaci\u00f3 de proves aclaridores del sinistre i circumst\u00e0ncies, aix\u00ed com la constataci\u00f3 del mateix (frau o no) En tot cas es determina l&#8217;autenticitat del sinistre.<\/li>\n<li><strong>Lesionats \u2013 reclamacions abusives \u2013 frau en sinistres:<\/strong> Constataci\u00f3 de la situaci\u00f3 real i actual de l&#8217;estat f\u00edsic i laboral del lesionat, aix\u00ed com qualsevol investigaci\u00f3 entorn del possible frau. Seguiment del tema i control sobre el lesionat, en els casos en qu\u00e8 se sospita lexist\u00e8ncia de frau, aix\u00ed com obtenci\u00f3 de proves i documents que siguin dinter\u00e8s.<\/li>\n<li><strong>Robatoris en comer\u00e7os, llars, empreses.<\/strong><\/li>\n<li><strong>Verificaci\u00f3 de declaraci\u00f3 de sinistres.<\/strong><\/li>\n<li><strong>Robatori en transports, entrega de mercaderies.<\/strong><\/li>\n<li><strong>L\u00f2gia de robatoris, estat de les empreses, deutes.<\/strong><\/li>\n<li><strong>Altres serveis:<\/strong> Incendis grans sinistres, sinestres RC,. robatoris en transport.<\/li>\n<\/ul>\n<\/div><\/section><\/p><\/div><div  class='flex_column av-11v2o-01354579c1466d83ff9f96907b89bdf6 av_one_half  avia-builder-el-7  el_after_av_one_half  avia-builder-el-last  flex_column_div  '     ><style type=\"text\/css\" data-created_by=\"avia_inline_auto\" id=\"style-css-av-li8p8641-ee9387cc3630ac77079d362b85973a1e\">\n.avia-image-container.av-li8p8641-ee9387cc3630ac77079d362b85973a1e img.avia_image{\nbox-shadow:none;\n}\n.avia-image-container.av-li8p8641-ee9387cc3630ac77079d362b85973a1e .av-image-caption-overlay-center{\ncolor:#ffffff;\n}\n<\/style>\n<div  class='avia-image-container av-li8p8641-ee9387cc3630ac77079d362b85973a1e av-styling- avia-align-center  avia-builder-el-8  avia-builder-el-no-sibling '   itemprop=\"image\" itemscope=\"itemscope\" itemtype=\"https:\/\/schema.org\/ImageObject\" ><div class=\"avia-image-container-inner\"><div class=\"avia-image-overlay-wrap\"><img decoding=\"async\" fetchpriority=\"high\" class='wp-image-624 avia-img-lazy-loading-not-624 avia_image ' src=\"https:\/\/rpdetectives.com\/wp-content\/uploads\/2023\/05\/seguro.jpg\" alt='' title='Investigaci\u00f3n Aseguradoras\/Mutuas'  height=\"800\" width=\"800\"  itemprop=\"thumbnailUrl\" srcset=\"https:\/\/rpdetectives.com\/wp-content\/uploads\/2023\/05\/seguro.jpg 800w, https:\/\/rpdetectives.com\/wp-content\/uploads\/2023\/05\/seguro-300x300.jpg 300w, https:\/\/rpdetectives.com\/wp-content\/uploads\/2023\/05\/seguro-80x80.jpg 80w, https:\/\/rpdetectives.com\/wp-content\/uploads\/2023\/05\/seguro-768x768.jpg 768w, https:\/\/rpdetectives.com\/wp-content\/uploads\/2023\/05\/seguro-36x36.jpg 36w, https:\/\/rpdetectives.com\/wp-content\/uploads\/2023\/05\/seguro-180x180.jpg 180w, https:\/\/rpdetectives.com\/wp-content\/uploads\/2023\/05\/seguro-705x705.jpg 705w\" sizes=\"(max-width: 800px) 100vw, 800px\" \/><\/div><\/div><\/div><\/div><\/p>\n","protected":false},"excerpt":{"rendered":"","protected":false},"author":1,"featured_media":0,"parent":2985,"menu_order":0,"comment_status":"closed","ping_status":"closed","template":"","meta":{"footnotes":""},"class_list":["post-3003","page","type-page","status-publish","hentry"],"yoast_head":"<!-- This site is optimized with the Yoast SEO plugin v27.4 - https:\/\/yoast.com\/product\/yoast-seo-wordpress\/ -->\n<title>Asseguradores\/M\u00fatues - RP Detectives Privados<\/title>\n<meta name=\"description\" content=\"A RP Detectives som experts en investigaci\u00f3 de sinistres, oferim solucions precises i eficients per a asseguradores i m\u00fatues.\" \/>\n<meta name=\"robots\" content=\"index, follow, max-snippet:-1, max-image-preview:large, max-video-preview:-1\" \/>\n<link rel=\"canonical\" href=\"https:\/\/rpdetectives.com\/ca\/detetctive-privado-servicios\/detective-aseguradoras-mutuas\/\" \/>\n<meta property=\"og:locale\" content=\"ca_ES\" \/>\n<meta property=\"og:type\" content=\"article\" \/>\n<meta property=\"og:title\" content=\"Asseguradores\/M\u00fatues - RP Detectives Privados\" \/>\n<meta property=\"og:description\" content=\"A RP Detectives som experts en investigaci\u00f3 de sinistres, oferim solucions precises i eficients per a asseguradores i m\u00fatues.\" \/>\n<meta property=\"og:url\" content=\"https:\/\/rpdetectives.com\/ca\/detetctive-privado-servicios\/detective-aseguradoras-mutuas\/\" \/>\n<meta property=\"og:site_name\" content=\"RP Detectives Privados\" \/>\n<meta property=\"article:modified_time\" content=\"2024-01-10T13:49:38+00:00\" \/>\n<meta name=\"twitter:card\" content=\"summary_large_image\" \/>\n<meta name=\"twitter:label1\" content=\"Temps estimat de lectura\" \/>\n\t<meta name=\"twitter:data1\" content=\"2 minuts\" \/>\n<script type=\"application\/ld+json\" class=\"yoast-schema-graph\">{\"@context\":\"https:\\\/\\\/schema.org\",\"@graph\":[{\"@type\":\"WebPage\",\"@id\":\"https:\\\/\\\/rpdetectives.com\\\/ca\\\/detetctive-privado-servicios\\\/detective-aseguradoras-mutuas\\\/\",\"url\":\"https:\\\/\\\/rpdetectives.com\\\/ca\\\/detetctive-privado-servicios\\\/detective-aseguradoras-mutuas\\\/\",\"name\":\"Asseguradores\\\/M\u00fatues - RP Detectives Privados\",\"isPartOf\":{\"@id\":\"https:\\\/\\\/rpdetectives.com\\\/ca\\\/#website\"},\"datePublished\":\"2023-05-05T10:58:56+00:00\",\"dateModified\":\"2024-01-10T13:49:38+00:00\",\"description\":\"A RP Detectives som experts en investigaci\u00f3 de sinistres, oferim solucions precises i eficients per a asseguradores i m\u00fatues.\",\"breadcrumb\":{\"@id\":\"https:\\\/\\\/rpdetectives.com\\\/ca\\\/detetctive-privado-servicios\\\/detective-aseguradoras-mutuas\\\/#breadcrumb\"},\"inLanguage\":\"ca\",\"potentialAction\":[{\"@type\":\"ReadAction\",\"target\":[\"https:\\\/\\\/rpdetectives.com\\\/ca\\\/detetctive-privado-servicios\\\/detective-aseguradoras-mutuas\\\/\"]}]},{\"@type\":\"BreadcrumbList\",\"@id\":\"https:\\\/\\\/rpdetectives.com\\\/ca\\\/detetctive-privado-servicios\\\/detective-aseguradoras-mutuas\\\/#breadcrumb\",\"itemListElement\":[{\"@type\":\"ListItem\",\"position\":1,\"name\":\"Home\",\"item\":\"https:\\\/\\\/rpdetectives.com\\\/ca\\\/inici\\\/\"},{\"@type\":\"ListItem\",\"position\":2,\"name\":\"Serveis\",\"item\":\"https:\\\/\\\/rpdetectives.com\\\/ca\\\/detetctive-privado-servicios\\\/\"},{\"@type\":\"ListItem\",\"position\":3,\"name\":\"Asseguradores\\\/M\u00fatues\"}]},{\"@type\":\"WebSite\",\"@id\":\"https:\\\/\\\/rpdetectives.com\\\/ca\\\/#website\",\"url\":\"https:\\\/\\\/rpdetectives.com\\\/ca\\\/\",\"name\":\"RP Detectives Privados\",\"description\":\"Gabinete de investigaci\u00f3n privada, fue fundado en el a\u00f1o 1989, por los hermanos Roger y Pau FERRER CABRE.\",\"potentialAction\":[{\"@type\":\"SearchAction\",\"target\":{\"@type\":\"EntryPoint\",\"urlTemplate\":\"https:\\\/\\\/rpdetectives.com\\\/ca\\\/?s={search_term_string}\"},\"query-input\":{\"@type\":\"PropertyValueSpecification\",\"valueRequired\":true,\"valueName\":\"search_term_string\"}}],\"inLanguage\":\"ca\"}]}<\/script>\n<!-- \/ Yoast SEO plugin. -->","yoast_head_json":{"title":"Asseguradores\/M\u00fatues - RP Detectives Privados","description":"A RP Detectives som experts en investigaci\u00f3 de sinistres, oferim solucions precises i eficients per a asseguradores i m\u00fatues.","robots":{"index":"index","follow":"follow","max-snippet":"max-snippet:-1","max-image-preview":"max-image-preview:large","max-video-preview":"max-video-preview:-1"},"canonical":"https:\/\/rpdetectives.com\/ca\/detetctive-privado-servicios\/detective-aseguradoras-mutuas\/","og_locale":"ca_ES","og_type":"article","og_title":"Asseguradores\/M\u00fatues - RP Detectives Privados","og_description":"A RP Detectives som experts en investigaci\u00f3 de sinistres, oferim solucions precises i eficients per a asseguradores i m\u00fatues.","og_url":"https:\/\/rpdetectives.com\/ca\/detetctive-privado-servicios\/detective-aseguradoras-mutuas\/","og_site_name":"RP Detectives Privados","article_modified_time":"2024-01-10T13:49:38+00:00","twitter_card":"summary_large_image","twitter_misc":{"Temps estimat de lectura":"2 minuts"},"schema":{"@context":"https:\/\/schema.org","@graph":[{"@type":"WebPage","@id":"https:\/\/rpdetectives.com\/ca\/detetctive-privado-servicios\/detective-aseguradoras-mutuas\/","url":"https:\/\/rpdetectives.com\/ca\/detetctive-privado-servicios\/detective-aseguradoras-mutuas\/","name":"Asseguradores\/M\u00fatues - RP Detectives Privados","isPartOf":{"@id":"https:\/\/rpdetectives.com\/ca\/#website"},"datePublished":"2023-05-05T10:58:56+00:00","dateModified":"2024-01-10T13:49:38+00:00","description":"A RP Detectives som experts en investigaci\u00f3 de sinistres, oferim solucions precises i eficients per a asseguradores i m\u00fatues.","breadcrumb":{"@id":"https:\/\/rpdetectives.com\/ca\/detetctive-privado-servicios\/detective-aseguradoras-mutuas\/#breadcrumb"},"inLanguage":"ca","potentialAction":[{"@type":"ReadAction","target":["https:\/\/rpdetectives.com\/ca\/detetctive-privado-servicios\/detective-aseguradoras-mutuas\/"]}]},{"@type":"BreadcrumbList","@id":"https:\/\/rpdetectives.com\/ca\/detetctive-privado-servicios\/detective-aseguradoras-mutuas\/#breadcrumb","itemListElement":[{"@type":"ListItem","position":1,"name":"Home","item":"https:\/\/rpdetectives.com\/ca\/inici\/"},{"@type":"ListItem","position":2,"name":"Serveis","item":"https:\/\/rpdetectives.com\/ca\/detetctive-privado-servicios\/"},{"@type":"ListItem","position":3,"name":"Asseguradores\/M\u00fatues"}]},{"@type":"WebSite","@id":"https:\/\/rpdetectives.com\/ca\/#website","url":"https:\/\/rpdetectives.com\/ca\/","name":"RP Detectives Privados","description":"Gabinete de investigaci\u00f3n privada, fue fundado en el a\u00f1o 1989, por los hermanos Roger y Pau FERRER CABRE.","potentialAction":[{"@type":"SearchAction","target":{"@type":"EntryPoint","urlTemplate":"https:\/\/rpdetectives.com\/ca\/?s={search_term_string}"},"query-input":{"@type":"PropertyValueSpecification","valueRequired":true,"valueName":"search_term_string"}}],"inLanguage":"ca"}]}},"_links":{"self":[{"href":"https:\/\/rpdetectives.com\/ca\/wp-json\/wp\/v2\/pages\/3003","targetHints":{"allow":["GET"]}}],"collection":[{"href":"https:\/\/rpdetectives.com\/ca\/wp-json\/wp\/v2\/pages"}],"about":[{"href":"https:\/\/rpdetectives.com\/ca\/wp-json\/wp\/v2\/types\/page"}],"author":[{"embeddable":true,"href":"https:\/\/rpdetectives.com\/ca\/wp-json\/wp\/v2\/users\/1"}],"replies":[{"embeddable":true,"href":"https:\/\/rpdetectives.com\/ca\/wp-json\/wp\/v2\/comments?post=3003"}],"version-history":[{"count":2,"href":"https:\/\/rpdetectives.com\/ca\/wp-json\/wp\/v2\/pages\/3003\/revisions"}],"predecessor-version":[{"id":3007,"href":"https:\/\/rpdetectives.com\/ca\/wp-json\/wp\/v2\/pages\/3003\/revisions\/3007"}],"up":[{"embeddable":true,"href":"https:\/\/rpdetectives.com\/ca\/wp-json\/wp\/v2\/pages\/2985"}],"wp:attachment":[{"href":"https:\/\/rpdetectives.com\/ca\/wp-json\/wp\/v2\/media?parent=3003"}],"curies":[{"name":"wp","href":"https:\/\/api.w.org\/{rel}","templated":true}]}}