{"id":3012,"date":"2023-05-05T11:00:20","date_gmt":"2023-05-05T11:00:20","guid":{"rendered":"https:\/\/rpdetectives.com\/detetctive-privado-servicios\/detective-investigacion-informatica\/"},"modified":"2024-01-10T13:56:01","modified_gmt":"2024-01-10T13:56:01","slug":"detectiu-investigacio-informacio","status":"publish","type":"page","link":"https:\/\/rpdetectives.com\/ca\/detetctive-privado-servicios\/detectiu-investigacio-informacio\/","title":{"rendered":"Investigaci\u00f3 inform\u00e0tica"},"content":{"rendered":"\n<style type=\"text\/css\" data-created_by=\"avia_inline_auto\" id=\"style-css-av-li8odw13-4cdf140119c61c2b56c68aa46343810d\">\n.avia-section.av-li8odw13-4cdf140119c61c2b56c68aa46343810d{\nbackground-repeat:no-repeat;\nbackground-image:url(https:\/\/rpdetectives.com\/wp-content\/uploads\/2023\/05\/pexels-kevin-ku-577585-scaled.jpg);\nbackground-position:50% 50%;\nbackground-attachment:fixed;\n}\n.avia-section.av-li8odw13-4cdf140119c61c2b56c68aa46343810d .av-section-color-overlay{\nopacity:0.4;\nbackground-color:#000000;\n}\n<\/style>\n<div id='av_section_1'  class='avia-section av-li8odw13-4cdf140119c61c2b56c68aa46343810d main_color avia-section-default avia-no-border-styling  avia-builder-el-0  el_before_av_one_half  avia-builder-el-first  avia-full-stretch avia-bg-style-fixed av-section-color-overlay-active av-minimum-height av-minimum-height-50 av-height-50  container_wrap fullsize'  data-section-bg-repeat='stretch' data-av_minimum_height_pc='50' data-av_min_height_opt='50'><div class=\"av-section-color-overlay-wrap\"><div class=\"av-section-color-overlay\"><\/div><div class='container av-section-cont-open' ><main  role=\"main\" itemprop=\"mainContentOfPage\"  class='template-page content  av-content-full alpha units'><div class='post-entry post-entry-type-page post-entry-3012'><div class='entry-content-wrapper clearfix'>\n<div  class='flex_column av-3nl5f-4eef2bceaff686170b4e005b35eaf214 av_one_full  avia-builder-el-1  avia-builder-el-no-sibling  first flex_column_div  '     ><style type=\"text\/css\" data-created_by=\"avia_inline_auto\" id=\"style-css-av-li8obo66-0068af4464aea5a6ec996b153ac3b379\">\n#top .av-special-heading.av-li8obo66-0068af4464aea5a6ec996b153ac3b379{\npadding-bottom:10px;\ncolor:#ffffff;\n}\nbody .av-special-heading.av-li8obo66-0068af4464aea5a6ec996b153ac3b379 .av-special-heading-tag .heading-char{\nfont-size:25px;\n}\n.av-special-heading.av-li8obo66-0068af4464aea5a6ec996b153ac3b379 .special-heading-inner-border{\nborder-color:#ffffff;\n}\n.av-special-heading.av-li8obo66-0068af4464aea5a6ec996b153ac3b379 .av-subheading{\nfont-size:15px;\n}\n<\/style>\n<div  class='av-special-heading av-li8obo66-0068af4464aea5a6ec996b153ac3b379 av-special-heading-h1 custom-color-heading blockquote modern-quote modern-centered  avia-builder-el-2  avia-builder-el-no-sibling '><h1 class='av-special-heading-tag '  itemprop=\"headline\"  >Detectiu privat, investigaci\u00f3 inform\u00e0tica<\/h1><div class='av_custom_color av-subheading av-subheading_below'><p>Seguretat inform\u00e0tica estrat\u00e8gica pel teu negoci. Minimitza riscos, protegeix sistemes cr\u00edtics i garanteix la continu\u00eftat empresarial en un entorn canviant.<\/p>\n<\/div><div class=\"special-heading-border\"><div class=\"special-heading-inner-border\"><\/div><\/div><\/div><\/div><\/div><\/div><\/main><!-- close content main element --><\/div><\/div><\/div><div id='after_section_1'  class='main_color av_default_container_wrap container_wrap fullsize'  ><div class='container av-section-cont-open' ><div class='template-page content  av-content-full alpha units'><div class='post-entry post-entry-type-page post-entry-3012'><div class='entry-content-wrapper clearfix'><div  class='flex_column av-3i4gv-79d686eb631e1a167ae70ad4db975d1d av_one_half  avia-builder-el-3  el_after_av_section  el_before_av_one_half  avia-builder-el-first  first flex_column_div  '     ><p>\n<style type=\"text\/css\" data-created_by=\"avia_inline_auto\" id=\"style-css-av-2n26j-b7f7ad19b3f3bb13e38561584681b4c9\">\n#top .av-special-heading.av-2n26j-b7f7ad19b3f3bb13e38561584681b4c9{\npadding-bottom:10px;\n}\nbody .av-special-heading.av-2n26j-b7f7ad19b3f3bb13e38561584681b4c9 .av-special-heading-tag .heading-char{\nfont-size:25px;\n}\n.av-special-heading.av-2n26j-b7f7ad19b3f3bb13e38561584681b4c9 .av-subheading{\nfont-size:15px;\n}\n<\/style>\n<div  class='av-special-heading av-2n26j-b7f7ad19b3f3bb13e38561584681b4c9 av-special-heading-h2 blockquote modern-quote  avia-builder-el-4  el_before_av_hr  avia-builder-el-first '><h2 class='av-special-heading-tag '  itemprop=\"headline\"  >A RP Detective minimitzem els riscos investigant i identificant les amenaces inform\u00e0tiques per a les teves empreses.<\/h2><div class=\"special-heading-border\"><div class=\"special-heading-inner-border\"><\/div><\/div><\/div><br \/>\n\n<style type=\"text\/css\" data-created_by=\"avia_inline_auto\" id=\"style-css-av-24kab-356cbcb02b9be578fa2a818074697e3d\">\n#top .hr.av-24kab-356cbcb02b9be578fa2a818074697e3d{\nmargin-top:30px;\nmargin-bottom:30px;\n}\n.hr.av-24kab-356cbcb02b9be578fa2a818074697e3d .hr-inner{\nwidth:70px;\nborder-color:#3b5f78;\n}\n<\/style>\n<div  class='hr av-24kab-356cbcb02b9be578fa2a818074697e3d hr-custom  avia-builder-el-5  el_after_av_heading  el_before_av_textblock  hr-left hr-icon-no'><span class='hr-inner inner-border-av-border-fat'><span class=\"hr-inner-style\"><\/span><\/span><\/div><br \/>\n<section  class='av_textblock_section av-572n-f3f17ff3dcab908b6dc2f76370347542 '   itemscope=\"itemscope\" itemtype=\"https:\/\/schema.org\/CreativeWork\" ><div class='avia_textblock'  itemprop=\"text\" ><p><strong>Consultoria de Seguretat de Sistemes Inform\u00e0tics:<\/strong> Dirigit a empreses els sistemes inform\u00e0tics de les quals siguin cr\u00edtics en els seus processos de negoci. Les organitzacions s&#8217;exposen a amenaces de diversa \u00edndole: cat\u00e0strofes naturals, accidents, avaries, sabotatges, neglig\u00e8ncia, intrusions f\u00edsiques i\/o l\u00f2giques, etc.<\/p>\n<p>Amb aquests serveis es pret\u00e9n minimitzar el risc a qu\u00e8 s&#8217;exposa la seva organitzaci\u00f3. S&#8217;identifiquen amenaces, vulnerabilitats i l&#8217;impacte d&#8217;aquestes i es determinen les accions que cal prendre buscant l&#8217;equilibri entre despeses, riscos i beneficis aportats utilitzant metodologies dissenyades per a aquesta finalitat.<\/p>\n<\/div><\/section><\/p><\/div><div  class='flex_column av-3nd3-546feab17905fbbbff9da4cd07155780 av_one_half  avia-builder-el-7  el_after_av_one_half  el_before_av_one_fifth  flex_column_div  '     ><style type=\"text\/css\" data-created_by=\"avia_inline_auto\" id=\"style-css-av-li8odkny-89d9576e0a5b7863de38668b0d5cc2ea\">\n.avia-image-container.av-li8odkny-89d9576e0a5b7863de38668b0d5cc2ea img.avia_image{\nbox-shadow:none;\n}\n.avia-image-container.av-li8odkny-89d9576e0a5b7863de38668b0d5cc2ea .av-image-caption-overlay-center{\ncolor:#ffffff;\n}\n<\/style>\n<div  class='avia-image-container av-li8odkny-89d9576e0a5b7863de38668b0d5cc2ea av-styling- avia-align-center  avia-builder-el-8  avia-builder-el-no-sibling '   itemprop=\"image\" itemscope=\"itemscope\" itemtype=\"https:\/\/schema.org\/ImageObject\" ><div class=\"avia-image-container-inner\"><div class=\"avia-image-overlay-wrap\"><img decoding=\"async\" fetchpriority=\"high\" class='wp-image-600 avia-img-lazy-loading-not-600 avia_image ' src=\"https:\/\/rpdetectives.com\/wp-content\/uploads\/2023\/05\/AD-4-RP-495x400.png\" alt='' title='Inform\u00e1tica y Seguridad'  height=\"400\" width=\"495\"  itemprop=\"thumbnailUrl\"  \/><\/div><\/div><\/div><\/div><\/p>\n<div  class='flex_column av-2u8ij-93517eccd01643b031ad16d77329d137 av_one_fifth  avia-builder-el-9  el_after_av_one_half  el_before_av_three_fifth  first flex_column_div  column-top-margin'     ><\/div>\n<div  class='flex_column av-1xe13-dc9d8854c258c7a7118327b689de750d av_three_fifth  avia-builder-el-10  el_after_av_one_fifth  el_before_av_one_fifth  flex_column_div  column-top-margin'     ><p>\n<style type=\"text\/css\" data-created_by=\"avia_inline_auto\" id=\"style-css-av-li8ogoqs-5c2e05cd91e73a12c78f1484320b37bd\">\n#top .av-special-heading.av-li8ogoqs-5c2e05cd91e73a12c78f1484320b37bd{\npadding-bottom:10px;\n}\nbody .av-special-heading.av-li8ogoqs-5c2e05cd91e73a12c78f1484320b37bd .av-special-heading-tag .heading-char{\nfont-size:25px;\n}\n.av-special-heading.av-li8ogoqs-5c2e05cd91e73a12c78f1484320b37bd .av-subheading{\nfont-size:15px;\n}\n<\/style>\n<div  class='av-special-heading av-li8ogoqs-5c2e05cd91e73a12c78f1484320b37bd av-special-heading-h2 blockquote modern-quote  avia-builder-el-11  el_before_av_hr  avia-builder-el-first '><h2 class='av-special-heading-tag '  itemprop=\"headline\"  >Els nostres serveis de consultoria<\/h2><div class=\"special-heading-border\"><div class=\"special-heading-inner-border\"><\/div><\/div><\/div><br \/>\n\n<style type=\"text\/css\" data-created_by=\"avia_inline_auto\" id=\"style-css-av-1juu7-6d79b0fabb02da3b3dda09d52309378e\">\n#top .hr.av-1juu7-6d79b0fabb02da3b3dda09d52309378e{\nmargin-top:30px;\nmargin-bottom:30px;\n}\n.hr.av-1juu7-6d79b0fabb02da3b3dda09d52309378e .hr-inner{\nwidth:70px;\nborder-color:#3b5f78;\n}\n<\/style>\n<div  class='hr av-1juu7-6d79b0fabb02da3b3dda09d52309378e hr-custom  avia-builder-el-12  el_after_av_heading  el_before_av_textblock  hr-left hr-icon-no'><span class='hr-inner inner-border-av-border-fat'><span class=\"hr-inner-style\"><\/span><\/span><\/div><br \/>\n<section  class='av_textblock_section av-li8oi6e9-e4c625668f90aa21bd0a588e3aa10ef6 '   itemscope=\"itemscope\" itemtype=\"https:\/\/schema.org\/CreativeWork\" ><div class='avia_textblock'  itemprop=\"text\" ><ul>\n<li><strong>Auditoria inform\u00e0tica de sistemes:<\/strong> Revisi\u00f3 dels sistemes actuals.<\/li>\n<li><strong>Auditoria de comunicacions:<\/strong> Revisi\u00f3 dels sistemes de comunicaci\u00f3.<\/li>\n<li><strong>An\u00e0lisi de riscos:<\/strong> Es valoren els riscos a qu\u00e8 est\u00e0 exposada la seva organitzaci\u00f3, i m\u00e9s espec\u00edficament els processos cr\u00edtics.<\/li>\n<li><strong>Estrat\u00e8gies de desenvolupament:\u00a0<\/strong>Valorar-les buscant un equilibri entre despeses i riscos a mitigar.<\/li>\n<li><strong>Test d&#8217;Intrusi\u00f3 &#8211; Ciber-Investigaci\u00f3:<\/strong> R&amp;P DETECTIVES SL disposa d&#8217;una \u00e0mplia experi\u00e8ncia pel que fa a la investigaci\u00f3 privada, adaptant els seus mitjans a les noves tecnologies.<\/li>\n<li>Obtenci\u00f3 d&#8217;informaci\u00f3 i proves digitals o electr\u00f2niques en suport dels contenciosos judicials<\/li>\n<\/ul>\n<\/div><\/section><\/p><\/div><div  class='flex_column av-15q4b-79c4651bb12bb40a625073f1e7f74da8 av_one_fifth  avia-builder-el-14  el_after_av_three_fifth  avia-builder-el-last  flex_column_div  column-top-margin'     ><\/div><\/p>\n","protected":false},"excerpt":{"rendered":"","protected":false},"author":1,"featured_media":0,"parent":2985,"menu_order":0,"comment_status":"closed","ping_status":"closed","template":"","meta":{"footnotes":""},"class_list":["post-3012","page","type-page","status-publish","hentry"],"yoast_head":"<!-- This site is optimized with the Yoast SEO plugin v27.4 - https:\/\/yoast.com\/product\/yoast-seo-wordpress\/ -->\n<title>Investigaci\u00f3 inform\u00e0tica - RP Detectives Privados<\/title>\n<meta name=\"description\" content=\"A RP Detectives minimitzem els riscos investigant i identificant les amenaces inform\u00e0tiques per a les teves empreses.\" \/>\n<meta name=\"robots\" content=\"index, follow, max-snippet:-1, max-image-preview:large, max-video-preview:-1\" \/>\n<link rel=\"canonical\" href=\"https:\/\/rpdetectives.com\/ca\/detetctive-privado-servicios\/detectiu-investigacio-informacio\/\" \/>\n<meta property=\"og:locale\" content=\"ca_ES\" \/>\n<meta property=\"og:type\" content=\"article\" \/>\n<meta property=\"og:title\" content=\"Investigaci\u00f3 inform\u00e0tica - RP Detectives Privados\" \/>\n<meta property=\"og:description\" content=\"A RP Detectives minimitzem els riscos investigant i identificant les amenaces inform\u00e0tiques per a les teves empreses.\" \/>\n<meta property=\"og:url\" content=\"https:\/\/rpdetectives.com\/ca\/detetctive-privado-servicios\/detectiu-investigacio-informacio\/\" \/>\n<meta property=\"og:site_name\" content=\"RP Detectives Privados\" \/>\n<meta property=\"article:modified_time\" content=\"2024-01-10T13:56:01+00:00\" \/>\n<meta name=\"twitter:card\" content=\"summary_large_image\" \/>\n<meta name=\"twitter:label1\" content=\"Temps estimat de lectura\" \/>\n\t<meta name=\"twitter:data1\" content=\"2 minuts\" \/>\n<script type=\"application\/ld+json\" class=\"yoast-schema-graph\">{\"@context\":\"https:\\\/\\\/schema.org\",\"@graph\":[{\"@type\":\"WebPage\",\"@id\":\"https:\\\/\\\/rpdetectives.com\\\/ca\\\/detetctive-privado-servicios\\\/detectiu-investigacio-informacio\\\/\",\"url\":\"https:\\\/\\\/rpdetectives.com\\\/ca\\\/detetctive-privado-servicios\\\/detectiu-investigacio-informacio\\\/\",\"name\":\"Investigaci\u00f3 inform\u00e0tica - RP Detectives Privados\",\"isPartOf\":{\"@id\":\"https:\\\/\\\/rpdetectives.com\\\/ca\\\/#website\"},\"datePublished\":\"2023-05-05T11:00:20+00:00\",\"dateModified\":\"2024-01-10T13:56:01+00:00\",\"description\":\"A RP Detectives minimitzem els riscos investigant i identificant les amenaces inform\u00e0tiques per a les teves empreses.\",\"breadcrumb\":{\"@id\":\"https:\\\/\\\/rpdetectives.com\\\/ca\\\/detetctive-privado-servicios\\\/detectiu-investigacio-informacio\\\/#breadcrumb\"},\"inLanguage\":\"ca\",\"potentialAction\":[{\"@type\":\"ReadAction\",\"target\":[\"https:\\\/\\\/rpdetectives.com\\\/ca\\\/detetctive-privado-servicios\\\/detectiu-investigacio-informacio\\\/\"]}]},{\"@type\":\"BreadcrumbList\",\"@id\":\"https:\\\/\\\/rpdetectives.com\\\/ca\\\/detetctive-privado-servicios\\\/detectiu-investigacio-informacio\\\/#breadcrumb\",\"itemListElement\":[{\"@type\":\"ListItem\",\"position\":1,\"name\":\"Home\",\"item\":\"https:\\\/\\\/rpdetectives.com\\\/ca\\\/inici\\\/\"},{\"@type\":\"ListItem\",\"position\":2,\"name\":\"Serveis\",\"item\":\"https:\\\/\\\/rpdetectives.com\\\/ca\\\/detetctive-privado-servicios\\\/\"},{\"@type\":\"ListItem\",\"position\":3,\"name\":\"Investigaci\u00f3 inform\u00e0tica\"}]},{\"@type\":\"WebSite\",\"@id\":\"https:\\\/\\\/rpdetectives.com\\\/ca\\\/#website\",\"url\":\"https:\\\/\\\/rpdetectives.com\\\/ca\\\/\",\"name\":\"RP Detectives Privados\",\"description\":\"Gabinete de investigaci\u00f3n privada, fue fundado en el a\u00f1o 1989, por los hermanos Roger y Pau FERRER CABRE.\",\"potentialAction\":[{\"@type\":\"SearchAction\",\"target\":{\"@type\":\"EntryPoint\",\"urlTemplate\":\"https:\\\/\\\/rpdetectives.com\\\/ca\\\/?s={search_term_string}\"},\"query-input\":{\"@type\":\"PropertyValueSpecification\",\"valueRequired\":true,\"valueName\":\"search_term_string\"}}],\"inLanguage\":\"ca\"}]}<\/script>\n<!-- \/ Yoast SEO plugin. -->","yoast_head_json":{"title":"Investigaci\u00f3 inform\u00e0tica - RP Detectives Privados","description":"A RP Detectives minimitzem els riscos investigant i identificant les amenaces inform\u00e0tiques per a les teves empreses.","robots":{"index":"index","follow":"follow","max-snippet":"max-snippet:-1","max-image-preview":"max-image-preview:large","max-video-preview":"max-video-preview:-1"},"canonical":"https:\/\/rpdetectives.com\/ca\/detetctive-privado-servicios\/detectiu-investigacio-informacio\/","og_locale":"ca_ES","og_type":"article","og_title":"Investigaci\u00f3 inform\u00e0tica - RP Detectives Privados","og_description":"A RP Detectives minimitzem els riscos investigant i identificant les amenaces inform\u00e0tiques per a les teves empreses.","og_url":"https:\/\/rpdetectives.com\/ca\/detetctive-privado-servicios\/detectiu-investigacio-informacio\/","og_site_name":"RP Detectives Privados","article_modified_time":"2024-01-10T13:56:01+00:00","twitter_card":"summary_large_image","twitter_misc":{"Temps estimat de lectura":"2 minuts"},"schema":{"@context":"https:\/\/schema.org","@graph":[{"@type":"WebPage","@id":"https:\/\/rpdetectives.com\/ca\/detetctive-privado-servicios\/detectiu-investigacio-informacio\/","url":"https:\/\/rpdetectives.com\/ca\/detetctive-privado-servicios\/detectiu-investigacio-informacio\/","name":"Investigaci\u00f3 inform\u00e0tica - RP Detectives Privados","isPartOf":{"@id":"https:\/\/rpdetectives.com\/ca\/#website"},"datePublished":"2023-05-05T11:00:20+00:00","dateModified":"2024-01-10T13:56:01+00:00","description":"A RP Detectives minimitzem els riscos investigant i identificant les amenaces inform\u00e0tiques per a les teves empreses.","breadcrumb":{"@id":"https:\/\/rpdetectives.com\/ca\/detetctive-privado-servicios\/detectiu-investigacio-informacio\/#breadcrumb"},"inLanguage":"ca","potentialAction":[{"@type":"ReadAction","target":["https:\/\/rpdetectives.com\/ca\/detetctive-privado-servicios\/detectiu-investigacio-informacio\/"]}]},{"@type":"BreadcrumbList","@id":"https:\/\/rpdetectives.com\/ca\/detetctive-privado-servicios\/detectiu-investigacio-informacio\/#breadcrumb","itemListElement":[{"@type":"ListItem","position":1,"name":"Home","item":"https:\/\/rpdetectives.com\/ca\/inici\/"},{"@type":"ListItem","position":2,"name":"Serveis","item":"https:\/\/rpdetectives.com\/ca\/detetctive-privado-servicios\/"},{"@type":"ListItem","position":3,"name":"Investigaci\u00f3 inform\u00e0tica"}]},{"@type":"WebSite","@id":"https:\/\/rpdetectives.com\/ca\/#website","url":"https:\/\/rpdetectives.com\/ca\/","name":"RP Detectives Privados","description":"Gabinete de investigaci\u00f3n privada, fue fundado en el a\u00f1o 1989, por los hermanos Roger y Pau FERRER CABRE.","potentialAction":[{"@type":"SearchAction","target":{"@type":"EntryPoint","urlTemplate":"https:\/\/rpdetectives.com\/ca\/?s={search_term_string}"},"query-input":{"@type":"PropertyValueSpecification","valueRequired":true,"valueName":"search_term_string"}}],"inLanguage":"ca"}]}},"_links":{"self":[{"href":"https:\/\/rpdetectives.com\/ca\/wp-json\/wp\/v2\/pages\/3012","targetHints":{"allow":["GET"]}}],"collection":[{"href":"https:\/\/rpdetectives.com\/ca\/wp-json\/wp\/v2\/pages"}],"about":[{"href":"https:\/\/rpdetectives.com\/ca\/wp-json\/wp\/v2\/types\/page"}],"author":[{"embeddable":true,"href":"https:\/\/rpdetectives.com\/ca\/wp-json\/wp\/v2\/users\/1"}],"replies":[{"embeddable":true,"href":"https:\/\/rpdetectives.com\/ca\/wp-json\/wp\/v2\/comments?post=3012"}],"version-history":[{"count":2,"href":"https:\/\/rpdetectives.com\/ca\/wp-json\/wp\/v2\/pages\/3012\/revisions"}],"predecessor-version":[{"id":3016,"href":"https:\/\/rpdetectives.com\/ca\/wp-json\/wp\/v2\/pages\/3012\/revisions\/3016"}],"up":[{"embeddable":true,"href":"https:\/\/rpdetectives.com\/ca\/wp-json\/wp\/v2\/pages\/2985"}],"wp:attachment":[{"href":"https:\/\/rpdetectives.com\/ca\/wp-json\/wp\/v2\/media?parent=3012"}],"curies":[{"name":"wp","href":"https:\/\/api.w.org\/{rel}","templated":true}]}}