{"id":3022,"date":"2023-06-12T07:37:00","date_gmt":"2023-06-12T07:37:00","guid":{"rendered":"https:\/\/rpdetectives.com\/blog\/"},"modified":"2024-01-10T14:53:26","modified_gmt":"2024-01-10T14:53:26","slug":"blog","status":"publish","type":"page","link":"https:\/\/rpdetectives.com\/ca\/blog\/","title":{"rendered":"Blog"},"content":{"rendered":"\n<style type=\"text\/css\" data-created_by=\"avia_inline_auto\" id=\"style-css-av-av_section-6a32b9516f28cc2c3035627fd5f056a2\">\n.avia-section.av-av_section-6a32b9516f28cc2c3035627fd5f056a2{\nbackground-repeat:no-repeat;\nbackground-image:url(https:\/\/rpdetectives.com\/wp-content\/uploads\/2023\/06\/pexels-cottonbro-studio-8369205-1-scaled.jpg);\nbackground-position:50% 50%;\nbackground-attachment:fixed;\n}\n.avia-section.av-av_section-6a32b9516f28cc2c3035627fd5f056a2 .av-section-color-overlay{\nopacity:0.4;\nbackground-color:#000000;\n}\n<\/style>\n<div id='av_section_1'  class='avia-section av-av_section-6a32b9516f28cc2c3035627fd5f056a2 main_color avia-section-default avia-no-border-styling  avia-builder-el-0  el_before_av_one_full  avia-builder-el-first  avia-full-stretch avia-bg-style-fixed av-section-color-overlay-active av-minimum-height av-minimum-height-50 av-height-50  container_wrap fullsize'  data-section-bg-repeat='stretch' data-av_minimum_height_pc='50' data-av_min_height_opt='50'><div class=\"av-section-color-overlay-wrap\"><div class=\"av-section-color-overlay\"><\/div><div class='container av-section-cont-open' ><main  role=\"main\" itemprop=\"mainContentOfPage\"  class='template-page content  av-content-full alpha units'><div class='post-entry post-entry-type-page post-entry-3022'><div class='entry-content-wrapper clearfix'>\n<div  class='flex_column av-av_one_full-7714eba142aeda1f8b5272a3c372b279 av_one_full  avia-builder-el-1  avia-builder-el-no-sibling  first flex_column_div  '     ><style type=\"text\/css\" data-created_by=\"avia_inline_auto\" id=\"style-css-av-av_heading-64bb73aeb9b57960c938d279779b4fd7\">\n#top .av-special-heading.av-av_heading-64bb73aeb9b57960c938d279779b4fd7{\npadding-bottom:10px;\ncolor:#ffffff;\n}\nbody .av-special-heading.av-av_heading-64bb73aeb9b57960c938d279779b4fd7 .av-special-heading-tag .heading-char{\nfont-size:25px;\n}\n.av-special-heading.av-av_heading-64bb73aeb9b57960c938d279779b4fd7 .special-heading-inner-border{\nborder-color:#ffffff;\n}\n.av-special-heading.av-av_heading-64bb73aeb9b57960c938d279779b4fd7 .av-subheading{\nfont-size:15px;\n}\n<\/style>\n<div  class='av-special-heading av-av_heading-64bb73aeb9b57960c938d279779b4fd7 av-special-heading-h1 custom-color-heading blockquote modern-quote modern-centered  avia-builder-el-2  avia-builder-el-no-sibling '><h1 class='av-special-heading-tag '  itemprop=\"headline\"  >Blog <\/h1><div class='av_custom_color av-subheading av-subheading_below'><p>Explora la nostra secci\u00f3 i trobar\u00e0s informaci\u00f3 rellevant del sector<\/p>\n<\/div><div class=\"special-heading-border\"><div class=\"special-heading-inner-border\"><\/div><\/div><\/div><\/div>\n<\/div><\/div><\/main><!-- close content main element --><\/div><\/div><\/div><div id='after_section_1'  class='main_color av_default_container_wrap container_wrap fullsize'  ><div class='container av-section-cont-open' ><div class='template-page content  av-content-full alpha units'><div class='post-entry post-entry-type-page post-entry-3022'><div class='entry-content-wrapper clearfix'>\n<div  class='flex_column av-av_one_full-7714eba142aeda1f8b5272a3c372b279 av_one_full  avia-builder-el-3  el_after_av_section  el_before_av_section  avia-builder-el-no-sibling  first flex_column_div  '     ><div  data-slideshow-options=\"{&quot;animation&quot;:&quot;fade&quot;,&quot;autoplay&quot;:false,&quot;loop_autoplay&quot;:&quot;once&quot;,&quot;interval&quot;:5,&quot;loop_manual&quot;:&quot;manual-endless&quot;,&quot;autoplay_stopper&quot;:false,&quot;noNavigation&quot;:false,&quot;show_slide_delay&quot;:90}\" class='avia-content-slider avia-content-grid-active avia-content-slider1 avia-content-slider-odd  avia-builder-el-4  avia-builder-el-no-sibling  av-slideshow-ui av-control-default   av-no-slider-navigation av-slideshow-manual av-loop-once av-loop-manual-endless '  itemscope=\"itemscope\" itemtype=\"https:\/\/schema.org\/Blog\" ><div class=\"avia-content-slider-inner\"><div class=\"slide-entry-wrap\"><article class='slide-entry flex_column  post-entry post-entry-3090 slide-entry-overview slide-loop-1 slide-parity-odd  av_one_third first real-thumbnail posttype-post post-format-standard'  itemscope=\"itemscope\" itemtype=\"https:\/\/schema.org\/CreativeWork\" ><a href='https:\/\/rpdetectives.com\/ca\/detectives-mataro-infidelidad-conyugal\/' data-rel='slide-1' class='slide-image' title='Detectives privados en Matar\u00f3: Casos de Infidelidad Conyugal'><img decoding=\"async\" fetchpriority=\"high\" width=\"495\" height=\"400\" src=\"https:\/\/rpdetectives.com\/wp-content\/uploads\/2024\/01\/pexels-cottonbro-studio-8369521-495x400.jpg\" class=\"wp-image-3073 avia-img-lazy-loading-not-3073 attachment-portfolio size-portfolio wp-post-image\" alt=\"\" srcset=\"https:\/\/rpdetectives.com\/wp-content\/uploads\/2024\/01\/pexels-cottonbro-studio-8369521-495x400.jpg 495w, https:\/\/rpdetectives.com\/wp-content\/uploads\/2024\/01\/pexels-cottonbro-studio-8369521-845x684.jpg 845w\" sizes=\"(max-width: 495px) 100vw, 495px\" \/><\/a><div class=\"slide-content\"><header class=\"entry-content-header\"><h3 class='slide-entry-title entry-title '  itemprop=\"headline\" ><a href='https:\/\/rpdetectives.com\/ca\/detectives-mataro-infidelidad-conyugal\/' title='Detectives privados en Matar\u00f3: Casos de Infidelidad Conyugal'>Detectives privados en Matar\u00f3: Casos de Infidelidad Conyugal<\/a><\/h3><span class=\"av-vertical-delimiter\"><\/span><\/header><div class=\"slide-meta\"><time class='slide-meta-time updated'  itemprop=\"datePublished\" datetime=\"2024-01-25T10:00:08+00:00\" >gener 25, 2024<\/time><div class=\"slide-meta-del\">\/<\/div><div class=\"slide-meta-comments\"><a href='https:\/\/rpdetectives.com\/ca\/detectives-mataro-infidelidad-conyugal\/#respond'>0 Comments<\/a><\/div><\/div><div class='slide-entry-excerpt entry-content'  itemprop=\"text\" >Los servicios de detectives privados en Matar\u00f3 est\u00e1n experimentando\u2026<div class=\"read-more-link\"><a href=\"https:\/\/rpdetectives.com\/ca\/detectives-mataro-infidelidad-conyugal\/\" class=\"more-link\">Llegir m\u00e9s<span class=\"more-link-arrow\"><\/span><\/a><\/div><\/div><\/div><footer class=\"entry-footer\"><\/footer><span class='hidden'>\n\t\t\t\t<span class='av-structured-data'  itemprop=\"image\" itemscope=\"itemscope\" itemtype=\"https:\/\/schema.org\/ImageObject\" >\n\t\t\t\t\t\t<span itemprop='url'>https:\/\/rpdetectives.com\/wp-content\/uploads\/2024\/01\/pexels-cottonbro-studio-8369521.jpg<\/span>\n\t\t\t\t\t\t<span itemprop='height'>853<\/span>\n\t\t\t\t\t\t<span itemprop='width'>1280<\/span>\n\t\t\t\t<\/span>\n\t\t\t\t<span class='av-structured-data'  itemprop=\"publisher\" itemtype=\"https:\/\/schema.org\/Organization\" itemscope=\"itemscope\" >\n\t\t\t\t\t\t<span itemprop='name'>admin<\/span>\n\t\t\t\t\t\t<span itemprop='logo' itemscope itemtype='https:\/\/schema.org\/ImageObject'>\n\t\t\t\t\t\t\t<span itemprop='url'>https:\/\/rpdetectives.com\/wp-content\/uploads\/2023\/05\/rp_detectives.png<\/span>\n\t\t\t\t\t\t<\/span>\n\t\t\t\t<\/span><span class='av-structured-data'  itemprop=\"author\" itemscope=\"itemscope\" itemtype=\"https:\/\/schema.org\/Person\" ><span itemprop='name'>admin<\/span><\/span><span class='av-structured-data'  itemprop=\"datePublished\" datetime=\"2023-06-12T07:37:00+00:00\" >2024-01-25 10:00:08<\/span><span class='av-structured-data'  itemprop=\"dateModified\" itemtype=\"https:\/\/schema.org\/dateModified\" >2024-01-25 10:29:40<\/span><span class='av-structured-data'  itemprop=\"mainEntityOfPage\" itemtype=\"https:\/\/schema.org\/mainEntityOfPage\" ><span itemprop='name'>Detectives privados en Matar\u00f3: Casos de Infidelidad Conyugal<\/span><\/span><\/span><\/article><article class='slide-entry flex_column  post-entry post-entry-3063 slide-entry-overview slide-loop-2 slide-parity-even  av_one_third  real-thumbnail posttype-post post-format-standard'  itemscope=\"itemscope\" itemtype=\"https:\/\/schema.org\/CreativeWork\" ><a href='https:\/\/rpdetectives.com\/ca\/proves-com-podem-ajudar-els-detectius-privats-als-advocats\/' data-rel='slide-1' class='slide-image' title='Proves: Com podem ajudar els detectius privats als advocats'><img decoding=\"async\" fetchpriority=\"high\" width=\"495\" height=\"400\" src=\"https:\/\/rpdetectives.com\/wp-content\/uploads\/2023\/06\/pruebas-2-495x400.jpg\" class=\"wp-image-676 avia-img-lazy-loading-not-676 attachment-portfolio size-portfolio wp-post-image\" alt=\"\" \/><\/a><div class=\"slide-content\"><header class=\"entry-content-header\"><h3 class='slide-entry-title entry-title '  itemprop=\"headline\" ><a href='https:\/\/rpdetectives.com\/ca\/proves-com-podem-ajudar-els-detectius-privats-als-advocats\/' title='Proves: Com podem ajudar els detectius privats als advocats'>Proves: Com podem ajudar els detectius privats als advocats<\/a><\/h3><span class=\"av-vertical-delimiter\"><\/span><\/header><div class=\"slide-meta\"><time class='slide-meta-time updated'  itemprop=\"datePublished\" datetime=\"2023-06-12T07:30:40+00:00\" >juny 12, 2023<\/time><\/div><div class='slide-entry-excerpt entry-content'  itemprop=\"text\" >\n\n\n\n\n\n\n\n\n\n\n\n\n\n\n\n\n\n\n\n\nUn detectiu privat podr\u00e0 ajudar un advocat\u2026<div class=\"read-more-link\"><a href=\"https:\/\/rpdetectives.com\/ca\/proves-com-podem-ajudar-els-detectius-privats-als-advocats\/\" class=\"more-link\">Llegir m\u00e9s<span class=\"more-link-arrow\"><\/span><\/a><\/div><\/div><\/div><footer class=\"entry-footer\"><\/footer><span class='hidden'>\n\t\t\t\t<span class='av-structured-data'  itemprop=\"image\" itemscope=\"itemscope\" itemtype=\"https:\/\/schema.org\/ImageObject\" >\n\t\t\t\t\t\t<span itemprop='url'>https:\/\/rpdetectives.com\/wp-content\/uploads\/2023\/06\/pruebas-2.jpg<\/span>\n\t\t\t\t\t\t<span itemprop='height'>559<\/span>\n\t\t\t\t\t\t<span itemprop='width'>840<\/span>\n\t\t\t\t<\/span>\n\t\t\t\t<span class='av-structured-data'  itemprop=\"publisher\" itemtype=\"https:\/\/schema.org\/Organization\" itemscope=\"itemscope\" >\n\t\t\t\t\t\t<span itemprop='name'>admin<\/span>\n\t\t\t\t\t\t<span itemprop='logo' itemscope itemtype='https:\/\/schema.org\/ImageObject'>\n\t\t\t\t\t\t\t<span itemprop='url'>https:\/\/rpdetectives.com\/wp-content\/uploads\/2023\/05\/rp_detectives.png<\/span>\n\t\t\t\t\t\t<\/span>\n\t\t\t\t<\/span><span class='av-structured-data'  itemprop=\"author\" itemscope=\"itemscope\" itemtype=\"https:\/\/schema.org\/Person\" ><span itemprop='name'>admin<\/span><\/span><span class='av-structured-data'  itemprop=\"datePublished\" datetime=\"2023-06-12T07:37:00+00:00\" >2023-06-12 07:30:40<\/span><span class='av-structured-data'  itemprop=\"dateModified\" itemtype=\"https:\/\/schema.org\/dateModified\" >2023-06-12 07:30:40<\/span><span class='av-structured-data'  itemprop=\"mainEntityOfPage\" itemtype=\"https:\/\/schema.org\/mainEntityOfPage\" ><span itemprop='name'>Proves: Com podem ajudar els detectius privats als advocats<\/span><\/span><\/span><\/article><article class='slide-entry flex_column  post-entry post-entry-3064 slide-entry-overview slide-loop-3 slide-parity-odd  post-entry-last  av_one_third  real-thumbnail posttype-post post-format-standard'  itemscope=\"itemscope\" itemtype=\"https:\/\/schema.org\/CreativeWork\" ><a href='https:\/\/rpdetectives.com\/ca\/proves-quin-valor-tenen-en-un-judici\/' data-rel='slide-1' class='slide-image' title='Proves: Quin valor tenen en un judici'><img decoding=\"async\" fetchpriority=\"high\" width=\"495\" height=\"400\" src=\"https:\/\/rpdetectives.com\/wp-content\/uploads\/2023\/06\/pruebas-495x400.jpg\" class=\"wp-image-674 avia-img-lazy-loading-not-674 attachment-portfolio size-portfolio wp-post-image\" alt=\"\" \/><\/a><div class=\"slide-content\"><header class=\"entry-content-header\"><h3 class='slide-entry-title entry-title '  itemprop=\"headline\" ><a href='https:\/\/rpdetectives.com\/ca\/proves-quin-valor-tenen-en-un-judici\/' title='Proves: Quin valor tenen en un judici'>Proves: Quin valor tenen en un judici<\/a><\/h3><span class=\"av-vertical-delimiter\"><\/span><\/header><div class=\"slide-meta\"><time class='slide-meta-time updated'  itemprop=\"datePublished\" datetime=\"2023-06-12T07:28:49+00:00\" >juny 12, 2023<\/time><\/div><div class='slide-entry-excerpt entry-content'  itemprop=\"text\" >\n\n\n\nA continuaci\u00f3 aclarirem quin valor tenen les proves en un\u2026<div class=\"read-more-link\"><a href=\"https:\/\/rpdetectives.com\/ca\/proves-quin-valor-tenen-en-un-judici\/\" class=\"more-link\">Llegir m\u00e9s<span class=\"more-link-arrow\"><\/span><\/a><\/div><\/div><\/div><footer class=\"entry-footer\"><\/footer><span class='hidden'>\n\t\t\t\t<span class='av-structured-data'  itemprop=\"image\" itemscope=\"itemscope\" itemtype=\"https:\/\/schema.org\/ImageObject\" >\n\t\t\t\t\t\t<span itemprop='url'>https:\/\/rpdetectives.com\/wp-content\/uploads\/2023\/06\/pruebas.jpg<\/span>\n\t\t\t\t\t\t<span itemprop='height'>559<\/span>\n\t\t\t\t\t\t<span itemprop='width'>840<\/span>\n\t\t\t\t<\/span>\n\t\t\t\t<span class='av-structured-data'  itemprop=\"publisher\" itemtype=\"https:\/\/schema.org\/Organization\" itemscope=\"itemscope\" >\n\t\t\t\t\t\t<span itemprop='name'>admin<\/span>\n\t\t\t\t\t\t<span itemprop='logo' itemscope itemtype='https:\/\/schema.org\/ImageObject'>\n\t\t\t\t\t\t\t<span itemprop='url'>https:\/\/rpdetectives.com\/wp-content\/uploads\/2023\/05\/rp_detectives.png<\/span>\n\t\t\t\t\t\t<\/span>\n\t\t\t\t<\/span><span class='av-structured-data'  itemprop=\"author\" itemscope=\"itemscope\" itemtype=\"https:\/\/schema.org\/Person\" ><span itemprop='name'>admin<\/span><\/span><span class='av-structured-data'  itemprop=\"datePublished\" datetime=\"2023-06-12T07:37:00+00:00\" >2023-06-12 07:28:49<\/span><span class='av-structured-data'  itemprop=\"dateModified\" itemtype=\"https:\/\/schema.org\/dateModified\" >2023-06-12 07:28:49<\/span><span class='av-structured-data'  itemprop=\"mainEntityOfPage\" itemtype=\"https:\/\/schema.org\/mainEntityOfPage\" ><span itemprop='name'>Proves: Quin valor tenen en un judici<\/span><\/span><\/span><\/article><\/div><\/div><div class='pagination-wrap pagination-slider'><nav class='pagination'><span class='pagination-meta'>P\u00e0gina 1 de 2<\/span><span class='current'>1<\/span><a href='https:\/\/rpdetectives.com\/ca\/wp-json\/wp\/v2\/pages\/3022\/?avia-element-paging=2' class='inactive next_page' >2<\/a><\/nav>\n<\/div><\/div><\/div><\/div><\/div><\/div><!-- close content main div --><\/div><\/div>\n<style type=\"text\/css\" data-created_by=\"avia_inline_auto\" id=\"style-css-av-lr7j5z0l-7a9c56fef273e3c2e39c089a4ebede9c\">\n.avia-section.av-lr7j5z0l-7a9c56fef273e3c2e39c089a4ebede9c{\nbackground-repeat:no-repeat;\nbackground-image:url(https:\/\/rpdetectives.com\/wp-content\/uploads\/2023\/05\/image.webp);\nbackground-position:50% 50%;\nbackground-attachment:scroll;\n}\n.avia-section.av-lr7j5z0l-7a9c56fef273e3c2e39c089a4ebede9c .av-section-color-overlay{\nopacity:0.7;\nbackground-color:#000000;\n}\n<\/style>\n<div id='av_section_2'  class='avia-section av-lr7j5z0l-7a9c56fef273e3c2e39c089a4ebede9c main_color avia-section-default avia-no-border-styling  avia-builder-el-5  el_after_av_one_full  avia-builder-el-last  avia-full-stretch avia-bg-style-scroll av-section-color-overlay-active container_wrap fullsize'  data-section-bg-repeat='stretch'><div class=\"av-section-color-overlay-wrap\"><div class=\"av-section-color-overlay\"><\/div><div class='container av-section-cont-open' ><div class='template-page content  av-content-full alpha units'><div class='post-entry post-entry-type-page post-entry-3022'><div class='entry-content-wrapper clearfix'>\n<div  class='flex_column av-lr7j71my-cf1342dcf89e29b665f3916ae2a88381 av_one_fifth  avia-builder-el-6  el_before_av_three_fifth  avia-builder-el-first  first flex_column_div av-hide-on-mobile  '     ><\/div><div  class='flex_column av-btvfs-2a77980c2eb50a6d5781f390ece5b9f6 av_three_fifth  avia-builder-el-7  el_after_av_one_fifth  el_before_av_one_fifth  flex_column_div  '     ><p>\n<style type=\"text\/css\" data-created_by=\"avia_inline_auto\" id=\"style-css-av-lr7j8u9h-cd43bef370c12adceaa6086925d6de6f\">\n#top .av-special-heading.av-lr7j8u9h-cd43bef370c12adceaa6086925d6de6f{\npadding-bottom:10px;\ncolor:#ffffff;\n}\nbody .av-special-heading.av-lr7j8u9h-cd43bef370c12adceaa6086925d6de6f .av-special-heading-tag .heading-char{\nfont-size:25px;\n}\n.av-special-heading.av-lr7j8u9h-cd43bef370c12adceaa6086925d6de6f .special-heading-inner-border{\nborder-color:#ffffff;\n}\n.av-special-heading.av-lr7j8u9h-cd43bef370c12adceaa6086925d6de6f .av-subheading{\nfont-size:15px;\n}\n<\/style>\n<div  class='av-special-heading av-lr7j8u9h-cd43bef370c12adceaa6086925d6de6f av-special-heading-h1 custom-color-heading blockquote modern-quote modern-centered  avia-builder-el-8  el_before_av_mailchimp  avia-builder-el-first '><h1 class='av-special-heading-tag '  itemprop=\"headline\"  >Subscriu-te a les nostres Newsletter<\/h1><div class=\"special-heading-border\"><div class=\"special-heading-inner-border\"><\/div><\/div><\/div><br \/>\n<\/p><\/div><div  class='flex_column av-lr7j77c5-6d5288e40cf822783c409e8f47e9a349 av_one_fifth  avia-builder-el-10  el_after_av_three_fifth  avia-builder-el-last  flex_column_div av-hide-on-mobile  '     ><\/div>\n<\/p>\n","protected":false},"excerpt":{"rendered":"","protected":false},"author":1,"featured_media":0,"parent":0,"menu_order":0,"comment_status":"closed","ping_status":"closed","template":"","meta":{"footnotes":""},"class_list":["post-3022","page","type-page","status-publish","hentry"],"yoast_head":"<!-- This site is optimized with the Yoast SEO plugin v27.4 - https:\/\/yoast.com\/product\/yoast-seo-wordpress\/ -->\n<title>Blog - RP Detectives Privados<\/title>\n<meta name=\"description\" content=\"Articles sobre investigacions privades i seguretat. Consells experts i casos destacats. Protegeix els teus interessos amb RP Detectius.\" \/>\n<meta name=\"robots\" content=\"index, follow, max-snippet:-1, max-image-preview:large, max-video-preview:-1\" \/>\n<link rel=\"canonical\" href=\"https:\/\/rpdetectives.com\/ca\/blog\/\" \/>\n<meta property=\"og:locale\" content=\"ca_ES\" \/>\n<meta property=\"og:type\" content=\"article\" \/>\n<meta property=\"og:title\" content=\"Blog - RP Detectives Privados\" \/>\n<meta property=\"og:description\" content=\"Articles sobre investigacions privades i seguretat. Consells experts i casos destacats. Protegeix els teus interessos amb RP Detectius.\" \/>\n<meta property=\"og:url\" content=\"https:\/\/rpdetectives.com\/ca\/blog\/\" \/>\n<meta property=\"og:site_name\" content=\"RP Detectives Privados\" \/>\n<meta property=\"article:modified_time\" content=\"2024-01-10T14:53:26+00:00\" \/>\n<meta name=\"twitter:card\" content=\"summary_large_image\" \/>\n<meta name=\"twitter:label1\" content=\"Temps estimat de lectura\" \/>\n\t<meta name=\"twitter:data1\" content=\"7 minuts\" \/>\n<script type=\"application\/ld+json\" class=\"yoast-schema-graph\">{\"@context\":\"https:\\\/\\\/schema.org\",\"@graph\":[{\"@type\":\"WebPage\",\"@id\":\"https:\\\/\\\/rpdetectives.com\\\/ca\\\/blog\\\/\",\"url\":\"https:\\\/\\\/rpdetectives.com\\\/ca\\\/blog\\\/\",\"name\":\"Blog - RP Detectives Privados\",\"isPartOf\":{\"@id\":\"https:\\\/\\\/rpdetectives.com\\\/ca\\\/#website\"},\"datePublished\":\"2023-06-12T07:37:00+00:00\",\"dateModified\":\"2024-01-10T14:53:26+00:00\",\"description\":\"Articles sobre investigacions privades i seguretat. Consells experts i casos destacats. Protegeix els teus interessos amb RP Detectius.\",\"breadcrumb\":{\"@id\":\"https:\\\/\\\/rpdetectives.com\\\/ca\\\/blog\\\/#breadcrumb\"},\"inLanguage\":\"ca\",\"potentialAction\":[{\"@type\":\"ReadAction\",\"target\":[\"https:\\\/\\\/rpdetectives.com\\\/ca\\\/blog\\\/\"]}]},{\"@type\":\"BreadcrumbList\",\"@id\":\"https:\\\/\\\/rpdetectives.com\\\/ca\\\/blog\\\/#breadcrumb\",\"itemListElement\":[{\"@type\":\"ListItem\",\"position\":1,\"name\":\"Home\",\"item\":\"https:\\\/\\\/rpdetectives.com\\\/ca\\\/inici\\\/\"},{\"@type\":\"ListItem\",\"position\":2,\"name\":\"Blog\"}]},{\"@type\":\"WebSite\",\"@id\":\"https:\\\/\\\/rpdetectives.com\\\/ca\\\/#website\",\"url\":\"https:\\\/\\\/rpdetectives.com\\\/ca\\\/\",\"name\":\"RP Detectives Privados\",\"description\":\"Gabinete de investigaci\u00f3n privada, fue fundado en el a\u00f1o 1989, por los hermanos Roger y Pau FERRER CABRE.\",\"potentialAction\":[{\"@type\":\"SearchAction\",\"target\":{\"@type\":\"EntryPoint\",\"urlTemplate\":\"https:\\\/\\\/rpdetectives.com\\\/ca\\\/?s={search_term_string}\"},\"query-input\":{\"@type\":\"PropertyValueSpecification\",\"valueRequired\":true,\"valueName\":\"search_term_string\"}}],\"inLanguage\":\"ca\"}]}<\/script>\n<!-- \/ Yoast SEO plugin. -->","yoast_head_json":{"title":"Blog - RP Detectives Privados","description":"Articles sobre investigacions privades i seguretat. Consells experts i casos destacats. Protegeix els teus interessos amb RP Detectius.","robots":{"index":"index","follow":"follow","max-snippet":"max-snippet:-1","max-image-preview":"max-image-preview:large","max-video-preview":"max-video-preview:-1"},"canonical":"https:\/\/rpdetectives.com\/ca\/blog\/","og_locale":"ca_ES","og_type":"article","og_title":"Blog - RP Detectives Privados","og_description":"Articles sobre investigacions privades i seguretat. Consells experts i casos destacats. Protegeix els teus interessos amb RP Detectius.","og_url":"https:\/\/rpdetectives.com\/ca\/blog\/","og_site_name":"RP Detectives Privados","article_modified_time":"2024-01-10T14:53:26+00:00","twitter_card":"summary_large_image","twitter_misc":{"Temps estimat de lectura":"7 minuts"},"schema":{"@context":"https:\/\/schema.org","@graph":[{"@type":"WebPage","@id":"https:\/\/rpdetectives.com\/ca\/blog\/","url":"https:\/\/rpdetectives.com\/ca\/blog\/","name":"Blog - RP Detectives Privados","isPartOf":{"@id":"https:\/\/rpdetectives.com\/ca\/#website"},"datePublished":"2023-06-12T07:37:00+00:00","dateModified":"2024-01-10T14:53:26+00:00","description":"Articles sobre investigacions privades i seguretat. Consells experts i casos destacats. Protegeix els teus interessos amb RP Detectius.","breadcrumb":{"@id":"https:\/\/rpdetectives.com\/ca\/blog\/#breadcrumb"},"inLanguage":"ca","potentialAction":[{"@type":"ReadAction","target":["https:\/\/rpdetectives.com\/ca\/blog\/"]}]},{"@type":"BreadcrumbList","@id":"https:\/\/rpdetectives.com\/ca\/blog\/#breadcrumb","itemListElement":[{"@type":"ListItem","position":1,"name":"Home","item":"https:\/\/rpdetectives.com\/ca\/inici\/"},{"@type":"ListItem","position":2,"name":"Blog"}]},{"@type":"WebSite","@id":"https:\/\/rpdetectives.com\/ca\/#website","url":"https:\/\/rpdetectives.com\/ca\/","name":"RP Detectives Privados","description":"Gabinete de investigaci\u00f3n privada, fue fundado en el a\u00f1o 1989, por los hermanos Roger y Pau FERRER CABRE.","potentialAction":[{"@type":"SearchAction","target":{"@type":"EntryPoint","urlTemplate":"https:\/\/rpdetectives.com\/ca\/?s={search_term_string}"},"query-input":{"@type":"PropertyValueSpecification","valueRequired":true,"valueName":"search_term_string"}}],"inLanguage":"ca"}]}},"_links":{"self":[{"href":"https:\/\/rpdetectives.com\/ca\/wp-json\/wp\/v2\/pages\/3022","targetHints":{"allow":["GET"]}}],"collection":[{"href":"https:\/\/rpdetectives.com\/ca\/wp-json\/wp\/v2\/pages"}],"about":[{"href":"https:\/\/rpdetectives.com\/ca\/wp-json\/wp\/v2\/types\/page"}],"author":[{"embeddable":true,"href":"https:\/\/rpdetectives.com\/ca\/wp-json\/wp\/v2\/users\/1"}],"replies":[{"embeddable":true,"href":"https:\/\/rpdetectives.com\/ca\/wp-json\/wp\/v2\/comments?post=3022"}],"version-history":[{"count":4,"href":"https:\/\/rpdetectives.com\/ca\/wp-json\/wp\/v2\/pages\/3022\/revisions"}],"predecessor-version":[{"id":3067,"href":"https:\/\/rpdetectives.com\/ca\/wp-json\/wp\/v2\/pages\/3022\/revisions\/3067"}],"wp:attachment":[{"href":"https:\/\/rpdetectives.com\/ca\/wp-json\/wp\/v2\/media?parent=3022"}],"curies":[{"name":"wp","href":"https:\/\/api.w.org\/{rel}","templated":true}]}}