{"id":3039,"date":"2023-05-09T07:23:24","date_gmt":"2023-05-09T07:23:24","guid":{"rendered":"https:\/\/rpdetectives.com\/aviso-legal\/"},"modified":"2024-01-10T14:41:30","modified_gmt":"2024-01-10T14:41:30","slug":"aviso-legal","status":"publish","type":"page","link":"https:\/\/rpdetectives.com\/ca\/aviso-legal\/","title":{"rendered":"Av\u00eds Legal"},"content":{"rendered":"<h1 style=\"text-align: center;\">AVISO LEGAL<\/h1>\n<p>&nbsp;<\/p>\n<p class=\"western\">Para dar cumplimiento al art\u00edculo 10 de la Ley 34\/2002 de Servicios de la Sociedad de la Informaci\u00f3n y del Comercio Electr\u00f3nico, informamos a los usuarios de nuestros datos:<\/p>\n<p class=\"western\">Denominaci\u00f3n Social: <strong>R&amp;P DETECTIVES S.L,<\/strong> tiene concedida la licencia n\u00fam. 473 del Ministerio del Interior y est\u00e1 colegiado con el n\u00famero 220 por el Colegio de Detectives Privados de Catalunya.<\/p>\n<p class=\"western\">Domicilio: <strong>C\/ Rossell\u00f3 253, Piso 3\u00ba 2\u00aa, 08008 Barcelona<\/strong><b><br \/>\n<\/b>Tel\u00e9fono:<b> 932 151 305<br \/>\n<\/b>E-Mail: <strong>info@rpdetectives.com<\/strong><u><br \/>\n<\/u><\/p>\n<p class=\"western\">Web: <strong>www.rpdetectives.com<\/strong><b><\/b><\/p>\n<p>Los Detectives privados, a solicitud de personas f\u00edsicas o jur\u00eddicas, se encargar\u00e1n:<\/p>\n<p>a) De obtener y aportar informaci\u00f3n y pruebas sobre conductas o hechos privados.<\/p>\n<p>b) De la investigaci\u00f3n de delitos perseguibles s\u00f3lo a instancia de parte por encargo de los legitimados en el proceso penal.<\/p>\n<p>c) De la vigilancia en ferias, hoteles, exposiciones o \u00e1mbitos an\u00e1logos.<\/p>\n<p>A estos efectos se considerar\u00e1n conductas o hechos privados los que afecten al \u00e1mbito econ\u00f3mico, laboral, mercantil, financiero y, en general, a la vida personal, familiar o social, exceptuada la que se desarrolle en los domicilios o lugares reservados.<br \/>\nEn el \u00e1mbito del apartado c) se considerar\u00e1n comprendidas las grandes superficies comerciales y los locales p\u00fablicos de gran concurrencia.<\/p>\n<p><strong>LEGISLACION DE LOS DETECTIVES PRIVADOS EN CATALU\u00d1A Y EL ESTADO ESPA\u00d1OL<\/strong><\/p>\n<p>1. REQUISITOS<\/p>\n<p>2. HABILITACI\u00d3N<\/p>\n<p>3. FUNCIONES<\/p>\n<p>4. PROHIBICIONES<\/p>\n<p>5. SOCIEDADES DE DETECTIVES<\/p>\n<p>6. ESTABLECIMIENTO DE SUCURSALES<\/p>\n<p>7. LIBRO-REGISTRO Y RESPONSABILIDAD<\/p>\n<p>&nbsp;<\/p>\n<p><strong>1. REQUISITOS<\/strong><\/p>\n<p>a) Ser mayor de edad.<br \/>\nb) Tener la nacionalidad de un pa\u00eds de la Uni\u00f3n Europea o de un Estado parte en el Acuerdo sobre el Espacio Econ\u00f3mico Europeo.<br \/>\nc) Poseer la aptitud f\u00edsica y la capacidad ps\u00edquica necesarias para el ejercicio de las respectivas funciones sin padecer enfermedad que impida el ejercicio de las mismas.<br \/>\nd) Carecer de antecedentes penales.<br \/>\ne) No haber sido condenado por intromisi\u00f3n ileg\u00edtima en el \u00e1mbito de protecci\u00f3n del derecho al honor, a la intimidad personal y familiar y a la propia imagen, del secreto a las comunicaciones y de otros derechos fundamentales en los cinco a\u00f1os anteriores a la solicitud.<br \/>\nf) No haber sido sancionado en los dos o cuatro a\u00f1os anteriores, respectivamente, por infracci\u00f3n grave o muy grave en materia de seguridad.<br \/>\ng) No haber sido separado del servicio en las Fuerzas Armadas o en las Fuerzas y Cuerpos de Seguridad.<br \/>\nh) No haber ejercido funciones de control de las entidades, servicios o actuaciones de seguridad, vigilancia o investigaci\u00f3n privada, ni de su personal o medios, como miembro de las Fuerzas y Cuerpos de Seguridad en los dos a\u00f1os anteriores a la solicitud.<br \/>\ni) Superar las pruebas que acrediten los conocimientos y la capacitaci\u00f3n necesarios para el ejercicio de las respectivas funciones.<br \/>\nj) Estar en posesi\u00f3n del t\u00edtulo de bachillerato unificado polivalente, bachiller, formaci\u00f3n profesional de segundo grado, t\u00e9cnico de las profesiones o cualificaciones que se determinen, u otros equivalentes o superiores.<br \/>\nk) Estar en posesi\u00f3n de diploma de detective privado, expedido por los institutos de Criminolog\u00eda o en otros centros oficiales adecuados y habilitados por el Ministerio de Educaci\u00f3n y Cultura y obtenido despu\u00e9s de superar los programas establecidos, que comprender\u00e1n 180 cr\u00e9ditos, cada uno de ellos correspondiente a diez horas de ense\u00f1anza, desarrolladas al menos durante tres cursos lectivos.<br \/>\nl) No ser funcionario en activo de ninguna de las Administraciones P\u00fablicas en el momento de la solicitud, ni durante los dos a\u00f1os anteriores a la misma.<\/p>\n<p><strong>2. HABILITACI\u00d3N<\/strong><\/p>\n<p>Para obtener la habilitaci\u00f3n como detective privado deber\u00e1 aportarse la siguiente documentaci\u00f3n:<\/p>\n<ul>\n<li>Instancia del interesado.<\/li>\n<li>Fotocopia compulsada del D.N.I o, en su caso, de la tarjeta de residencia o de identidad en vigor, en la que conste la nacionalidad del titular y expresi\u00f3n del N\u00famero de Identidad de Extranjero (NIE).<\/li>\n<li>Certificado m\u00e9dico de poseer aptitud f\u00edsica y capacidad ps\u00edquica necesaria para el ejercicio del cargo (Acreditaci\u00f3n en la forma prevista en la Disposici\u00f3n Transitoria Segunda de la Orden<br \/>\nde 7 de Julio de 1995).<\/li>\n<li>Certificado de antecedentes penales, expedido por el Registro Central de Penados y Rebeldes para los espa\u00f1oles y extranjeros residentes en Espa\u00f1a, y documento original y equivalente que surta los mismos efectos para los solicitantes extranjeros no residentes.<\/li>\n<li>Declaraci\u00f3n a que se refiere el art\u00edculo 20 de la Ley 23\/1992 y los apartados e) y f) del art\u00edculo 53 del Real Decreto 2364\/1994.<\/li>\n<li>Si hubiera sido miembro de las Fuerzas y Cuerpos de Seguridad o Militar de carrera, documento que acredite la situaci\u00f3n administrativa en que se encuentra y cumplir los requisitos del art\u00edculo 53 g) y h).<\/li>\n<li>Fotocopia compulsada del T\u00edtulo de Bachiller o equivalente.<\/li>\n<li>Fotocopia compulsada del diploma de detective privado reconocido a estos efectos por los Institutos de Criminolog\u00eda.<\/li>\n<li>\u00a0Cuando se trate de personal al servicio de las Administraciones P\u00fablicas, que acredite lo establecido en la Disposici\u00f3n Adicional Cuarta del Real Decreto 2364\/1994.<\/li>\n<li>Documento acreditativo de estar dado de alta en el I.A.E., para detectives con despacho abierto, o en su caso alta en Seguridad Social, para detectives asociados o dependientes.<\/li>\n<li>2 fotograf\u00edas tama\u00f1o carnet que cumplan los requisitos que se establecen en el Anexo 5 de la Orden de 7 de Julio de 1995.<\/li>\n<li>Justificante acreditativo de haber realizado el ingreso de la tasa por habilitaci\u00f3n de Detective Privado y sus respectivas especialidades, con arreglo al modelo 750, a favor del Tesoro P\u00fablico, en las Entidades Bancarias o Cajas de Ahorros colaboradoras (cuenta restringida de la Agencia Estatal de la Administraci\u00f3n Tributaria) El citado modelo 750 ser\u00e1 facilitado en las Comisar\u00edas de Polic\u00eda y deber\u00e1 ser cumplimentado con los datos correspondientes, se\u00f1alando como tarifa aplicable la octava, y el resguardo se entregar\u00e1 con el ejemplar para la Administraci\u00f3n.<\/li>\n<\/ul>\n<p><strong>3. FUNCIONES<\/strong><\/p>\n<p>Los detectives privados, a solicitud de personas f\u00edsicas o jur\u00eddicas, se encargar\u00e1n:<\/p>\n<p>a) De obtener y aportar informaci\u00f3n y pruebas sobre conductas o hechos privados.<br \/>\nb) De la investigaci\u00f3n de delitos perseguibles s\u00f3lo a instancia de parte por encargo de los legitimados en el proceso penal.<br \/>\nc) De la vigilancia en ferias, hoteles, exposiciones o \u00e1mbitos an\u00e1logos.<\/p>\n<p>A estos efectos se considerar\u00e1n conductas o hechos privados los que afecten al \u00e1mbito econ\u00f3mico, laboral, mercantil, financiero y, en general, a la vida personal, familiar o social, exceptuada la que se desarrolle en los domicilios o lugares reservados.<br \/>\nEn el \u00e1mbito del apartado c) se considerar\u00e1n comprendidas las grandes superficies comerciales y los locales p\u00fablicos de gran concurrencia.<\/p>\n<p><strong>4. PROHIBICIONES<\/strong><\/p>\n<p>Los detectives privados no podr\u00e1n realizar investigaciones sobre delitos perseguibles de oficio, debiendo denunciar inmediatamente ante la autoridad competente cualquier hecho de esta naturaleza que llegara a su conocimiento y poniendo a su disposici\u00f3n toda la informaci\u00f3n y los instrumentos que pudieran haber obtenido relacionados con dichos delitos.<\/p>\n<p>En ning\u00fan caso podr\u00e1n utilizar para sus investigaciones medios personales o t\u00e9cnicos que atenten contra el derecho al honor, a la intimidad personal o familiar, a la propia imagen o al secreto de las comunicaciones.<\/p>\n<p><strong>5. SOCIEDADES DE DETECTIVES<\/strong><\/p>\n<p>\u2013 Las sociedades mercantiles, laborales o cooperativas de detectives habr\u00e1n de estar constituidas \u00fanicamente por personas f\u00edsicas reglamentariamente habilitadas como tales, debiendo remitir a la Direcci\u00f3n General de la Polic\u00eda, a efectos de inscripci\u00f3n en el Registro, copia autorizada de la escritura de constituci\u00f3n de la sociedad y certificado o nota de inscripci\u00f3n de la misma en el registro correspondiente.<\/p>\n<p>\u2013 Tambi\u00e9n comunicar\u00e1n cualquier modificaci\u00f3n que se produzca en la composici\u00f3n de los \u00f3rganos de administraci\u00f3n de la sociedad, titularidad de las acciones o participaciones representativas de su capital y en los aumentos o disminuciones de \u00e9ste. La comunicaci\u00f3n deber\u00e1 remitirse a la Direcci\u00f3n General de la Polic\u00eda en los quince d\u00edas siguientes a la fecha en que se otorgue la correspondiente escritura o se produzca la modificaci\u00f3n en cuesti\u00f3n, correspondiendo al citado centro directivo dar traslado de la comunicaci\u00f3n a la Comunidad Aut\u00f3noma competente.<\/p>\n<p>\u2013 Los miembros de estas sociedades \u00fanicamente podr\u00e1n dedicarse a la realizaci\u00f3n de las actividades propias de los detectives, no pudiendo desarrollar ninguna de las atribuidas con car\u00e1cter exclusivo a las empresas de seguridad.<\/p>\n<p><strong>6. ESTABLECIMIENTO DE SUCURSALES<\/strong><\/p>\n<p>\u2013 Los detectives privados podr\u00e1n establecer despachos delegados o sucursales en distintas localidades debiendo en todo caso estar dirigido cada uno de ellos por un detective habilitado con arreglo a lo dispuesto en el Reglamento de Seguridad Privada.<\/p>\n<p>\u2013 Para ello deber\u00e1n comunicarlo previamente a la Direcci\u00f3n General de la Polic\u00eda, que dar\u00e1 traslado a la Comunidad Aut\u00f3noma competente, la apertura de la delegaci\u00f3n o sucursal, con determinaci\u00f3n de su localizaci\u00f3n y acompa\u00f1ando los documentos relativos a los detectives encargados que vayan a trabajar en la misma.<\/p>\n<p><strong>7. LIBRO-REGISTRO Y RESPONSABILIDAD<\/strong><\/p>\n<p>En cada despacho y sucursales, los detectives llevar\u00e1n un libro-registro en el que constar\u00e1n:<\/p>\n<ul>\n<li>N\u00famero de orden del encargo de la investigaci\u00f3n y su fecha.<\/li>\n<li>Nombre y apellidos o raz\u00f3n social y domicilio del cliente y de la persona o personas investigadas<\/li>\n<li>Indicaci\u00f3n del asunto<\/li>\n<li>Fecha de finalizaci\u00f3n del encargo de investigaci\u00f3n<\/li>\n<li>Delitos perseguibles de oficio conocidos<\/li>\n<li>\u00d3rgano al que se comunicaron<\/li>\n<li>En el caso de que sea informatizado, deber\u00e1 atenerse a lo dispuesto en la legislaci\u00f3n vigente sobre protecci\u00f3n de datos personales.<\/li>\n<li>Los detectives privados responder\u00e1n civilmente de las acciones u omisiones en que, durante la ejecuci\u00f3n de sus servicios, incurran los detectives dependientes o asociados que con ellos est\u00e9n vinculados.<\/li>\n<li>Las hojas del Libro-Registro de detectives o, en su caso, las hojas o soportes que se utilicen para la formaci\u00f3n posterior de aqu\u00e9l, deber\u00e1n ser foliadas y selladas con car\u00e1cter previo al inicio de las anotaciones.<\/li>\n<\/ul>\n<p>En su primera hoja, la Jefatura Superior de Polic\u00eda, la Comisar\u00eda Provincial o Local, o la Polic\u00eda Aut\u00f3noma correspondiente a la demarcaci\u00f3n territorial del despacho o de sus delegaciones, asentar\u00e1 la diligencia de habilitaci\u00f3n del Libro. En la citada diligencia constar\u00e1n los siguientes extremos:<\/p>\n<ul>\n<li>Fin a que se destina el Libro<\/li>\n<li>Nombre del detective titular del despacho<\/li>\n<li>N\u00famero de orden de inscripci\u00f3n en el Registro de Detectives<\/li>\n<li>N\u00famero de folios de que consta el Libro<\/li>\n<li>Precepto que cumplimenta la diligencia<\/li>\n<li>Lugar y fecha de la misma, debiendo estar firmada por el responsable de la respectiva dependencia policial o persona en quien delegue.<\/li>\n<\/ul>\n","protected":false},"excerpt":{"rendered":"<p>AVISO LEGAL &nbsp; Para dar cumplimiento al art\u00edculo 10 de la Ley 34\/2002 de Servicios de la Sociedad de la Informaci\u00f3n y del Comercio Electr\u00f3nico, informamos a los usuarios de nuestros datos: Denominaci\u00f3n Social: R&amp;P DETECTIVES S.L, tiene concedida la licencia n\u00fam. 473 del Ministerio del Interior y est\u00e1 colegiado con el n\u00famero 220 por [&hellip;]<\/p>\n","protected":false},"author":1,"featured_media":0,"parent":0,"menu_order":0,"comment_status":"closed","ping_status":"closed","template":"","meta":{"footnotes":""},"class_list":["post-3039","page","type-page","status-publish","hentry"],"yoast_head":"<!-- This site is optimized with the Yoast SEO plugin v27.4 - https:\/\/yoast.com\/product\/yoast-seo-wordpress\/ -->\n<title>Av\u00eds Legal - RP Detectives Privados<\/title>\n<meta name=\"robots\" content=\"index, follow, max-snippet:-1, max-image-preview:large, max-video-preview:-1\" \/>\n<link rel=\"canonical\" href=\"https:\/\/rpdetectives.com\/ca\/aviso-legal\/\" \/>\n<meta property=\"og:locale\" content=\"ca_ES\" \/>\n<meta property=\"og:type\" content=\"article\" \/>\n<meta property=\"og:title\" content=\"Av\u00eds Legal - RP Detectives Privados\" \/>\n<meta property=\"og:description\" content=\"AVISO LEGAL &nbsp; Para dar cumplimiento al art\u00edculo 10 de la Ley 34\/2002 de Servicios de la Sociedad de la Informaci\u00f3n y del Comercio Electr\u00f3nico, informamos a los usuarios de nuestros datos: Denominaci\u00f3n Social: R&amp;P DETECTIVES S.L, tiene concedida la licencia n\u00fam. 473 del Ministerio del Interior y est\u00e1 colegiado con el n\u00famero 220 por [&hellip;]\" \/>\n<meta property=\"og:url\" content=\"https:\/\/rpdetectives.com\/ca\/aviso-legal\/\" \/>\n<meta property=\"og:site_name\" content=\"RP Detectives Privados\" \/>\n<meta property=\"article:modified_time\" content=\"2024-01-10T14:41:30+00:00\" \/>\n<meta name=\"twitter:card\" content=\"summary_large_image\" \/>\n<meta name=\"twitter:label1\" content=\"Temps estimat de lectura\" \/>\n\t<meta name=\"twitter:data1\" content=\"8 minuts\" \/>\n<script type=\"application\/ld+json\" class=\"yoast-schema-graph\">{\"@context\":\"https:\\\/\\\/schema.org\",\"@graph\":[{\"@type\":\"WebPage\",\"@id\":\"https:\\\/\\\/rpdetectives.com\\\/ca\\\/aviso-legal\\\/\",\"url\":\"https:\\\/\\\/rpdetectives.com\\\/ca\\\/aviso-legal\\\/\",\"name\":\"Av\u00eds Legal - RP Detectives Privados\",\"isPartOf\":{\"@id\":\"https:\\\/\\\/rpdetectives.com\\\/ca\\\/#website\"},\"datePublished\":\"2023-05-09T07:23:24+00:00\",\"dateModified\":\"2024-01-10T14:41:30+00:00\",\"breadcrumb\":{\"@id\":\"https:\\\/\\\/rpdetectives.com\\\/ca\\\/aviso-legal\\\/#breadcrumb\"},\"inLanguage\":\"ca\",\"potentialAction\":[{\"@type\":\"ReadAction\",\"target\":[\"https:\\\/\\\/rpdetectives.com\\\/ca\\\/aviso-legal\\\/\"]}]},{\"@type\":\"BreadcrumbList\",\"@id\":\"https:\\\/\\\/rpdetectives.com\\\/ca\\\/aviso-legal\\\/#breadcrumb\",\"itemListElement\":[{\"@type\":\"ListItem\",\"position\":1,\"name\":\"Home\",\"item\":\"https:\\\/\\\/rpdetectives.com\\\/ca\\\/inici\\\/\"},{\"@type\":\"ListItem\",\"position\":2,\"name\":\"Av\u00eds Legal\"}]},{\"@type\":\"WebSite\",\"@id\":\"https:\\\/\\\/rpdetectives.com\\\/ca\\\/#website\",\"url\":\"https:\\\/\\\/rpdetectives.com\\\/ca\\\/\",\"name\":\"RP Detectives Privados\",\"description\":\"Gabinete de investigaci\u00f3n privada, fue fundado en el a\u00f1o 1989, por los hermanos Roger y Pau FERRER CABRE.\",\"potentialAction\":[{\"@type\":\"SearchAction\",\"target\":{\"@type\":\"EntryPoint\",\"urlTemplate\":\"https:\\\/\\\/rpdetectives.com\\\/ca\\\/?s={search_term_string}\"},\"query-input\":{\"@type\":\"PropertyValueSpecification\",\"valueRequired\":true,\"valueName\":\"search_term_string\"}}],\"inLanguage\":\"ca\"}]}<\/script>\n<!-- \/ Yoast SEO plugin. -->","yoast_head_json":{"title":"Av\u00eds Legal - RP Detectives Privados","robots":{"index":"index","follow":"follow","max-snippet":"max-snippet:-1","max-image-preview":"max-image-preview:large","max-video-preview":"max-video-preview:-1"},"canonical":"https:\/\/rpdetectives.com\/ca\/aviso-legal\/","og_locale":"ca_ES","og_type":"article","og_title":"Av\u00eds Legal - RP Detectives Privados","og_description":"AVISO LEGAL &nbsp; Para dar cumplimiento al art\u00edculo 10 de la Ley 34\/2002 de Servicios de la Sociedad de la Informaci\u00f3n y del Comercio Electr\u00f3nico, informamos a los usuarios de nuestros datos: Denominaci\u00f3n Social: R&amp;P DETECTIVES S.L, tiene concedida la licencia n\u00fam. 473 del Ministerio del Interior y est\u00e1 colegiado con el n\u00famero 220 por [&hellip;]","og_url":"https:\/\/rpdetectives.com\/ca\/aviso-legal\/","og_site_name":"RP Detectives Privados","article_modified_time":"2024-01-10T14:41:30+00:00","twitter_card":"summary_large_image","twitter_misc":{"Temps estimat de lectura":"8 minuts"},"schema":{"@context":"https:\/\/schema.org","@graph":[{"@type":"WebPage","@id":"https:\/\/rpdetectives.com\/ca\/aviso-legal\/","url":"https:\/\/rpdetectives.com\/ca\/aviso-legal\/","name":"Av\u00eds Legal - RP Detectives Privados","isPartOf":{"@id":"https:\/\/rpdetectives.com\/ca\/#website"},"datePublished":"2023-05-09T07:23:24+00:00","dateModified":"2024-01-10T14:41:30+00:00","breadcrumb":{"@id":"https:\/\/rpdetectives.com\/ca\/aviso-legal\/#breadcrumb"},"inLanguage":"ca","potentialAction":[{"@type":"ReadAction","target":["https:\/\/rpdetectives.com\/ca\/aviso-legal\/"]}]},{"@type":"BreadcrumbList","@id":"https:\/\/rpdetectives.com\/ca\/aviso-legal\/#breadcrumb","itemListElement":[{"@type":"ListItem","position":1,"name":"Home","item":"https:\/\/rpdetectives.com\/ca\/inici\/"},{"@type":"ListItem","position":2,"name":"Av\u00eds Legal"}]},{"@type":"WebSite","@id":"https:\/\/rpdetectives.com\/ca\/#website","url":"https:\/\/rpdetectives.com\/ca\/","name":"RP Detectives Privados","description":"Gabinete de investigaci\u00f3n privada, fue fundado en el a\u00f1o 1989, por los hermanos Roger y Pau FERRER CABRE.","potentialAction":[{"@type":"SearchAction","target":{"@type":"EntryPoint","urlTemplate":"https:\/\/rpdetectives.com\/ca\/?s={search_term_string}"},"query-input":{"@type":"PropertyValueSpecification","valueRequired":true,"valueName":"search_term_string"}}],"inLanguage":"ca"}]}},"_links":{"self":[{"href":"https:\/\/rpdetectives.com\/ca\/wp-json\/wp\/v2\/pages\/3039","targetHints":{"allow":["GET"]}}],"collection":[{"href":"https:\/\/rpdetectives.com\/ca\/wp-json\/wp\/v2\/pages"}],"about":[{"href":"https:\/\/rpdetectives.com\/ca\/wp-json\/wp\/v2\/types\/page"}],"author":[{"embeddable":true,"href":"https:\/\/rpdetectives.com\/ca\/wp-json\/wp\/v2\/users\/1"}],"replies":[{"embeddable":true,"href":"https:\/\/rpdetectives.com\/ca\/wp-json\/wp\/v2\/comments?post=3039"}],"version-history":[{"count":1,"href":"https:\/\/rpdetectives.com\/ca\/wp-json\/wp\/v2\/pages\/3039\/revisions"}],"predecessor-version":[{"id":3060,"href":"https:\/\/rpdetectives.com\/ca\/wp-json\/wp\/v2\/pages\/3039\/revisions\/3060"}],"wp:attachment":[{"href":"https:\/\/rpdetectives.com\/ca\/wp-json\/wp\/v2\/media?parent=3039"}],"curies":[{"name":"wp","href":"https:\/\/api.w.org\/{rel}","templated":true}]}}