{"id":3142,"date":"2024-01-25T10:19:20","date_gmt":"2024-01-25T10:19:20","guid":{"rendered":"https:\/\/rpdetectives.com\/casos-de-exito\/"},"modified":"2024-08-07T11:52:26","modified_gmt":"2024-08-07T11:52:26","slug":"casos-exit","status":"publish","type":"page","link":"https:\/\/rpdetectives.com\/ca\/casos-exit\/","title":{"rendered":"Casos d&#8217;\u00e8xit"},"content":{"rendered":"\n<style type=\"text\/css\" data-created_by=\"avia_inline_auto\" id=\"style-css-av-70saed-333ddc009e111674a1fcbecfb98b7f3a\">\n.avia-section.av-70saed-333ddc009e111674a1fcbecfb98b7f3a{\nbackground-repeat:no-repeat;\nbackground-image:url(https:\/\/rpdetectives.com\/wp-content\/uploads\/2024\/01\/pexels-cottonbro-studio-8369521.jpg);\nbackground-position:50% 50%;\nbackground-attachment:fixed;\n}\n.avia-section.av-70saed-333ddc009e111674a1fcbecfb98b7f3a .av-section-color-overlay{\nopacity:0.4;\nbackground-color:#000000;\n}\n<\/style>\n<div id='av_section_1'  class='avia-section av-70saed-333ddc009e111674a1fcbecfb98b7f3a main_color avia-section-default avia-no-border-styling  avia-builder-el-0  el_before_av_one_full  avia-builder-el-first  avia-full-stretch avia-bg-style-fixed av-section-color-overlay-active av-minimum-height av-minimum-height-50 av-height-50  container_wrap fullsize'  data-section-bg-repeat='stretch' data-av_minimum_height_pc='50' data-av_min_height_opt='50'><div class=\"av-section-color-overlay-wrap\"><div class=\"av-section-color-overlay\"><\/div><div class='container av-section-cont-open' ><main  role=\"main\" itemprop=\"mainContentOfPage\"  class='template-page content  av-content-full alpha units'><div class='post-entry post-entry-type-page post-entry-3142'><div class='entry-content-wrapper clearfix'>\n<div  class='flex_column av-mrojp-6695011c388310aa0f437420f62a3f84 av_one_full  avia-builder-el-1  avia-builder-el-no-sibling  first flex_column_div  '     ><style type=\"text\/css\" data-created_by=\"avia_inline_auto\" id=\"style-css-av-lrt2a4gr-780ed7f12997457e0c2e08684c599f7b\">\n#top .av-special-heading.av-lrt2a4gr-780ed7f12997457e0c2e08684c599f7b{\npadding-bottom:10px;\ncolor:#ffffff;\n}\nbody .av-special-heading.av-lrt2a4gr-780ed7f12997457e0c2e08684c599f7b .av-special-heading-tag .heading-char{\nfont-size:25px;\n}\n.av-special-heading.av-lrt2a4gr-780ed7f12997457e0c2e08684c599f7b .special-heading-inner-border{\nborder-color:#ffffff;\n}\n.av-special-heading.av-lrt2a4gr-780ed7f12997457e0c2e08684c599f7b .av-subheading{\nfont-size:15px;\n}\n<\/style>\n<div  class='av-special-heading av-lrt2a4gr-780ed7f12997457e0c2e08684c599f7b av-special-heading-h1 custom-color-heading blockquote modern-quote modern-centered  avia-builder-el-2  avia-builder-el-no-sibling '><h1 class='av-special-heading-tag '  itemprop=\"headline\"  >Casos d\u2019\u00e8xit<\/h1><div class='av_custom_color av-subheading av-subheading_below'><p>En el nostre comprom\u00eds per oferir solucions efectives als nostres clients, estem orgullosos de compartir una selecci\u00f3 de casos d&#8217;\u00e8xit que destaquen com els nostres detectius han resolt.<\/p>\n<\/div><div class=\"special-heading-border\"><div class=\"special-heading-inner-border\"><\/div><\/div><\/div><\/div><\/div><\/div><\/main><!-- close content main element --><\/div><\/div><\/div><div id='after_section_1'  class='main_color av_default_container_wrap container_wrap fullsize'  ><div class='container av-section-cont-open' ><div class='template-page content  av-content-full alpha units'><div class='post-entry post-entry-type-page post-entry-3142'><div class='entry-content-wrapper clearfix'><div  class='flex_column av-42m9t1-9a97e73a6e9ddde256948790bd2b5545 av_one_full  avia-builder-el-3  el_after_av_section  avia-builder-el-no-sibling  first flex_column_div  '     ><div  id=\"av-sc-portfolio-1\"  class=\"av-portfolio-grid-sorting-container\"><div class='sort_width_container  av-sort-yes' data-portfolio-id='1' ><div id='js_sort_items' ><div class='sort_by_cat hidden'><a href=\"#\" data-filter=\"all_sort\" class=\"all_sort_button active_sort\"><span class=\"inner_sort_button\"><span>All<\/span><small class=\"av-cat-count\"> 9 <\/small><\/span><\/a><\/div><\/div><\/div><div  class=' grid-sort-container isotope   no_margin-container with-title-container grid-total-odd grid-col-4 grid-links-' data-portfolio-id='1'><div data-ajax-id='3347' class=' grid-entry flex_column isotope-item all_sort no_margin post-entry post-entry-3347 grid-entry-overview grid-loop-1 grid-parity-odd   av_one_fourth first default_av_fullwidth '><article class='main_color inner-entry'  itemscope=\"itemscope\" itemtype=\"https:\/\/schema.org\/CreativeWork\" ><a href=\"https:\/\/rpdetectives.com\/ca\/portfolio-item\/detectives-tecnologica-valencia\/\" title='Detectius aturen fuga d\u2019informaci\u00f3 confidencial d&#8217;una empresa tecnol\u00f2gica a Val\u00e8ncia'  data-rel='grid-1' class='grid-image avia-hover-fx'> <img decoding=\"async\" fetchpriority=\"high\" width=\"260\" height=\"185\" src=\"https:\/\/rpdetectives.com\/wp-content\/uploads\/2025\/04\/pexels-kevin-ku-92347-577585-260x185.jpg\" class=\"wp-image-3340 avia-img-lazy-loading-not-3340 attachment-portfolio_small size-portfolio_small wp-post-image\" alt=\"\" \/><\/a><div class='grid-content'><div class='avia-arrow'><\/div><header class=\"entry-content-header\"><h3 class='grid-entry-title entry-title '  itemprop=\"headline\" ><a href='https:\/\/rpdetectives.com\/ca\/portfolio-item\/detectives-tecnologica-valencia\/' title='Detectius aturen fuga d\u2019informaci\u00f3 confidencial d&#8217;una empresa tecnol\u00f2gica a Val\u00e8ncia'>Detectius aturen fuga d\u2019informaci\u00f3 confidencial d&#8217;una empresa tecnol\u00f2gica a Val\u00e8ncia<\/a><\/h3><\/header><\/div><footer class=\"entry-footer\"><\/footer><\/article><\/div><div data-ajax-id='3326' class=' grid-entry flex_column isotope-item all_sort no_margin post-entry post-entry-3326 grid-entry-overview grid-loop-2 grid-parity-even   av_one_fourth  default_av_fullwidth '><article class='main_color inner-entry'  itemscope=\"itemscope\" itemtype=\"https:\/\/schema.org\/CreativeWork\" ><a href=\"https:\/\/rpdetectives.com\/ca\/portfolio-item\/detectiuprivat-accidenttrafic-arago\/\" title='Detectiu privat destapa frau en accident de tr\u00e0fic en Arag\u00f3'  data-rel='grid-1' class='grid-image avia-hover-fx'> <img decoding=\"async\" fetchpriority=\"high\" width=\"260\" height=\"185\" src=\"https:\/\/rpdetectives.com\/wp-content\/uploads\/2025\/04\/pexels-mikebirdy-11985249-260x185.jpg\" class=\"wp-image-3319 avia-img-lazy-loading-not-3319 attachment-portfolio_small size-portfolio_small wp-post-image\" alt=\"\" \/><\/a><div class='grid-content'><div class='avia-arrow'><\/div><header class=\"entry-content-header\"><h3 class='grid-entry-title entry-title '  itemprop=\"headline\" ><a href='https:\/\/rpdetectives.com\/ca\/portfolio-item\/detectiuprivat-accidenttrafic-arago\/' title='Detectiu privat destapa frau en accident de tr\u00e0fic en Arag\u00f3'>Detectiu privat destapa frau en accident de tr\u00e0fic en Arag\u00f3<\/a><\/h3><\/header><\/div><footer class=\"entry-footer\"><\/footer><\/article><\/div><div data-ajax-id='3300' class=' grid-entry flex_column isotope-item all_sort no_margin post-entry post-entry-3300 grid-entry-overview grid-loop-3 grid-parity-odd   av_one_fourth  default_av_fullwidth '><article class='main_color inner-entry'  itemscope=\"itemscope\" itemtype=\"https:\/\/schema.org\/CreativeWork\" ><a href=\"https:\/\/rpdetectives.com\/ca\/portfolio-item\/infidelitat-detectiu-granollers\/\" title='Infidelitat en el matrimoni descoberta pel nostre detectiu a Granollers'  data-rel='grid-1' class='grid-image avia-hover-fx'> <img decoding=\"async\" fetchpriority=\"high\" width=\"260\" height=\"185\" src=\"https:\/\/rpdetectives.com\/wp-content\/uploads\/2024\/10\/Imagen-de-WhatsApp-2024-10-16-a-las-12.24.56_5a85e69e-260x185.jpg\" class=\"wp-image-3290 avia-img-lazy-loading-not-3290 attachment-portfolio_small size-portfolio_small wp-post-image\" alt=\"\" \/><\/a><div class='grid-content'><div class='avia-arrow'><\/div><header class=\"entry-content-header\"><h3 class='grid-entry-title entry-title '  itemprop=\"headline\" ><a href='https:\/\/rpdetectives.com\/ca\/portfolio-item\/infidelitat-detectiu-granollers\/' title='Infidelitat en el matrimoni descoberta pel nostre detectiu a Granollers'>Infidelitat en el matrimoni descoberta pel nostre detectiu a Granollers<\/a><\/h3><\/header><\/div><footer class=\"entry-footer\"><\/footer><\/article><\/div><div data-ajax-id='3276' class=' grid-entry flex_column isotope-item all_sort no_margin post-entry post-entry-3276 grid-entry-overview grid-loop-4 grid-parity-even   av_one_fourth  default_av_fullwidth '><article class='main_color inner-entry'  itemscope=\"itemscope\" itemtype=\"https:\/\/schema.org\/CreativeWork\" ><a href=\"https:\/\/rpdetectives.com\/ca\/portfolio-item\/baixa-laboral-fraudulenta-detectiu-privat-barcelona\/\" title='Baixa laboral fraudulenta resolta per un detectiu privat a Barcelona'  data-rel='grid-1' class='grid-image avia-hover-fx'> <img decoding=\"async\" fetchpriority=\"high\" width=\"260\" height=\"185\" src=\"https:\/\/rpdetectives.com\/wp-content\/uploads\/2024\/09\/pexels-photo-263402-260x185.jpeg\" class=\"wp-image-3272 avia-img-lazy-loading-not-3272 attachment-portfolio_small size-portfolio_small wp-post-image\" alt=\"\" \/><\/a><div class='grid-content'><div class='avia-arrow'><\/div><header class=\"entry-content-header\"><h3 class='grid-entry-title entry-title '  itemprop=\"headline\" ><a href='https:\/\/rpdetectives.com\/ca\/portfolio-item\/baixa-laboral-fraudulenta-detectiu-privat-barcelona\/' title='Baixa laboral fraudulenta resolta per un detectiu privat a Barcelona'>Baixa laboral fraudulenta resolta per un detectiu privat a Barcelona<\/a><\/h3><\/header><\/div><footer class=\"entry-footer\"><\/footer><\/article><\/div><div data-ajax-id='3246' class=' grid-entry flex_column isotope-item all_sort no_margin post-entry post-entry-3246 grid-entry-overview grid-loop-5 grid-parity-odd   av_one_fourth first default_av_fullwidth '><article class='main_color inner-entry'  itemscope=\"itemscope\" itemtype=\"https:\/\/schema.org\/CreativeWork\" ><a href=\"https:\/\/rpdetectives.com\/ca\/portfolio-item\/detectiu-accident-indemnizacio-terrassa\/\" title='Detectiu descobreix un frau d&#8217;indemnitzaci\u00f3 per accident de tr\u00e0nsit a Terrassa'  data-rel='grid-1' class='grid-image avia-hover-fx'> <img decoding=\"async\" fetchpriority=\"high\" width=\"260\" height=\"185\" src=\"https:\/\/rpdetectives.com\/wp-content\/uploads\/2024\/09\/car-accident-1660670_1280-260x185.jpg\" class=\"wp-image-3242 avia-img-lazy-loading-not-3242 attachment-portfolio_small size-portfolio_small wp-post-image\" alt=\"\" \/><\/a><div class='grid-content'><div class='avia-arrow'><\/div><header class=\"entry-content-header\"><h3 class='grid-entry-title entry-title '  itemprop=\"headline\" ><a href='https:\/\/rpdetectives.com\/ca\/portfolio-item\/detectiu-accident-indemnizacio-terrassa\/' title='Detectiu descobreix un frau d&#8217;indemnitzaci\u00f3 per accident de tr\u00e0nsit a Terrassa'>Detectiu descobreix un frau d&#8217;indemnitzaci\u00f3 per accident de tr\u00e0nsit a Terrassa<\/a><\/h3><\/header><\/div><footer class=\"entry-footer\"><\/footer><\/article><\/div><div data-ajax-id='3204' class=' grid-entry flex_column isotope-item all_sort no_margin post-entry post-entry-3204 grid-entry-overview grid-loop-6 grid-parity-even   av_one_fourth  default_av_fullwidth '><article class='main_color inner-entry'  itemscope=\"itemscope\" itemtype=\"https:\/\/schema.org\/CreativeWork\" ><a href=\"https:\/\/rpdetectives.com\/ca\/portfolio-item\/subarrendament-immoble-girona-detectiu\/\" title='Detectiu descobreix subarrendament fraudulent en un immoble de Girona'  data-rel='grid-1' class='grid-image avia-hover-fx'> <img decoding=\"async\" fetchpriority=\"high\" width=\"260\" height=\"185\" src=\"https:\/\/rpdetectives.com\/wp-content\/uploads\/2024\/07\/pexels-zachtheshoota-24742987-260x185.jpg\" class=\"wp-image-3195 avia-img-lazy-loading-not-3195 attachment-portfolio_small size-portfolio_small wp-post-image\" alt=\"\" \/><\/a><div class='grid-content'><div class='avia-arrow'><\/div><header class=\"entry-content-header\"><h3 class='grid-entry-title entry-title '  itemprop=\"headline\" ><a href='https:\/\/rpdetectives.com\/ca\/portfolio-item\/subarrendament-immoble-girona-detectiu\/' title='Detectiu descobreix subarrendament fraudulent en un immoble de Girona'>Detectiu descobreix subarrendament fraudulent en un immoble de Girona<\/a><\/h3><\/header><\/div><footer class=\"entry-footer\"><\/footer><\/article><\/div><div data-ajax-id='3226' class=' grid-entry flex_column isotope-item all_sort no_margin post-entry post-entry-3226 grid-entry-overview grid-loop-7 grid-parity-odd   av_one_fourth  default_av_fullwidth '><article class='main_color inner-entry'  itemscope=\"itemscope\" itemtype=\"https:\/\/schema.org\/CreativeWork\" ><a href=\"https:\/\/rpdetectives.com\/ca\/portfolio-item\/detectiu-jutge-pensio-alimentaria\/\" title='Serveis de detectiu com a prova fefaent davant de jutge en un cas de pensi\u00f3 aliment\u00e0ria.'  data-rel='grid-1' class='grid-image avia-hover-fx'> <img decoding=\"async\" fetchpriority=\"high\" width=\"260\" height=\"185\" src=\"https:\/\/rpdetectives.com\/wp-content\/uploads\/2024\/04\/pexels-photo-259027-260x185.jpeg\" class=\"wp-image-3169 avia-img-lazy-loading-not-3169 attachment-portfolio_small size-portfolio_small wp-post-image\" alt=\"\" \/><\/a><div class='grid-content'><div class='avia-arrow'><\/div><header class=\"entry-content-header\"><h3 class='grid-entry-title entry-title '  itemprop=\"headline\" ><a href='https:\/\/rpdetectives.com\/ca\/portfolio-item\/detectiu-jutge-pensio-alimentaria\/' title='Serveis de detectiu com a prova fefaent davant de jutge en un cas de pensi\u00f3 aliment\u00e0ria.'>Serveis de detectiu com a prova fefaent davant de jutge en un cas de pensi\u00f3 aliment\u00e0ria.<\/a><\/h3><\/header><\/div><footer class=\"entry-footer\"><\/footer><\/article><\/div><div data-ajax-id='3216' class=' grid-entry flex_column isotope-item all_sort no_margin post-entry post-entry-3216 grid-entry-overview grid-loop-8 grid-parity-even   av_one_fourth  default_av_fullwidth '><article class='main_color inner-entry'  itemscope=\"itemscope\" itemtype=\"https:\/\/schema.org\/CreativeWork\" ><a href=\"https:\/\/rpdetectives.com\/ca\/portfolio-item\/detectiu-falsedat-sinistre\/\" title='Detectiu Privat Resol Cas de Falsedat en un Sinistre Vehicular a Sabadell'  data-rel='grid-1' class='grid-image avia-hover-fx'> <img decoding=\"async\" fetchpriority=\"high\" width=\"260\" height=\"185\" src=\"https:\/\/rpdetectives.com\/wp-content\/uploads\/2024\/04\/istockphoto-525489094-170667a-260x185.webp\" class=\"wp-image-3155 avia-img-lazy-loading-not-3155 attachment-portfolio_small size-portfolio_small wp-post-image\" alt=\"\" \/><\/a><div class='grid-content'><div class='avia-arrow'><\/div><header class=\"entry-content-header\"><h3 class='grid-entry-title entry-title '  itemprop=\"headline\" ><a href='https:\/\/rpdetectives.com\/ca\/portfolio-item\/detectiu-falsedat-sinistre\/' title='Detectiu Privat Resol Cas de Falsedat en un Sinistre Vehicular a Sabadell'>Detectiu Privat Resol Cas de Falsedat en un Sinistre Vehicular a Sabadell<\/a><\/h3><\/header><\/div><footer class=\"entry-footer\"><\/footer><\/article><\/div><div data-ajax-id='3102' class=' grid-entry flex_column isotope-item all_sort no_margin post-entry post-entry-3102 grid-entry-overview grid-loop-9 grid-parity-odd  post-entry-last   av_one_fourth first default_av_fullwidth '><article class='main_color inner-entry'  itemscope=\"itemscope\" itemtype=\"https:\/\/schema.org\/CreativeWork\" ><a href=\"https:\/\/rpdetectives.com\/ca\/portfolio-item\/falses-baixes-laborals-catalunya\/\" title='Detectiu privat resol cas de baixa laboral fraudulenta'  data-rel='grid-1' class='grid-image avia-hover-fx'> <img decoding=\"async\" fetchpriority=\"high\" width=\"260\" height=\"185\" src=\"https:\/\/rpdetectives.com\/wp-content\/uploads\/2024\/01\/pexels-cottonbro-studio-8369521-260x185.jpg\" class=\"wp-image-3073 avia-img-lazy-loading-not-3073 attachment-portfolio_small size-portfolio_small wp-post-image\" alt=\"\" \/><\/a><div class='grid-content'><div class='avia-arrow'><\/div><header class=\"entry-content-header\"><h3 class='grid-entry-title entry-title '  itemprop=\"headline\" ><a href='https:\/\/rpdetectives.com\/ca\/portfolio-item\/falses-baixes-laborals-catalunya\/' title='Detectiu privat resol cas de baixa laboral fraudulenta'>Detectiu privat resol cas de baixa laboral fraudulenta<\/a><\/h3><\/header><\/div><footer class=\"entry-footer\"><\/footer><\/article><\/div><\/div><\/div>   <!--   class=\"av-portfolio-grid-sorting-container\"  --><\/div><\/p>\n","protected":false},"excerpt":{"rendered":"","protected":false},"author":1,"featured_media":0,"parent":0,"menu_order":0,"comment_status":"closed","ping_status":"closed","template":"","meta":{"footnotes":""},"class_list":["post-3142","page","type-page","status-publish","hentry"],"yoast_head":"<!-- This site is optimized with the Yoast SEO plugin v27.4 - https:\/\/yoast.com\/product\/yoast-seo-wordpress\/ -->\n<title>Casos d&#039;\u00e8xit - RP Detectives Privados<\/title>\n<meta name=\"robots\" content=\"index, follow, max-snippet:-1, max-image-preview:large, max-video-preview:-1\" \/>\n<link rel=\"canonical\" href=\"https:\/\/rpdetectives.com\/ca\/casos-exit\/\" \/>\n<meta property=\"og:locale\" content=\"ca_ES\" \/>\n<meta property=\"og:type\" content=\"article\" \/>\n<meta property=\"og:title\" content=\"Casos d&#039;\u00e8xit - RP Detectives Privados\" \/>\n<meta property=\"og:url\" content=\"https:\/\/rpdetectives.com\/ca\/casos-exit\/\" \/>\n<meta property=\"og:site_name\" content=\"RP Detectives Privados\" \/>\n<meta property=\"article:modified_time\" content=\"2024-08-07T11:52:26+00:00\" \/>\n<meta name=\"twitter:card\" content=\"summary_large_image\" \/>\n<meta name=\"twitter:label1\" content=\"Temps estimat de lectura\" \/>\n\t<meta name=\"twitter:data1\" content=\"2 minuts\" \/>\n<script type=\"application\/ld+json\" class=\"yoast-schema-graph\">{\"@context\":\"https:\\\/\\\/schema.org\",\"@graph\":[{\"@type\":\"WebPage\",\"@id\":\"https:\\\/\\\/rpdetectives.com\\\/ca\\\/casos-exit\\\/\",\"url\":\"https:\\\/\\\/rpdetectives.com\\\/ca\\\/casos-exit\\\/\",\"name\":\"Casos d'\u00e8xit - RP Detectives Privados\",\"isPartOf\":{\"@id\":\"https:\\\/\\\/rpdetectives.com\\\/ca\\\/#website\"},\"datePublished\":\"2024-01-25T10:19:20+00:00\",\"dateModified\":\"2024-08-07T11:52:26+00:00\",\"breadcrumb\":{\"@id\":\"https:\\\/\\\/rpdetectives.com\\\/ca\\\/casos-exit\\\/#breadcrumb\"},\"inLanguage\":\"ca\",\"potentialAction\":[{\"@type\":\"ReadAction\",\"target\":[\"https:\\\/\\\/rpdetectives.com\\\/ca\\\/casos-exit\\\/\"]}]},{\"@type\":\"BreadcrumbList\",\"@id\":\"https:\\\/\\\/rpdetectives.com\\\/ca\\\/casos-exit\\\/#breadcrumb\",\"itemListElement\":[{\"@type\":\"ListItem\",\"position\":1,\"name\":\"Home\",\"item\":\"https:\\\/\\\/rpdetectives.com\\\/ca\\\/inici\\\/\"},{\"@type\":\"ListItem\",\"position\":2,\"name\":\"Casos d&#8217;\u00e8xit\"}]},{\"@type\":\"WebSite\",\"@id\":\"https:\\\/\\\/rpdetectives.com\\\/ca\\\/#website\",\"url\":\"https:\\\/\\\/rpdetectives.com\\\/ca\\\/\",\"name\":\"RP Detectives Privados\",\"description\":\"Gabinete de investigaci\u00f3n privada, fue fundado en el a\u00f1o 1989, por los hermanos Roger y Pau FERRER CABRE.\",\"potentialAction\":[{\"@type\":\"SearchAction\",\"target\":{\"@type\":\"EntryPoint\",\"urlTemplate\":\"https:\\\/\\\/rpdetectives.com\\\/ca\\\/?s={search_term_string}\"},\"query-input\":{\"@type\":\"PropertyValueSpecification\",\"valueRequired\":true,\"valueName\":\"search_term_string\"}}],\"inLanguage\":\"ca\"}]}<\/script>\n<!-- \/ Yoast SEO plugin. -->","yoast_head_json":{"title":"Casos d'\u00e8xit - RP Detectives Privados","robots":{"index":"index","follow":"follow","max-snippet":"max-snippet:-1","max-image-preview":"max-image-preview:large","max-video-preview":"max-video-preview:-1"},"canonical":"https:\/\/rpdetectives.com\/ca\/casos-exit\/","og_locale":"ca_ES","og_type":"article","og_title":"Casos d'\u00e8xit - RP Detectives Privados","og_url":"https:\/\/rpdetectives.com\/ca\/casos-exit\/","og_site_name":"RP Detectives Privados","article_modified_time":"2024-08-07T11:52:26+00:00","twitter_card":"summary_large_image","twitter_misc":{"Temps estimat de lectura":"2 minuts"},"schema":{"@context":"https:\/\/schema.org","@graph":[{"@type":"WebPage","@id":"https:\/\/rpdetectives.com\/ca\/casos-exit\/","url":"https:\/\/rpdetectives.com\/ca\/casos-exit\/","name":"Casos d'\u00e8xit - RP Detectives Privados","isPartOf":{"@id":"https:\/\/rpdetectives.com\/ca\/#website"},"datePublished":"2024-01-25T10:19:20+00:00","dateModified":"2024-08-07T11:52:26+00:00","breadcrumb":{"@id":"https:\/\/rpdetectives.com\/ca\/casos-exit\/#breadcrumb"},"inLanguage":"ca","potentialAction":[{"@type":"ReadAction","target":["https:\/\/rpdetectives.com\/ca\/casos-exit\/"]}]},{"@type":"BreadcrumbList","@id":"https:\/\/rpdetectives.com\/ca\/casos-exit\/#breadcrumb","itemListElement":[{"@type":"ListItem","position":1,"name":"Home","item":"https:\/\/rpdetectives.com\/ca\/inici\/"},{"@type":"ListItem","position":2,"name":"Casos d&#8217;\u00e8xit"}]},{"@type":"WebSite","@id":"https:\/\/rpdetectives.com\/ca\/#website","url":"https:\/\/rpdetectives.com\/ca\/","name":"RP Detectives Privados","description":"Gabinete de investigaci\u00f3n privada, fue fundado en el a\u00f1o 1989, por los hermanos Roger y Pau FERRER CABRE.","potentialAction":[{"@type":"SearchAction","target":{"@type":"EntryPoint","urlTemplate":"https:\/\/rpdetectives.com\/ca\/?s={search_term_string}"},"query-input":{"@type":"PropertyValueSpecification","valueRequired":true,"valueName":"search_term_string"}}],"inLanguage":"ca"}]}},"_links":{"self":[{"href":"https:\/\/rpdetectives.com\/ca\/wp-json\/wp\/v2\/pages\/3142","targetHints":{"allow":["GET"]}}],"collection":[{"href":"https:\/\/rpdetectives.com\/ca\/wp-json\/wp\/v2\/pages"}],"about":[{"href":"https:\/\/rpdetectives.com\/ca\/wp-json\/wp\/v2\/types\/page"}],"author":[{"embeddable":true,"href":"https:\/\/rpdetectives.com\/ca\/wp-json\/wp\/v2\/users\/1"}],"replies":[{"embeddable":true,"href":"https:\/\/rpdetectives.com\/ca\/wp-json\/wp\/v2\/comments?post=3142"}],"version-history":[{"count":1,"href":"https:\/\/rpdetectives.com\/ca\/wp-json\/wp\/v2\/pages\/3142\/revisions"}],"predecessor-version":[{"id":3234,"href":"https:\/\/rpdetectives.com\/ca\/wp-json\/wp\/v2\/pages\/3142\/revisions\/3234"}],"wp:attachment":[{"href":"https:\/\/rpdetectives.com\/ca\/wp-json\/wp\/v2\/media?parent=3142"}],"curies":[{"name":"wp","href":"https:\/\/api.w.org\/{rel}","templated":true}]}}